{"id":47214,"date":"2024-10-21T17:00:58","date_gmt":"2024-10-21T15:00:58","guid":{"rendered":"https:\/\/re-uz.com\/produit\/glas-a-vin-oenologie\/"},"modified":"2024-10-21T17:00:58","modified_gmt":"2024-10-21T15:00:58","slug":"glas-a-vin-oenologie","status":"publish","type":"product","link":"https:\/\/re-uz.com\/de\/produkt\/glas-a-vin-oenologie\/","title":{"rendered":"Unzerbrechliches transparentes Weinglas 45 cl | \u0152NOLOGIE PRESTIGE"},"content":{"rendered":"\t\t<div data-elementor-type=\"section\" data-elementor-id=\"47178\" class=\"elementor elementor-47178 elementor-46319\" data-elementor-post-type=\"elementor_library\">\n\t\t\t\t\t<section class=\"elementor-section elementor-top-section elementor-element elementor-element-373b085 elementor-section-boxed elementor-section-height-default elementor-section-height-default\" data-id=\"373b085\" data-element_type=\"section\">\n\t\t\t\t\t\t<div class=\"elementor-container elementor-column-gap-default\">\n\t\t\t\t\t<div class=\"elementor-column elementor-col-100 elementor-top-column elementor-element elementor-element-0773a86\" data-id=\"0773a86\" data-element_type=\"column\" data-settings=\"{&quot;motion_fx_motion_fx_scrolling&quot;:&quot;yes&quot;,&quot;motion_fx_devices&quot;:[&quot;desktop&quot;,&quot;tablet&quot;,&quot;mobile&quot;]}\">\n\t\t\t<div class=\"elementor-widget-wrap elementor-element-populated\">\n\t\t\t\t\t\t<div class=\"elementor-element elementor-element-cab8d9f elementor-widget elementor-widget-heading\" data-id=\"cab8d9f\" data-element_type=\"widget\" data-widget_type=\"heading.default\">\n\t\t\t\t<div class=\"elementor-widget-container\">\n\t\t\t\t\t<h2 class=\"elementor-heading-title elementor-size-default\">Das <span style=\"color:#ebb937\">Weinglas \u00d6nologie<\/span>: die <span style=\"color:#ebb937\">umweltbewusste<\/span> Wahl f\u00fcr Profis<\/h2>\t\t\t\t<\/div>\n\t\t\t\t<\/div>\n\t\t\t\t<div class=\"elementor-element elementor-element-786c4d6 elementor-widget elementor-widget-text-editor\" data-id=\"786c4d6\" data-element_type=\"widget\" data-widget_type=\"text-editor.default\">\n\t\t\t\t<div class=\"elementor-widget-container\">\n\t\t\t\t\t\t\t\t\t<p>Bei der Entwicklung des <strong>Weinglases<\/strong> \u0152nologie hat sich Re-uz <sup>\u00ae<\/sup> daf\u00fcr entschieden, normalerweise gegens\u00e4tzliche Eigenschaften zu kombinieren, um den Bed\u00fcrfnissen der Profis gerecht zu werden. Transparenz und Widerstandsf\u00e4higkeit, Eleganz und Haltbarkeit, Leichtigkeit und St\u00e4rke&#8230; so viele kontrastierende Eigenschaften, die zusammenkommen, um ein \u00e4sthetisches und funktionelles <strong>Glas<\/strong> zu schaffen. <\/p>\n<p>Entdecken Sie die Besonderheiten dieses <strong>umweltfreundlichen Stielglases<\/strong>, das eine stilvolle Erg\u00e4nzung zu jeder Pr\u00e4sentation darstellt.<\/p>\n\t\t\t\t\t\t\t\t<\/div>\n\t\t\t\t<\/div>\n\t\t\t\t\t<\/div>\n\t\t<\/div>\n\t\t\t\t\t<\/div>\n\t\t<\/section>\n\t\t<div class=\"elementor-element elementor-element-da0f171 e-flex e-con-boxed e-con e-parent\" data-id=\"da0f171\" data-element_type=\"container\">\n\t\t\t\t\t<div class=\"e-con-inner\">\n\t\t<div class=\"elementor-element elementor-element-10f147c e-flex e-con-boxed e-con e-child\" data-id=\"10f147c\" data-element_type=\"container\">\n\t\t\t\t\t<div class=\"e-con-inner\">\n\t\t\t\t<div class=\"elementor-element elementor-element-f05fac7 elementor-widget-divider--view-line elementor-widget elementor-widget-divider\" data-id=\"f05fac7\" data-element_type=\"widget\" data-widget_type=\"divider.default\">\n\t\t\t\t<div class=\"elementor-widget-container\">\n\t\t\t\t\t\t\t<div class=\"elementor-divider\">\n\t\t\t<span class=\"elementor-divider-separator\">\n\t\t\t\t\t\t<\/span>\n\t\t<\/div>\n\t\t\t\t\t\t<\/div>\n\t\t\t\t<\/div>\n\t\t\t\t\t<\/div>\n\t\t\t\t<\/div>\n\t\t\t\t\t<\/div>\n\t\t\t\t<\/div>\n\t\t<div class=\"elementor-element elementor-element-5a351d3 e-flex e-con-boxed e-con e-parent\" data-id=\"5a351d3\" data-element_type=\"container\">\n\t\t\t\t\t<div class=\"e-con-inner\">\n\t\t<div class=\"elementor-element elementor-element-902b71f e-con-full e-flex e-con e-child\" data-id=\"902b71f\" data-element_type=\"container\">\n\t\t\t\t<div class=\"elementor-element elementor-element-08d1958 elementor-widget elementor-widget-heading\" data-id=\"08d1958\" data-element_type=\"widget\" data-widget_type=\"heading.default\">\n\t\t\t\t<div class=\"elementor-widget-container\">\n\t\t\t\t\t<h3 class=\"elementor-heading-title elementor-size-default\">Ein innovatives <span style=\"color:#ebb937\">Weinglas<\/span>, das den Service und die <span style=\"color:#ebb937\">Verkostung <\/span> ver\u00e4ndert <\/h3>\t\t\t\t<\/div>\n\t\t\t\t<\/div>\n\t\t\t\t<div class=\"elementor-element elementor-element-1e55710 elementor-widget elementor-widget-text-editor\" data-id=\"1e55710\" data-element_type=\"widget\" data-widget_type=\"text-editor.default\">\n\t\t\t\t<div class=\"elementor-widget-container\">\n\t\t\t\t\t\t\t\t\t<p>Das <strong>Weinglas \u0152nologie<\/strong> von Re-uz <sup>\u00ae<\/sup> zeichnet sich bereits bei der Konzeption durch die Wahl des Materials Tritan aus. Es ist ein innovatives Material, das den Beh\u00e4ltern eine kristallklare Transparenz in Verbindung mit einer au\u00dfergew\u00f6hnlichen Widerstandsf\u00e4higkeit verleiht. Dieses gl\u00e4nzende <strong>Glas mit Stiel<\/strong> ist unzerbrechlich, so dass es weder im Speisesaal noch in der K\u00fcche ein Risiko darstellt.  <\/p>\n<p>Die Fachleute im Gastgewerbe <a href=\"https:\/\/re-uz.com\/de\/restauration-take-away\/\"><strong>Verpflegung<\/strong><\/a> und der Gastronomie<a href=\"https:\/\/re-uz.com\/de\/veranstaltungen\/\"><strong>Veranstaltungen<\/strong><\/a> sch\u00e4tzen seine praktische und \u00e4sthetische Seite. Es ist ein <strong>sehr widerstandsf\u00e4higes Weinglas<\/strong>, das Sie ohne Bedenken handhaben k\u00f6nnen, w\u00e4hrend es gleichzeitig ein zartes Aussehen bewahrt. So wird das Erlebnis der G\u00e4ste in keiner Weise beeintr\u00e4chtigt. Im Gegenteil, sie wird noch verbessert, da sie Leichtigkeit und Komfort bei der Handhabung und beim Verkosten entdecken.   <\/p>\n\t\t\t\t\t\t\t\t<\/div>\n\t\t\t\t<\/div>\n\t\t\t\t<\/div>\n\t\t<div class=\"elementor-element elementor-element-f1acb7c e-con-full e-flex e-con e-child\" data-id=\"f1acb7c\" data-element_type=\"container\" data-settings=\"{&quot;background_background&quot;:&quot;classic&quot;}\">\n\t\t\t\t<div class=\"elementor-element elementor-element-e6f8e61 elementor-widget elementor-widget-image\" data-id=\"e6f8e61\" data-element_type=\"widget\" data-widget_type=\"image.default\">\n\t\t\t\t<div class=\"elementor-widget-container\">\n\t\t\t\t\t\t\t\t\t\t\t\t\t\t\t<img fetchpriority=\"high\" decoding=\"async\" width=\"500\" height=\"500\" src=\"https:\/\/re-uz.com\/wp-content\/uploads\/2024\/10\/verre-a-vin-incassable.jpg\" class=\"attachment-2048x2048 size-2048x2048 wp-image-46331\" alt=\"Unzerbrechliches transparentes Weinglas by Re-uz\" srcset=\"https:\/\/re-uz.com\/wp-content\/uploads\/2024\/10\/verre-a-vin-incassable.jpg 500w, https:\/\/re-uz.com\/wp-content\/uploads\/2024\/10\/verre-a-vin-incassable-300x300.jpg 300w, https:\/\/re-uz.com\/wp-content\/uploads\/2024\/10\/verre-a-vin-incassable-150x150.jpg 150w, https:\/\/re-uz.com\/wp-content\/uploads\/2024\/10\/verre-a-vin-incassable-100x100.jpg 100w\" sizes=\"(max-width: 500px) 100vw, 500px\" \/>\t\t\t\t\t\t\t\t\t\t\t\t\t\t\t<\/div>\n\t\t\t\t<\/div>\n\t\t\t\t<\/div>\n\t\t\t\t\t<\/div>\n\t\t\t\t<\/div>\n\t\t<div class=\"elementor-element elementor-element-7e3a2cb e-flex e-con-boxed e-con e-parent\" data-id=\"7e3a2cb\" data-element_type=\"container\">\n\t\t\t\t\t<div class=\"e-con-inner\">\n\t\t<div class=\"elementor-element elementor-element-8cf17a4 e-con-full e-flex e-con e-child\" data-id=\"8cf17a4\" data-element_type=\"container\">\n\t\t\t\t<div class=\"elementor-element elementor-element-075601e elementor-widget elementor-widget-heading\" data-id=\"075601e\" data-element_type=\"widget\" data-widget_type=\"heading.default\">\n\t\t\t\t<div class=\"elementor-widget-container\">\n\t\t\t\t\t<h3 class=\"elementor-heading-title elementor-size-default\"><span style=\"color:#ebb937\">Glas \u00d6nologie<\/span>: Ein <span style=\"color:#ebb937\">\u00f6kologisch gestaltetes Stielglas<\/span> f\u00fcr die Ewigkeit<\/h3>\t\t\t\t<\/div>\n\t\t\t\t<\/div>\n\t\t\t\t<div class=\"elementor-element elementor-element-c5eb949 elementor-widget elementor-widget-text-editor\" data-id=\"c5eb949\" data-element_type=\"widget\" data-widget_type=\"text-editor.default\">\n\t\t\t\t<div class=\"elementor-widget-container\">\n\t\t\t\t\t\t\t\t\t<p>Das <strong>Weinglas \u0152nologie von Re-uz <sup>\u00ae<\/sup><\/strong> ist umweltfreundlich. <a href=\"https:\/\/re-uz.com\/de\/okodesign-fertigung\/\"><strong>\u00d6ko-Design<\/strong><\/a> Es ist so konzipiert, dass es von der Herstellung bis zum Ende seiner Lebensdauer einen geringen Einfluss hat. Es<strong> ist wiederverwendbar<\/strong> und f\u00fcr gewerbliche Geschirrsp\u00fcler geeignet, so dass es unter Einhaltung der Hygiene- und Sicherheitsstandards vielseitig eingesetzt werden kann. Dies tr\u00e4gt zu einem <strong>verantwortungsbewussten Ansatz<\/strong> in <strong>Restaurants<\/strong> bei, die sich f\u00fcr eine <strong>Null-Abfall-Strategie<\/strong> einsetzen. Es ist auch bei <strong>Caterern<\/strong> sehr beliebt, um anspruchsvolle <strong>Veranstaltungen<\/strong> ohne Abfall und Bruch zu organisieren.  <\/p>\n<p>Am Ende seiner Lebensdauer ist dieses <strong>Monomaterialglas<\/strong> vollst\u00e4ndig <strong>recycelbar<\/strong>, was es zu einer noch <strong>nachhaltigeren<\/strong> und <strong>umweltfreundlicheren<\/strong> L\u00f6sung macht. <\/p>\n\t\t\t\t\t\t\t\t<\/div>\n\t\t\t\t<\/div>\n\t\t\t\t<\/div>\n\t\t<div class=\"elementor-element elementor-element-df6e443 e-con-full e-flex e-con e-child\" data-id=\"df6e443\" data-element_type=\"container\" data-settings=\"{&quot;background_background&quot;:&quot;classic&quot;}\">\n\t\t\t\t<div class=\"elementor-element elementor-element-96f17b1 elementor-widget elementor-widget-image\" data-id=\"96f17b1\" data-element_type=\"widget\" data-widget_type=\"image.default\">\n\t\t\t\t<div class=\"elementor-widget-container\">\n\t\t\t\t\t\t\t\t\t\t\t\t\t\t\t<img decoding=\"async\" width=\"500\" height=\"500\" src=\"https:\/\/re-uz.com\/wp-content\/uploads\/2024\/10\/verre-a-vin-prestige.jpg\" class=\"attachment-2048x2048 size-2048x2048 wp-image-46340\" alt=\"Weinglas \u0152nologie Serie Prestige von Re-uz\" srcset=\"https:\/\/re-uz.com\/wp-content\/uploads\/2024\/10\/verre-a-vin-prestige.jpg 500w, https:\/\/re-uz.com\/wp-content\/uploads\/2024\/10\/verre-a-vin-prestige-300x300.jpg 300w, https:\/\/re-uz.com\/wp-content\/uploads\/2024\/10\/verre-a-vin-prestige-150x150.jpg 150w, https:\/\/re-uz.com\/wp-content\/uploads\/2024\/10\/verre-a-vin-prestige-100x100.jpg 100w\" sizes=\"(max-width: 500px) 100vw, 500px\" \/>\t\t\t\t\t\t\t\t\t\t\t\t\t\t\t<\/div>\n\t\t\t\t<\/div>\n\t\t\t\t<\/div>\n\t\t\t\t\t<\/div>\n\t\t\t\t<\/div>\n\t\t<div class=\"elementor-element elementor-element-1f9baeb e-flex e-con-boxed e-con e-parent\" data-id=\"1f9baeb\" data-element_type=\"container\">\n\t\t\t\t\t<div class=\"e-con-inner\">\n\t\t<div class=\"elementor-element elementor-element-f026d8a e-con-full e-flex e-con e-child\" data-id=\"f026d8a\" data-element_type=\"container\">\n\t\t\t\t<div class=\"elementor-element elementor-element-00f7e9d elementor-widget elementor-widget-heading\" data-id=\"00f7e9d\" data-element_type=\"widget\" data-widget_type=\"heading.default\">\n\t\t\t\t<div class=\"elementor-widget-container\">\n\t\t\t\t\t<h3 class=\"elementor-heading-title elementor-size-default\">Das zeitlose Design von <span style=\"color:#ebb937\">Re-uz<sup>\u00ae<\/sup><\/span> im Dienst der <span style=\"color:#ebb937\">Aromen<\/span><\/h3>\t\t\t\t<\/div>\n\t\t\t\t<\/div>\n\t\t\t\t<div class=\"elementor-element elementor-element-dc32925 elementor-widget elementor-widget-text-editor\" data-id=\"dc32925\" data-element_type=\"widget\" data-widget_type=\"text-editor.default\">\n\t\t\t\t<div class=\"elementor-widget-container\">\n\t\t\t\t\t\t\t\t\t<p>Das <strong>Weinglas \u0152nologie von Re-uz <sup>\u00ae<\/sup><\/strong> hat eine schlanke Silhouette mit einer H\u00f6he von 200 mm und einem l\u00e4nglichen Stiel, was ihm eine raffinierte Pr\u00e4senz auf <strong>Event-<\/strong> und <strong>Restauranttischen<\/strong> verleiht.<\/p>\n<p>Dieses <strong>Stielglas<\/strong> ist ein Muss, das mit seiner klassischen Form, seinen sanften Kurven und seinem gro\u00dfz\u00fcgigen Fassungsverm\u00f6gen von 40 cl daf\u00fcr sorgt, dass Ihre G\u00e4ste die feinen Aromen des <strong>Weines<\/strong> voll und ganz genie\u00dfen k\u00f6nnen. <\/p>\n<p>Er bietet ein zeitloses Design, das sich an alle Arten von Service anpasst und auf elegante Weise die<strong>\u00f6kologische Verantwortung<\/strong> in die<a href=\"https:\/\/re-uz.com\/categorie-produit\/vaisselle\/art-de-la-table-ecoresponsable\/\">Tischkultur<\/a> integriert.<\/p>\n\t\t\t\t\t\t\t\t<\/div>\n\t\t\t\t<\/div>\n\t\t\t\t<\/div>\n\t\t<div class=\"elementor-element elementor-element-fb4bc04 e-con-full e-flex e-con e-child\" data-id=\"fb4bc04\" data-element_type=\"container\" data-settings=\"{&quot;background_background&quot;:&quot;classic&quot;}\">\n\t\t\t\t<div class=\"elementor-element elementor-element-a56b2ba elementor-widget elementor-widget-image\" data-id=\"a56b2ba\" data-element_type=\"widget\" data-widget_type=\"image.default\">\n\t\t\t\t<div class=\"elementor-widget-container\">\n\t\t\t\t\t\t\t\t\t\t\t\t\t\t\t<img decoding=\"async\" width=\"500\" height=\"500\" src=\"https:\/\/re-uz.com\/wp-content\/uploads\/2024\/10\/verre-a-pied-oenologie-1.jpg\" class=\"attachment-2048x2048 size-2048x2048 wp-image-46355\" alt=\"Unzerbrechliches Trinkglas by Re-uz\" srcset=\"https:\/\/re-uz.com\/wp-content\/uploads\/2024\/10\/verre-a-pied-oenologie-1.jpg 500w, https:\/\/re-uz.com\/wp-content\/uploads\/2024\/10\/verre-a-pied-oenologie-1-300x300.jpg 300w, https:\/\/re-uz.com\/wp-content\/uploads\/2024\/10\/verre-a-pied-oenologie-1-150x150.jpg 150w, https:\/\/re-uz.com\/wp-content\/uploads\/2024\/10\/verre-a-pied-oenologie-1-100x100.jpg 100w\" sizes=\"(max-width: 500px) 100vw, 500px\" \/>\t\t\t\t\t\t\t\t\t\t\t\t\t\t\t<\/div>\n\t\t\t\t<\/div>\n\t\t\t\t<\/div>\n\t\t\t\t\t<\/div>\n\t\t\t\t<\/div>\n\t\t\t\t<\/div>\n\t\t\n","protected":false},"excerpt":{"rendered":"<p>Das <strong>Weinglas \u0152nologie<\/strong> aus der Prestige-Serie von Re-uz <sup>\u00ae<\/sup> ist die ideale Wahl f\u00fcr professionelle <strong>Gastronomen<\/strong>, <strong>Sommeliers<\/strong> und <strong>Caterer<\/strong>. Es bietet die Eleganz eines klassischen <strong>Weinglases<\/strong>, ohne Kompromisse bei der <strong>Haltbarkeit<\/strong> einzugehen. Das Glas kann mehrmals <strong>gewaschen<\/strong> und <strong>wiederverwendet<\/strong> werden, passt zu den feinsten Tischen und veredelt jede Verkostung. Das Glas besteht aus Tritan und ist <strong>unzerbrechlich, so dass es nicht zerbrechen<\/strong> kann und eine lange Lebensdauer hat. Dieses elegante <strong>Stielglas<\/strong> hat eine Nutzkapazit\u00e4t von 40 cl, ein gro\u00dfz\u00fcgiges Fassungsverm\u00f6gen, das die Aromen komplexer und ausgepr\u00e4gter Weine voll zur Geltung kommen l\u00e4sst.   <\/p>\n","protected":false},"featured_media":46326,"comment_status":"open","ping_status":"closed","template":"","meta":{"_acf_changed":false},"product_brand":[],"product_cat":[4490,2211,2218],"product_tag":[],"class_list":{"0":"post-47214","1":"product","2":"type-product","3":"status-publish","4":"has-post-thumbnail","6":"product_cat-nachhaltiges-servicegeschirr","7":"product_cat-glaser","8":"product_cat-stielglaser","9":"pa_boissons-limonaden","10":"pa_boissons-saft","11":"pa_boissons-wasser","12":"pa_boissons-weine","13":"pa_capacite-utile-40-cl-de","14":"pa_capacite-utile-13-50-oz-de","15":"pa_contenance-45-cl-de","16":"pa_contenance-15-20-oz-de","17":"pa_impression-neutral-ohne-anpassung","18":"pa_matiere-tritan-ohne-bisphenol-a","19":"pa_resistance-aux-temperatures-bis-zu-70c","20":"pa_solutions-kauf","21":"pa_type-de-boissons-kaltes-getrank","22":"pa_type-vaisselle-re-uz-kelch","23":"pa_vaisselle-re-uz-glaser-und-getranke","25":"first","26":"instock","27":"shipping-taxable","28":"purchasable","29":"product-type-simple"},"acf":{"breadcrumb_title":"","custom_product_title":""},"yoast_head":"<!-- This site is optimized with the Yoast SEO plugin v25.2 - https:\/\/yoast.com\/wordpress\/plugins\/seo\/ -->\n<title>Unzerbrechliches transparentes Weinglas 45 cl | \u0152NOLOGIE PRESTIGE<\/title>\n<meta name=\"description\" content=\"Entdecken Sie das unzerbrechliche Weinglas aus der Serie Re-uz: ein gl\u00e4nzendes und transparentes Modell, das sehr widerstandsf\u00e4hig ist. Ein Glas ohne Bruch und ohne Abfall!\" \/>\n<meta name=\"robots\" content=\"index, follow, max-snippet:-1, max-image-preview:large, max-video-preview:-1\" \/>\n<link rel=\"canonical\" href=\"https:\/\/re-uz.com\/de\/produkt\/glas-a-vin-oenologie\/\" \/>\n<meta property=\"og:locale\" content=\"de_DE\" \/>\n<meta property=\"og:type\" content=\"article\" \/>\n<meta property=\"og:title\" content=\"Unzerbrechliches transparentes Weinglas 45 cl | \u0152NOLOGIE PRESTIGE\" \/>\n<meta property=\"og:description\" content=\"Entdecken Sie das unzerbrechliche Weinglas aus der Serie Re-uz: ein gl\u00e4nzendes und transparentes Modell, das sehr widerstandsf\u00e4hig ist. Ein Glas ohne Bruch und ohne Abfall!\" \/>\n<meta property=\"og:url\" content=\"https:\/\/re-uz.com\/de\/produkt\/glas-a-vin-oenologie\/\" \/>\n<meta property=\"og:site_name\" content=\"Re-uz\" \/>\n<meta property=\"article:publisher\" content=\"https:\/\/www.facebook.com\/reuzofficial\" \/>\n<meta property=\"og:image\" content=\"https:\/\/re-uz.com\/wp-content\/uploads\/2024\/10\/verre-a-vin-oenologie.jpg\" \/>\n\t<meta property=\"og:image:width\" content=\"500\" \/>\n\t<meta property=\"og:image:height\" content=\"500\" \/>\n\t<meta property=\"og:image:type\" content=\"image\/jpeg\" \/>\n<meta name=\"twitter:card\" content=\"summary_large_image\" \/>\n<script type=\"application\/ld+json\" class=\"yoast-schema-graph\">{\"@context\":\"https:\/\/schema.org\",\"@graph\":[{\"@type\":\"WebPage\",\"@id\":\"https:\/\/re-uz.com\/de\/produkt\/glas-a-vin-oenologie\/\",\"url\":\"https:\/\/re-uz.com\/de\/produkt\/glas-a-vin-oenologie\/\",\"name\":\"Unzerbrechliches transparentes Weinglas 45 cl | \u0152NOLOGIE PRESTIGE\",\"isPartOf\":{\"@id\":\"https:\/\/re-uz.com\/de\/#website\"},\"primaryImageOfPage\":{\"@id\":\"https:\/\/re-uz.com\/de\/produkt\/glas-a-vin-oenologie\/#primaryimage\"},\"image\":{\"@id\":\"https:\/\/re-uz.com\/de\/produkt\/glas-a-vin-oenologie\/#primaryimage\"},\"thumbnailUrl\":\"https:\/\/re-uz.com\/wp-content\/uploads\/2024\/10\/verre-a-vin-oenologie.jpg\",\"datePublished\":\"2024-10-21T15:00:58+00:00\",\"description\":\"Entdecken Sie das unzerbrechliche Weinglas aus der Serie Re-uz: ein gl\u00e4nzendes und transparentes Modell, das sehr widerstandsf\u00e4hig ist. Ein Glas ohne Bruch und ohne Abfall!\",\"breadcrumb\":{\"@id\":\"https:\/\/re-uz.com\/de\/produkt\/glas-a-vin-oenologie\/#breadcrumb\"},\"inLanguage\":\"de-DE\",\"potentialAction\":[{\"@type\":\"ReadAction\",\"target\":[\"https:\/\/re-uz.com\/de\/produkt\/glas-a-vin-oenologie\/\"]}]},{\"@type\":\"ImageObject\",\"inLanguage\":\"de-DE\",\"@id\":\"https:\/\/re-uz.com\/de\/produkt\/glas-a-vin-oenologie\/#primaryimage\",\"url\":\"https:\/\/re-uz.com\/wp-content\/uploads\/2024\/10\/verre-a-vin-oenologie.jpg\",\"contentUrl\":\"https:\/\/re-uz.com\/wp-content\/uploads\/2024\/10\/verre-a-vin-oenologie.jpg\",\"width\":500,\"height\":500,\"caption\":\"Unzerbrechliches Weinglas aus Tritan aus der Serie Prestige by Re-uz\"},{\"@type\":\"BreadcrumbList\",\"@id\":\"https:\/\/re-uz.com\/de\/produkt\/glas-a-vin-oenologie\/#breadcrumb\",\"itemListElement\":[{\"@type\":\"ListItem\",\"position\":1,\"name\":\"Accueil\",\"item\":\"https:\/\/re-uz.com\/de\/\"},{\"@type\":\"ListItem\",\"position\":2,\"name\":\"Wiederverwendbare Lebensmittelbeh\u00e4lter &amp; umweltfreundliche Re-uz \u00ae-L\u00f6sungen\",\"item\":\"https:\/\/re-uz.com\/de\/wiederverwendbare-behalter-verantwortungsvolle-losungen\/\"},{\"@type\":\"ListItem\",\"position\":3,\"name\":\"Unzerbrechliches transparentes Weinglas 45 cl | \u0152NOLOGIE PRESTIGE\"}]},{\"@type\":\"WebSite\",\"@id\":\"https:\/\/re-uz.com\/de\/#website\",\"url\":\"https:\/\/re-uz.com\/de\/\",\"name\":\"Re-uz\",\"description\":\"Rejoignez le mouvement z\u00e9ro-d\u00e9chet\",\"publisher\":{\"@id\":\"https:\/\/re-uz.com\/de\/#organization\"},\"alternateName\":\"Re-uz\",\"potentialAction\":[{\"@type\":\"SearchAction\",\"target\":{\"@type\":\"EntryPoint\",\"urlTemplate\":\"https:\/\/re-uz.com\/de\/?s={search_term_string}\"},\"query-input\":{\"@type\":\"PropertyValueSpecification\",\"valueRequired\":true,\"valueName\":\"search_term_string\"}}],\"inLanguage\":\"de-DE\"},{\"@type\":\"Organization\",\"@id\":\"https:\/\/re-uz.com\/de\/#organization\",\"name\":\"Re-uz\",\"url\":\"https:\/\/re-uz.com\/de\/\",\"logo\":{\"@type\":\"ImageObject\",\"inLanguage\":\"de-DE\",\"@id\":\"https:\/\/re-uz.com\/de\/#\/schema\/logo\/image\/\",\"url\":\"https:\/\/re-uz.com\/wp-content\/uploads\/2023\/10\/logo-header.svg\",\"contentUrl\":\"https:\/\/re-uz.com\/wp-content\/uploads\/2023\/10\/logo-header.svg\",\"width\":122,\"height\":50,\"caption\":\"Re-uz\"},\"image\":{\"@id\":\"https:\/\/re-uz.com\/de\/#\/schema\/logo\/image\/\"},\"sameAs\":[\"https:\/\/www.facebook.com\/reuzofficial\"]}]}<\/script>\n<!-- \/ Yoast SEO plugin. -->","yoast_head_json":{"title":"Unzerbrechliches transparentes Weinglas 45 cl | \u0152NOLOGIE PRESTIGE","description":"Entdecken Sie das unzerbrechliche Weinglas aus der Serie Re-uz: ein gl\u00e4nzendes und transparentes Modell, das sehr widerstandsf\u00e4hig ist. Ein Glas ohne Bruch und ohne Abfall!","robots":{"index":"index","follow":"follow","max-snippet":"max-snippet:-1","max-image-preview":"max-image-preview:large","max-video-preview":"max-video-preview:-1"},"canonical":"https:\/\/re-uz.com\/de\/produkt\/glas-a-vin-oenologie\/","og_locale":"de_DE","og_type":"article","og_title":"Unzerbrechliches transparentes Weinglas 45 cl | \u0152NOLOGIE PRESTIGE","og_description":"Entdecken Sie das unzerbrechliche Weinglas aus der Serie Re-uz: ein gl\u00e4nzendes und transparentes Modell, das sehr widerstandsf\u00e4hig ist. Ein Glas ohne Bruch und ohne Abfall!","og_url":"https:\/\/re-uz.com\/de\/produkt\/glas-a-vin-oenologie\/","og_site_name":"Re-uz","article_publisher":"https:\/\/www.facebook.com\/reuzofficial","og_image":[{"width":500,"height":500,"url":"https:\/\/re-uz.com\/wp-content\/uploads\/2024\/10\/verre-a-vin-oenologie.jpg","type":"image\/jpeg"}],"twitter_card":"summary_large_image","schema":{"@context":"https:\/\/schema.org","@graph":[{"@type":"WebPage","@id":"https:\/\/re-uz.com\/de\/produkt\/glas-a-vin-oenologie\/","url":"https:\/\/re-uz.com\/de\/produkt\/glas-a-vin-oenologie\/","name":"Unzerbrechliches transparentes Weinglas 45 cl | \u0152NOLOGIE PRESTIGE","isPartOf":{"@id":"https:\/\/re-uz.com\/de\/#website"},"primaryImageOfPage":{"@id":"https:\/\/re-uz.com\/de\/produkt\/glas-a-vin-oenologie\/#primaryimage"},"image":{"@id":"https:\/\/re-uz.com\/de\/produkt\/glas-a-vin-oenologie\/#primaryimage"},"thumbnailUrl":"https:\/\/re-uz.com\/wp-content\/uploads\/2024\/10\/verre-a-vin-oenologie.jpg","datePublished":"2024-10-21T15:00:58+00:00","description":"Entdecken Sie das unzerbrechliche Weinglas aus der Serie Re-uz: ein gl\u00e4nzendes und transparentes Modell, das sehr widerstandsf\u00e4hig ist. Ein Glas ohne Bruch und ohne Abfall!","breadcrumb":{"@id":"https:\/\/re-uz.com\/de\/produkt\/glas-a-vin-oenologie\/#breadcrumb"},"inLanguage":"de-DE","potentialAction":[{"@type":"ReadAction","target":["https:\/\/re-uz.com\/de\/produkt\/glas-a-vin-oenologie\/"]}]},{"@type":"ImageObject","inLanguage":"de-DE","@id":"https:\/\/re-uz.com\/de\/produkt\/glas-a-vin-oenologie\/#primaryimage","url":"https:\/\/re-uz.com\/wp-content\/uploads\/2024\/10\/verre-a-vin-oenologie.jpg","contentUrl":"https:\/\/re-uz.com\/wp-content\/uploads\/2024\/10\/verre-a-vin-oenologie.jpg","width":500,"height":500,"caption":"Unzerbrechliches Weinglas aus Tritan aus der Serie Prestige by Re-uz"},{"@type":"BreadcrumbList","@id":"https:\/\/re-uz.com\/de\/produkt\/glas-a-vin-oenologie\/#breadcrumb","itemListElement":[{"@type":"ListItem","position":1,"name":"Accueil","item":"https:\/\/re-uz.com\/de\/"},{"@type":"ListItem","position":2,"name":"Wiederverwendbare Lebensmittelbeh\u00e4lter &amp; umweltfreundliche Re-uz \u00ae-L\u00f6sungen","item":"https:\/\/re-uz.com\/de\/wiederverwendbare-behalter-verantwortungsvolle-losungen\/"},{"@type":"ListItem","position":3,"name":"Unzerbrechliches transparentes Weinglas 45 cl | \u0152NOLOGIE PRESTIGE"}]},{"@type":"WebSite","@id":"https:\/\/re-uz.com\/de\/#website","url":"https:\/\/re-uz.com\/de\/","name":"Re-uz","description":"Rejoignez le mouvement z\u00e9ro-d\u00e9chet","publisher":{"@id":"https:\/\/re-uz.com\/de\/#organization"},"alternateName":"Re-uz","potentialAction":[{"@type":"SearchAction","target":{"@type":"EntryPoint","urlTemplate":"https:\/\/re-uz.com\/de\/?s={search_term_string}"},"query-input":{"@type":"PropertyValueSpecification","valueRequired":true,"valueName":"search_term_string"}}],"inLanguage":"de-DE"},{"@type":"Organization","@id":"https:\/\/re-uz.com\/de\/#organization","name":"Re-uz","url":"https:\/\/re-uz.com\/de\/","logo":{"@type":"ImageObject","inLanguage":"de-DE","@id":"https:\/\/re-uz.com\/de\/#\/schema\/logo\/image\/","url":"https:\/\/re-uz.com\/wp-content\/uploads\/2023\/10\/logo-header.svg","contentUrl":"https:\/\/re-uz.com\/wp-content\/uploads\/2023\/10\/logo-header.svg","width":122,"height":50,"caption":"Re-uz"},"image":{"@id":"https:\/\/re-uz.com\/de\/#\/schema\/logo\/image\/"},"sameAs":["https:\/\/www.facebook.com\/reuzofficial"]}]}},"_links":{"self":[{"href":"https:\/\/re-uz.com\/de\/wp-json\/wp\/v2\/product\/47214","targetHints":{"allow":["GET"]}}],"collection":[{"href":"https:\/\/re-uz.com\/de\/wp-json\/wp\/v2\/product"}],"about":[{"href":"https:\/\/re-uz.com\/de\/wp-json\/wp\/v2\/types\/product"}],"replies":[{"embeddable":true,"href":"https:\/\/re-uz.com\/de\/wp-json\/wp\/v2\/comments?post=47214"}],"wp:featuredmedia":[{"embeddable":true,"href":"https:\/\/re-uz.com\/de\/wp-json\/wp\/v2\/media\/46326"}],"wp:attachment":[{"href":"https:\/\/re-uz.com\/de\/wp-json\/wp\/v2\/media?parent=47214"}],"wp:term":[{"taxonomy":"product_brand","embeddable":true,"href":"https:\/\/re-uz.com\/de\/wp-json\/wp\/v2\/product_brand?post=47214"},{"taxonomy":"product_cat","embeddable":true,"href":"https:\/\/re-uz.com\/de\/wp-json\/wp\/v2\/product_cat?post=47214"},{"taxonomy":"product_tag","embeddable":true,"href":"https:\/\/re-uz.com\/de\/wp-json\/wp\/v2\/product_tag?post=47214"}],"curies":[{"name":"wp","href":"https:\/\/api.w.org\/{rel}","templated":true}]}}