{"id":47520,"date":"2024-03-26T11:12:45","date_gmt":"2024-03-26T10:12:45","guid":{"rendered":"https:\/\/re-uz.com\/produit\/schussel\/"},"modified":"2024-03-26T11:12:45","modified_gmt":"2024-03-26T10:12:45","slug":"schussel","status":"publish","type":"product","link":"https:\/\/re-uz.com\/de\/produkt\/schussel\/","title":{"rendered":"Wiederverwendbare Sch\u00fcssel 22.5 cl | PURE Sch\u00fcssel"},"content":{"rendered":"\t\t<div data-elementor-type=\"section\" data-elementor-id=\"47518\" class=\"elementor elementor-47518 elementor-19836\" data-elementor-post-type=\"elementor_library\">\n\t\t\t\t\t<section class=\"elementor-section elementor-top-section elementor-element elementor-element-8883c9f elementor-section-full_width elementor-section-height-default elementor-section-height-default\" data-id=\"8883c9f\" data-element_type=\"section\">\n\t\t\t\t\t\t<div class=\"elementor-container elementor-column-gap-default\">\n\t\t\t\t\t<div class=\"elementor-column elementor-col-100 elementor-top-column elementor-element elementor-element-98d2923\" data-id=\"98d2923\" data-element_type=\"column\" data-settings=\"{&quot;motion_fx_motion_fx_scrolling&quot;:&quot;yes&quot;,&quot;motion_fx_devices&quot;:[&quot;desktop&quot;,&quot;tablet&quot;,&quot;mobile&quot;]}\">\n\t\t\t<div class=\"elementor-widget-wrap elementor-element-populated\">\n\t\t\t\t\t\t<div class=\"elementor-element elementor-element-f845c3d elementor-widget elementor-widget-heading\" data-id=\"f845c3d\" data-element_type=\"widget\" data-widget_type=\"heading.default\">\n\t\t\t\t<div class=\"elementor-widget-container\">\n\t\t\t\t\t<h2 class=\"elementor-heading-title elementor-size-default\">Die Re-uz <sup>\u00ae<\/sup>-<span style=\"color:#ebb937\">Schale<\/span>: ein <span style=\"color:#ebb937\">umweltfreundlicher Beh\u00e4lter <\/span>f\u00fcr kleine Pr\u00e4parate<\/h2>\t\t\t\t<\/div>\n\t\t\t\t<\/div>\n\t\t\t\t<div class=\"elementor-element elementor-element-60a4500 elementor-widget elementor-widget-text-editor\" data-id=\"60a4500\" data-element_type=\"widget\" data-widget_type=\"text-editor.default\">\n\t\t\t\t<div class=\"elementor-widget-container\">\n\t\t\t\t\t\t\t\t\t<p>Pr\u00e4sentieren Sie Ihre Vorspeisen in dieser <strong>wiederverwendbaren Plastikschale<\/strong>, die den Unterschied ausmacht. Die unvollkommene ovale Form verleiht selbst klassischen Tischen eine moderne Note. <br \/>Durch das <strong>Mono-Material<\/strong> aus BPA-freiem Polypropylen ist die <strong>Sch\u00fcssel<\/strong> ein abwaschbarer, hochbest\u00e4ndiger und vollst\u00e4ndig <strong>recycelbarer<\/strong> <strong>Beh\u00e4lter<\/strong>. <br \/>Sie ist ein Muss, wenn Sie <strong>kleine Vorspeisen<\/strong> oder cremige <strong>Desserts<\/strong> auf den Tisch bringen m\u00f6chten. <\/p>\n\t\t\t\t\t\t\t\t<\/div>\n\t\t\t\t<\/div>\n\t\t\t\t\t<\/div>\n\t\t<\/div>\n\t\t\t\t\t<\/div>\n\t\t<\/section>\n\t\t<div class=\"elementor-element elementor-element-cd570e7 e-flex e-con-boxed e-con e-parent\" data-id=\"cd570e7\" data-element_type=\"container\">\n\t\t\t\t\t<div class=\"e-con-inner\">\n\t\t\t\t<div class=\"elementor-element elementor-element-18a4748 elementor-widget-divider--view-line elementor-widget elementor-widget-divider\" data-id=\"18a4748\" data-element_type=\"widget\" data-widget_type=\"divider.default\">\n\t\t\t\t<div class=\"elementor-widget-container\">\n\t\t\t\t\t\t\t<div class=\"elementor-divider\">\n\t\t\t<span class=\"elementor-divider-separator\">\n\t\t\t\t\t\t<\/span>\n\t\t<\/div>\n\t\t\t\t\t\t<\/div>\n\t\t\t\t<\/div>\n\t\t\t\t\t<\/div>\n\t\t\t\t<\/div>\n\t\t\t\t<section class=\"elementor-section elementor-top-section elementor-element elementor-element-9688854 elementor-section-boxed elementor-section-height-default elementor-section-height-default\" data-id=\"9688854\" data-element_type=\"section\">\n\t\t\t\t\t\t<div class=\"elementor-container elementor-column-gap-default\">\n\t\t\t\t\t<div class=\"elementor-column elementor-col-50 elementor-top-column elementor-element elementor-element-07ee8bd elementor-invisible\" data-id=\"07ee8bd\" data-element_type=\"column\" data-settings=\"{&quot;motion_fx_motion_fx_scrolling&quot;:&quot;yes&quot;,&quot;motion_fx_translateY_effect&quot;:&quot;yes&quot;,&quot;animation&quot;:&quot;fadeInUp&quot;,&quot;motion_fx_translateY_speed&quot;:{&quot;unit&quot;:&quot;px&quot;,&quot;size&quot;:4,&quot;sizes&quot;:[]},&quot;motion_fx_translateY_affectedRange&quot;:{&quot;unit&quot;:&quot;%&quot;,&quot;size&quot;:&quot;&quot;,&quot;sizes&quot;:{&quot;start&quot;:0,&quot;end&quot;:100}},&quot;motion_fx_devices&quot;:[&quot;desktop&quot;,&quot;tablet&quot;,&quot;mobile&quot;]}\">\n\t\t\t<div class=\"elementor-widget-wrap elementor-element-populated\">\n\t\t\t\t\t\t<div class=\"elementor-element elementor-element-718269c elementor-widget elementor-widget-image\" data-id=\"718269c\" data-element_type=\"widget\" data-widget_type=\"image.default\">\n\t\t\t\t<div class=\"elementor-widget-container\">\n\t\t\t\t\t\t\t\t\t\t\t\t\t\t\t<img fetchpriority=\"high\" decoding=\"async\" width=\"768\" height=\"768\" src=\"https:\/\/re-uz.com\/wp-content\/uploads\/2024\/01\/coupelles-reemployables-re-uz-768x768.jpg\" class=\"attachment-medium_large size-medium_large wp-image-29429\" alt=\"Wiederverwendbarer Plastikbecher by Re-uz \u00ae.\" srcset=\"https:\/\/re-uz.com\/wp-content\/uploads\/2024\/01\/coupelles-reemployables-re-uz-768x768.jpg 768w, https:\/\/re-uz.com\/wp-content\/uploads\/2024\/01\/coupelles-reemployables-re-uz-300x300.jpg 300w, https:\/\/re-uz.com\/wp-content\/uploads\/2024\/01\/coupelles-reemployables-re-uz-1024x1024.jpg 1024w, https:\/\/re-uz.com\/wp-content\/uploads\/2024\/01\/coupelles-reemployables-re-uz-150x150.jpg 150w, https:\/\/re-uz.com\/wp-content\/uploads\/2024\/01\/coupelles-reemployables-re-uz-600x600.jpg 600w, https:\/\/re-uz.com\/wp-content\/uploads\/2024\/01\/coupelles-reemployables-re-uz-100x100.jpg 100w, https:\/\/re-uz.com\/wp-content\/uploads\/2024\/01\/coupelles-reemployables-re-uz.jpg 1080w\" sizes=\"(max-width: 768px) 100vw, 768px\" \/>\t\t\t\t\t\t\t\t\t\t\t\t\t\t\t<\/div>\n\t\t\t\t<\/div>\n\t\t\t\t\t<\/div>\n\t\t<\/div>\n\t\t\t\t<div class=\"elementor-column elementor-col-50 elementor-top-column elementor-element elementor-element-33c1c68 elementor-invisible\" data-id=\"33c1c68\" data-element_type=\"column\" data-settings=\"{&quot;animation&quot;:&quot;fadeInUp&quot;}\">\n\t\t\t<div class=\"elementor-widget-wrap elementor-element-populated\">\n\t\t\t\t\t\t<div class=\"elementor-element elementor-element-c5f9df0 elementor-widget elementor-widget-heading\" data-id=\"c5f9df0\" data-element_type=\"widget\" data-widget_type=\"heading.default\">\n\t\t\t\t<div class=\"elementor-widget-container\">\n\t\t\t\t\t<h3 class=\"elementor-heading-title elementor-size-default\">Eine kleine <span style=\"color:#ebb937\">Plastikschale<\/span>, die f\u00fcr alle Zwecke verwendet und <span style=\"color:#ebb937\">wiederverwendet<\/span> werden kann.<\/h3>\t\t\t\t<\/div>\n\t\t\t\t<\/div>\n\t\t\t\t<div class=\"elementor-element elementor-element-10a3fdc elementor-widget__width-initial elementor-widget elementor-widget-text-editor\" data-id=\"10a3fdc\" data-element_type=\"widget\" data-widget_type=\"text-editor.default\">\n\t\t\t\t<div class=\"elementor-widget-container\">\n\t\t\t\t\t\t\t\t\t<p>Die <strong>Re-uz <sup> \u00ae <\/sup> Schale<\/strong> ist ein <strong>hohler Beh\u00e4lter<\/strong> f\u00fcr alle Arten von Zubereitungen: <strong>Hummus<\/strong>, <strong>Guacamole<\/strong>, <strong>Tzatz\u00edki<\/strong>, <strong>Beilagensaucen<\/strong>, <strong>kleine Vorspeisen<\/strong> oder <strong>Appetith\u00e4ppchen<\/strong>? Dieser <strong>Beh\u00e4lter<\/strong> hat das perfekte Volumen, um kleine Portionen dieser Rezepte anzubieten und so den Geschmack auf Ihrem Tisch zu variieren.  Dip-Speisen wie <strong>Gem\u00fcsesticks<\/strong>, <strong>Chips<\/strong> oder <strong>Pita-Chips<\/strong> und <strong>Cracker<\/strong> finden hier ebenfalls ihren Platz f\u00fcr komplette <strong>Vorspeisen<\/strong> und <strong>Aperitifs<\/strong>. Er kann auch sehr gut f\u00fcr das Servieren von Desserts wie <strong>Eis<\/strong> oder <strong>gefrorenem Joghurt<\/strong> verwendet werden. Dieser <strong>kleine Beh\u00e4lter<\/strong> ist vielseitig einsetzbar und h\u00e4lt dem t\u00e4glichen Gebrauch stand, ohne zu zerbrechen oder Flecken zu bekommen.  <\/p>\n<p>Harmonisieren Sie Ihre Pr\u00e4sentationen, indem Sie mehrere dieser <strong>kleinen Sch\u00e4lchen<\/strong> mit Ihren besten <strong>Vorspeisen<\/strong> kombinieren. Die Wartezeit vor dem Essen wird f\u00fcr Ihre G\u00e4ste nicht mehr sp\u00fcrbar sein, dank dieser <strong>kleinen<\/strong> Sch\u00e4lchen mit ihrem atypischen Design und ihrer<strong>Umweltfreundlichkeit<\/strong>. Sie k\u00f6nnen auch ein Teil Ihrer Tischdekoration sein.  <\/p>\n\t\t\t\t\t\t\t\t<\/div>\n\t\t\t\t<\/div>\n\t\t\t\t\t<\/div>\n\t\t<\/div>\n\t\t\t\t\t<\/div>\n\t\t<\/section>\n\t\t<div class=\"elementor-element elementor-element-3a66c0c e-flex e-con-boxed e-con e-parent\" data-id=\"3a66c0c\" data-element_type=\"container\">\n\t\t\t\t\t<div class=\"e-con-inner\">\n\t\t\t\t<div class=\"elementor-element elementor-element-f330a7b elementor-widget elementor-widget-spacer\" data-id=\"f330a7b\" data-element_type=\"widget\" data-widget_type=\"spacer.default\">\n\t\t\t\t<div class=\"elementor-widget-container\">\n\t\t\t\t\t\t\t<div class=\"elementor-spacer\">\n\t\t\t<div class=\"elementor-spacer-inner\"><\/div>\n\t\t<\/div>\n\t\t\t\t\t\t<\/div>\n\t\t\t\t<\/div>\n\t\t\t\t\t<\/div>\n\t\t\t\t<\/div>\n\t\t\t\t<section class=\"elementor-section elementor-top-section elementor-element elementor-element-7df7d68 elementor-section-boxed elementor-section-height-default elementor-section-height-default\" data-id=\"7df7d68\" data-element_type=\"section\">\n\t\t\t\t\t\t<div class=\"elementor-container elementor-column-gap-default\">\n\t\t\t\t\t<div class=\"elementor-column elementor-col-50 elementor-top-column elementor-element elementor-element-459f6be elementor-invisible\" data-id=\"459f6be\" data-element_type=\"column\" data-settings=\"{&quot;animation&quot;:&quot;fadeInUp&quot;}\">\n\t\t\t<div class=\"elementor-widget-wrap elementor-element-populated\">\n\t\t\t\t\t\t<div class=\"elementor-element elementor-element-9369673 elementor-widget elementor-widget-heading\" data-id=\"9369673\" data-element_type=\"widget\" data-widget_type=\"heading.default\">\n\t\t\t\t<div class=\"elementor-widget-container\">\n\t\t\t\t\t<h3 class=\"elementor-heading-title elementor-size-default\">Ein <span style=\"color:#ebb937\">dauerhafter Beh\u00e4lter<\/span> im Miniformat, der dazu gedacht ist, <span style=\"color:#ebb937\">die Linien zu verschieben.<\/span><\/h3>\t\t\t\t<\/div>\n\t\t\t\t<\/div>\n\t\t\t\t<div class=\"elementor-element elementor-element-49e4013 elementor-widget__width-initial elementor-widget elementor-widget-text-editor\" data-id=\"49e4013\" data-element_type=\"widget\" data-widget_type=\"text-editor.default\">\n\t\t\t\t<div class=\"elementor-widget-container\">\n\t\t\t\t\t\t\t\t\t<p>Die <strong>Schale<\/strong> ist klein und <strong>stapelbar<\/strong>, nimmt wenig Platz ein und ist leicht zu transportieren und zu lagern. Mit einem unteren Durchmesser von 67,1 mm und einem oberen Durchmesser von 128,5 mm ist sie der ideale <strong>Beh\u00e4lter<\/strong>, um verschiedene <strong>Appetith\u00e4ppchen<\/strong> auf demselben Tisch zu platzieren. Die Vertiefung sorgt f\u00fcr ein angemessenes Volumen und eine ausgezeichnete Temperaturerhaltung. Diese <strong>Vorspeisenschalen<\/strong> werden oft paarweise oder in gr\u00f6\u00dferer Anzahl geliefert, so dass der Transport schwierig sein kann. Daher ist das Gewicht von nur 45 g ein weiterer Vorteil, der f\u00fcr Leichtigkeit und einfache Handhabung sorgt.    <\/p>\n<p>Die <strong>Re-uz <sup>\u00ae<\/sup> Schale<\/strong> eignet sich f\u00fcr hohe und niedrige Temperaturen und f\u00fcr thermische Ver\u00e4nderungen im Allgemeinen. Wenn es hektisch zugeht und viele G\u00e4ste kommen, kann die <strong>Schale<\/strong> ohne \u00dcbergang in die Sp\u00fclmaschine, den K\u00fchlschrank oder die Mikrowelle gestellt werden und bietet Platz f\u00fcr <strong>warme und kalte Vorspeisen<\/strong> und <strong>Desserts<\/strong>. <\/p>\n\t\t\t\t\t\t\t\t<\/div>\n\t\t\t\t<\/div>\n\t\t\t\t\t<\/div>\n\t\t<\/div>\n\t\t\t\t<div class=\"elementor-column elementor-col-50 elementor-top-column elementor-element elementor-element-f9d151e elementor-invisible\" data-id=\"f9d151e\" data-element_type=\"column\" data-settings=\"{&quot;motion_fx_motion_fx_scrolling&quot;:&quot;yes&quot;,&quot;motion_fx_translateY_effect&quot;:&quot;yes&quot;,&quot;animation&quot;:&quot;fadeInUp&quot;,&quot;motion_fx_translateY_speed&quot;:{&quot;unit&quot;:&quot;px&quot;,&quot;size&quot;:4,&quot;sizes&quot;:[]},&quot;motion_fx_translateY_affectedRange&quot;:{&quot;unit&quot;:&quot;%&quot;,&quot;size&quot;:&quot;&quot;,&quot;sizes&quot;:{&quot;start&quot;:0,&quot;end&quot;:100}},&quot;motion_fx_devices&quot;:[&quot;desktop&quot;,&quot;tablet&quot;,&quot;mobile&quot;]}\">\n\t\t\t<div class=\"elementor-widget-wrap elementor-element-populated\">\n\t\t\t\t\t\t<div class=\"elementor-element elementor-element-4da69f9 elementor-widget elementor-widget-image\" data-id=\"4da69f9\" data-element_type=\"widget\" data-widget_type=\"image.default\">\n\t\t\t\t<div class=\"elementor-widget-container\">\n\t\t\t\t\t\t\t\t\t\t\t\t\t\t\t<img decoding=\"async\" width=\"768\" height=\"768\" src=\"https:\/\/re-uz.com\/wp-content\/uploads\/2024\/03\/coupelle-reutilisable-768x768.jpg\" class=\"attachment-medium_large size-medium_large wp-image-29435\" alt=\"Wiederverwendbare Plastikschalen\" srcset=\"https:\/\/re-uz.com\/wp-content\/uploads\/2024\/03\/coupelle-reutilisable-768x768.jpg 768w, https:\/\/re-uz.com\/wp-content\/uploads\/2024\/03\/coupelle-reutilisable-300x300.jpg 300w, https:\/\/re-uz.com\/wp-content\/uploads\/2024\/03\/coupelle-reutilisable-1024x1024.jpg 1024w, https:\/\/re-uz.com\/wp-content\/uploads\/2024\/03\/coupelle-reutilisable-150x150.jpg 150w, https:\/\/re-uz.com\/wp-content\/uploads\/2024\/03\/coupelle-reutilisable-600x600.jpg 600w, https:\/\/re-uz.com\/wp-content\/uploads\/2024\/03\/coupelle-reutilisable-100x100.jpg 100w, https:\/\/re-uz.com\/wp-content\/uploads\/2024\/03\/coupelle-reutilisable.jpg 1080w\" sizes=\"(max-width: 768px) 100vw, 768px\" \/>\t\t\t\t\t\t\t\t\t\t\t\t\t\t\t<\/div>\n\t\t\t\t<\/div>\n\t\t\t\t\t<\/div>\n\t\t<\/div>\n\t\t\t\t\t<\/div>\n\t\t<\/section>\n\t\t<div class=\"elementor-element elementor-element-af1b3c1 e-flex e-con-boxed e-con e-parent\" data-id=\"af1b3c1\" data-element_type=\"container\">\n\t\t\t\t\t<div class=\"e-con-inner\">\n\t\t\t\t<div class=\"elementor-element elementor-element-59d9bcb elementor-widget elementor-widget-spacer\" data-id=\"59d9bcb\" data-element_type=\"widget\" data-widget_type=\"spacer.default\">\n\t\t\t\t<div class=\"elementor-widget-container\">\n\t\t\t\t\t\t\t<div class=\"elementor-spacer\">\n\t\t\t<div class=\"elementor-spacer-inner\"><\/div>\n\t\t<\/div>\n\t\t\t\t\t\t<\/div>\n\t\t\t\t<\/div>\n\t\t\t\t\t<\/div>\n\t\t\t\t<\/div>\n\t\t\t\t<\/div>\n\t\t\n","protected":false},"excerpt":{"rendered":"<p>Entdecken Sie die <strong>Re-uz <sup>\u00ae<\/sup> Schale<\/strong>, ein kleiner, waschbarer und <strong>wiederverwendbarer<\/strong> Kunststoffbeh\u00e4lter.<br \/>\nMit einem Fassungsverm\u00f6gen von 225 ml ist dies eine <strong>kleine Schale<\/strong>, die Sie auf Ihren Tisch stellen k\u00f6nnen, um Ihre <strong>So\u00dfen<\/strong>, <strong>Gew\u00fcrze<\/strong>, <strong>Dips<\/strong><strong>, Oliven, Rohkost<\/strong> oder <strong>Trockenfr\u00fcchte<\/strong> und andere <strong>kleine Snacks<\/strong> oder auch <strong>Eis<\/strong> zu pr\u00e4sentieren.<\/p>\n","protected":false},"featured_media":48377,"comment_status":"open","ping_status":"closed","template":"","meta":{"_acf_changed":false},"product_brand":[],"product_cat":[2200,2201,4490],"product_tag":[],"class_list":{"0":"post-47520","1":"product","2":"type-product","3":"status-publish","4":"has-post-thumbnail","6":"product_cat-gerichte","7":"product_cat-gerichte-de","8":"product_cat-nachhaltiges-servicegeschirr","9":"pa_contenance-22-5-cl-de","10":"pa_impression-neutral-ohne-anpassung","11":"pa_matiere-polypropylen-pp","12":"pa_rangement-stapelbar","13":"pa_resistance-aux-temperatures-bis-110c","14":"pa_solutions-kauf","15":"pa_type-vaisselle-re-uz-schussel-de","16":"pa_vaisselle-re-uz-servierplatten","18":"first","19":"instock","20":"shipping-taxable","21":"purchasable","22":"product-type-simple"},"acf":{"breadcrumb_title":"","custom_product_title":""},"yoast_head":"<!-- This site is optimized with the Yoast SEO plugin v25.2 - https:\/\/yoast.com\/wordpress\/plugins\/seo\/ -->\n<title>Wiederverwendbare Sch\u00fcssel f\u00fcr So\u00dfen und Gew\u00fcrze - Re-uz \u00ae Geschirr<\/title>\n<meta name=\"description\" content=\"Wiederverwendbare Schale f\u00fcr Saucen und Gew\u00fcrze \u2713 Kleiner waschbarer &amp; wiederverwendbarer Kunststoffbeh\u00e4lter \u2713 Umweltfreundliche Beilagenschale Re-uz \u00ae.\" \/>\n<meta name=\"robots\" content=\"index, follow, max-snippet:-1, max-image-preview:large, max-video-preview:-1\" \/>\n<link rel=\"canonical\" href=\"https:\/\/re-uz.com\/de\/produkt\/schussel\/\" \/>\n<meta property=\"og:locale\" content=\"de_DE\" \/>\n<meta property=\"og:type\" content=\"article\" \/>\n<meta property=\"og:title\" content=\"Wiederverwendbare Sch\u00fcssel f\u00fcr So\u00dfen und Gew\u00fcrze - Re-uz \u00ae Geschirr\" \/>\n<meta property=\"og:description\" content=\"Wiederverwendbare Schale f\u00fcr Saucen und Gew\u00fcrze \u2713 Kleiner waschbarer &amp; wiederverwendbarer Kunststoffbeh\u00e4lter \u2713 Umweltfreundliche Beilagenschale Re-uz \u00ae.\" \/>\n<meta property=\"og:url\" content=\"https:\/\/re-uz.com\/de\/produkt\/schussel\/\" \/>\n<meta property=\"og:site_name\" content=\"Re-uz\" \/>\n<meta property=\"article:publisher\" content=\"https:\/\/www.facebook.com\/reuzofficial\" \/>\n<meta property=\"og:image\" content=\"https:\/\/re-uz.com\/wp-content\/uploads\/2024\/03\/coupelle-beige-1.jpg\" \/>\n\t<meta property=\"og:image:width\" content=\"600\" \/>\n\t<meta property=\"og:image:height\" content=\"600\" \/>\n\t<meta property=\"og:image:type\" content=\"image\/jpeg\" \/>\n<meta name=\"twitter:card\" content=\"summary_large_image\" \/>\n<script type=\"application\/ld+json\" class=\"yoast-schema-graph\">{\"@context\":\"https:\/\/schema.org\",\"@graph\":[{\"@type\":\"WebPage\",\"@id\":\"https:\/\/re-uz.com\/de\/produkt\/schussel\/\",\"url\":\"https:\/\/re-uz.com\/de\/produkt\/schussel\/\",\"name\":\"Wiederverwendbare Sch\u00fcssel f\u00fcr So\u00dfen und Gew\u00fcrze - Re-uz \u00ae Geschirr\",\"isPartOf\":{\"@id\":\"https:\/\/re-uz.com\/de\/#website\"},\"primaryImageOfPage\":{\"@id\":\"https:\/\/re-uz.com\/de\/produkt\/schussel\/#primaryimage\"},\"image\":{\"@id\":\"https:\/\/re-uz.com\/de\/produkt\/schussel\/#primaryimage\"},\"thumbnailUrl\":\"https:\/\/re-uz.com\/wp-content\/uploads\/2024\/03\/PURE_coupelle_beige.jpg\",\"datePublished\":\"2024-03-26T10:12:45+00:00\",\"description\":\"Wiederverwendbare Schale f\u00fcr Saucen und Gew\u00fcrze \u2713 Kleiner waschbarer & wiederverwendbarer Kunststoffbeh\u00e4lter \u2713 Umweltfreundliche Beilagenschale Re-uz \u00ae.\",\"breadcrumb\":{\"@id\":\"https:\/\/re-uz.com\/de\/produkt\/schussel\/#breadcrumb\"},\"inLanguage\":\"de-DE\",\"potentialAction\":[{\"@type\":\"ReadAction\",\"target\":[\"https:\/\/re-uz.com\/de\/produkt\/schussel\/\"]}]},{\"@type\":\"ImageObject\",\"inLanguage\":\"de-DE\",\"@id\":\"https:\/\/re-uz.com\/de\/produkt\/schussel\/#primaryimage\",\"url\":\"https:\/\/re-uz.com\/wp-content\/uploads\/2024\/03\/PURE_coupelle_beige.jpg\",\"contentUrl\":\"https:\/\/re-uz.com\/wp-content\/uploads\/2024\/03\/PURE_coupelle_beige.jpg\",\"width\":2000,\"height\":2000,\"caption\":\"Coupelle design en plastique incassable, vaisselle r\u00e9utilisable by Re-uz \u00ae\"},{\"@type\":\"BreadcrumbList\",\"@id\":\"https:\/\/re-uz.com\/de\/produkt\/schussel\/#breadcrumb\",\"itemListElement\":[{\"@type\":\"ListItem\",\"position\":1,\"name\":\"Accueil\",\"item\":\"https:\/\/re-uz.com\/de\/\"},{\"@type\":\"ListItem\",\"position\":2,\"name\":\"Wiederverwendbare Lebensmittelbeh\u00e4lter &amp; umweltfreundliche Re-uz \u00ae-L\u00f6sungen\",\"item\":\"https:\/\/re-uz.com\/de\/wiederverwendbare-behalter-verantwortungsvolle-losungen\/\"},{\"@type\":\"ListItem\",\"position\":3,\"name\":\"Wiederverwendbare Sch\u00fcssel 22.5 cl | PURE Sch\u00fcssel\"}]},{\"@type\":\"WebSite\",\"@id\":\"https:\/\/re-uz.com\/de\/#website\",\"url\":\"https:\/\/re-uz.com\/de\/\",\"name\":\"Re-uz\",\"description\":\"Rejoignez le mouvement z\u00e9ro-d\u00e9chet\",\"publisher\":{\"@id\":\"https:\/\/re-uz.com\/de\/#organization\"},\"alternateName\":\"Re-uz\",\"potentialAction\":[{\"@type\":\"SearchAction\",\"target\":{\"@type\":\"EntryPoint\",\"urlTemplate\":\"https:\/\/re-uz.com\/de\/?s={search_term_string}\"},\"query-input\":{\"@type\":\"PropertyValueSpecification\",\"valueRequired\":true,\"valueName\":\"search_term_string\"}}],\"inLanguage\":\"de-DE\"},{\"@type\":\"Organization\",\"@id\":\"https:\/\/re-uz.com\/de\/#organization\",\"name\":\"Re-uz\",\"url\":\"https:\/\/re-uz.com\/de\/\",\"logo\":{\"@type\":\"ImageObject\",\"inLanguage\":\"de-DE\",\"@id\":\"https:\/\/re-uz.com\/de\/#\/schema\/logo\/image\/\",\"url\":\"https:\/\/re-uz.com\/wp-content\/uploads\/2023\/10\/logo-header.svg\",\"contentUrl\":\"https:\/\/re-uz.com\/wp-content\/uploads\/2023\/10\/logo-header.svg\",\"width\":122,\"height\":50,\"caption\":\"Re-uz\"},\"image\":{\"@id\":\"https:\/\/re-uz.com\/de\/#\/schema\/logo\/image\/\"},\"sameAs\":[\"https:\/\/www.facebook.com\/reuzofficial\"]}]}<\/script>\n<!-- \/ Yoast SEO plugin. -->","yoast_head_json":{"title":"Wiederverwendbare Sch\u00fcssel f\u00fcr So\u00dfen und Gew\u00fcrze - Re-uz \u00ae Geschirr","description":"Wiederverwendbare Schale f\u00fcr Saucen und Gew\u00fcrze \u2713 Kleiner waschbarer & wiederverwendbarer Kunststoffbeh\u00e4lter \u2713 Umweltfreundliche Beilagenschale Re-uz \u00ae.","robots":{"index":"index","follow":"follow","max-snippet":"max-snippet:-1","max-image-preview":"max-image-preview:large","max-video-preview":"max-video-preview:-1"},"canonical":"https:\/\/re-uz.com\/de\/produkt\/schussel\/","og_locale":"de_DE","og_type":"article","og_title":"Wiederverwendbare Sch\u00fcssel f\u00fcr So\u00dfen und Gew\u00fcrze - Re-uz \u00ae Geschirr","og_description":"Wiederverwendbare Schale f\u00fcr Saucen und Gew\u00fcrze \u2713 Kleiner waschbarer & wiederverwendbarer Kunststoffbeh\u00e4lter \u2713 Umweltfreundliche Beilagenschale Re-uz \u00ae.","og_url":"https:\/\/re-uz.com\/de\/produkt\/schussel\/","og_site_name":"Re-uz","article_publisher":"https:\/\/www.facebook.com\/reuzofficial","og_image":[{"width":600,"height":600,"url":"https:\/\/re-uz.com\/wp-content\/uploads\/2024\/03\/coupelle-beige-1.jpg","type":"image\/jpeg"}],"twitter_card":"summary_large_image","schema":{"@context":"https:\/\/schema.org","@graph":[{"@type":"WebPage","@id":"https:\/\/re-uz.com\/de\/produkt\/schussel\/","url":"https:\/\/re-uz.com\/de\/produkt\/schussel\/","name":"Wiederverwendbare Sch\u00fcssel f\u00fcr So\u00dfen und Gew\u00fcrze - Re-uz \u00ae Geschirr","isPartOf":{"@id":"https:\/\/re-uz.com\/de\/#website"},"primaryImageOfPage":{"@id":"https:\/\/re-uz.com\/de\/produkt\/schussel\/#primaryimage"},"image":{"@id":"https:\/\/re-uz.com\/de\/produkt\/schussel\/#primaryimage"},"thumbnailUrl":"https:\/\/re-uz.com\/wp-content\/uploads\/2024\/03\/PURE_coupelle_beige.jpg","datePublished":"2024-03-26T10:12:45+00:00","description":"Wiederverwendbare Schale f\u00fcr Saucen und Gew\u00fcrze \u2713 Kleiner waschbarer & wiederverwendbarer Kunststoffbeh\u00e4lter \u2713 Umweltfreundliche Beilagenschale Re-uz \u00ae.","breadcrumb":{"@id":"https:\/\/re-uz.com\/de\/produkt\/schussel\/#breadcrumb"},"inLanguage":"de-DE","potentialAction":[{"@type":"ReadAction","target":["https:\/\/re-uz.com\/de\/produkt\/schussel\/"]}]},{"@type":"ImageObject","inLanguage":"de-DE","@id":"https:\/\/re-uz.com\/de\/produkt\/schussel\/#primaryimage","url":"https:\/\/re-uz.com\/wp-content\/uploads\/2024\/03\/PURE_coupelle_beige.jpg","contentUrl":"https:\/\/re-uz.com\/wp-content\/uploads\/2024\/03\/PURE_coupelle_beige.jpg","width":2000,"height":2000,"caption":"Coupelle design en plastique incassable, vaisselle r\u00e9utilisable by Re-uz \u00ae"},{"@type":"BreadcrumbList","@id":"https:\/\/re-uz.com\/de\/produkt\/schussel\/#breadcrumb","itemListElement":[{"@type":"ListItem","position":1,"name":"Accueil","item":"https:\/\/re-uz.com\/de\/"},{"@type":"ListItem","position":2,"name":"Wiederverwendbare Lebensmittelbeh\u00e4lter &amp; umweltfreundliche Re-uz \u00ae-L\u00f6sungen","item":"https:\/\/re-uz.com\/de\/wiederverwendbare-behalter-verantwortungsvolle-losungen\/"},{"@type":"ListItem","position":3,"name":"Wiederverwendbare Sch\u00fcssel 22.5 cl | PURE Sch\u00fcssel"}]},{"@type":"WebSite","@id":"https:\/\/re-uz.com\/de\/#website","url":"https:\/\/re-uz.com\/de\/","name":"Re-uz","description":"Rejoignez le mouvement z\u00e9ro-d\u00e9chet","publisher":{"@id":"https:\/\/re-uz.com\/de\/#organization"},"alternateName":"Re-uz","potentialAction":[{"@type":"SearchAction","target":{"@type":"EntryPoint","urlTemplate":"https:\/\/re-uz.com\/de\/?s={search_term_string}"},"query-input":{"@type":"PropertyValueSpecification","valueRequired":true,"valueName":"search_term_string"}}],"inLanguage":"de-DE"},{"@type":"Organization","@id":"https:\/\/re-uz.com\/de\/#organization","name":"Re-uz","url":"https:\/\/re-uz.com\/de\/","logo":{"@type":"ImageObject","inLanguage":"de-DE","@id":"https:\/\/re-uz.com\/de\/#\/schema\/logo\/image\/","url":"https:\/\/re-uz.com\/wp-content\/uploads\/2023\/10\/logo-header.svg","contentUrl":"https:\/\/re-uz.com\/wp-content\/uploads\/2023\/10\/logo-header.svg","width":122,"height":50,"caption":"Re-uz"},"image":{"@id":"https:\/\/re-uz.com\/de\/#\/schema\/logo\/image\/"},"sameAs":["https:\/\/www.facebook.com\/reuzofficial"]}]}},"_links":{"self":[{"href":"https:\/\/re-uz.com\/de\/wp-json\/wp\/v2\/product\/47520","targetHints":{"allow":["GET"]}}],"collection":[{"href":"https:\/\/re-uz.com\/de\/wp-json\/wp\/v2\/product"}],"about":[{"href":"https:\/\/re-uz.com\/de\/wp-json\/wp\/v2\/types\/product"}],"replies":[{"embeddable":true,"href":"https:\/\/re-uz.com\/de\/wp-json\/wp\/v2\/comments?post=47520"}],"wp:featuredmedia":[{"embeddable":true,"href":"https:\/\/re-uz.com\/de\/wp-json\/wp\/v2\/media\/48377"}],"wp:attachment":[{"href":"https:\/\/re-uz.com\/de\/wp-json\/wp\/v2\/media?parent=47520"}],"wp:term":[{"taxonomy":"product_brand","embeddable":true,"href":"https:\/\/re-uz.com\/de\/wp-json\/wp\/v2\/product_brand?post=47520"},{"taxonomy":"product_cat","embeddable":true,"href":"https:\/\/re-uz.com\/de\/wp-json\/wp\/v2\/product_cat?post=47520"},{"taxonomy":"product_tag","embeddable":true,"href":"https:\/\/re-uz.com\/de\/wp-json\/wp\/v2\/product_tag?post=47520"}],"curies":[{"name":"wp","href":"https:\/\/api.w.org\/{rel}","templated":true}]}}