{"id":48018,"date":"2024-09-12T14:16:01","date_gmt":"2024-09-12T12:16:01","guid":{"rendered":"https:\/\/re-uz.com\/produit\/couvercle-petit-bol-reutilisable-kio-a1c\/"},"modified":"2024-09-12T14:16:01","modified_gmt":"2024-09-12T12:16:01","slug":"couvercle-petit-bol-reutilisable-kio-a1c","status":"publish","type":"product","link":"https:\/\/re-uz.com\/de\/produkt\/couvercle-petit-bol-reutilisable-kio-a1c\/","title":{"rendered":"Deckel f\u00fcr wiederverwendbare kleine Sch\u00fcssel | KIO A1C"},"content":{"rendered":"\t\t<div data-elementor-type=\"section\" data-elementor-id=\"48024\" class=\"elementor elementor-48024 elementor-44877\" data-elementor-post-type=\"elementor_library\">\n\t\t\t\t\t<section class=\"elementor-section elementor-top-section elementor-element elementor-element-caadfc1 elementor-section-boxed elementor-section-height-default elementor-section-height-default\" data-id=\"caadfc1\" data-element_type=\"section\">\n\t\t\t\t\t\t<div class=\"elementor-container elementor-column-gap-default\">\n\t\t\t\t\t<div class=\"elementor-column elementor-col-100 elementor-top-column elementor-element elementor-element-a737c96\" data-id=\"a737c96\" data-element_type=\"column\" data-settings=\"{&quot;motion_fx_motion_fx_scrolling&quot;:&quot;yes&quot;,&quot;motion_fx_devices&quot;:[&quot;desktop&quot;,&quot;tablet&quot;,&quot;mobile&quot;]}\">\n\t\t\t<div class=\"elementor-widget-wrap elementor-element-populated\">\n\t\t\t\t\t\t<div class=\"elementor-element elementor-element-c300015 elementor-widget elementor-widget-heading\" data-id=\"c300015\" data-element_type=\"widget\" data-widget_type=\"heading.default\">\n\t\t\t\t<div class=\"elementor-widget-container\">\n\t\t\t\t\t<h2 class=\"elementor-heading-title elementor-size-default\">Der <span style=\"color:#ebb937\">wiederverwendbare Deckel<\/span> in Kombination mit der <span style=\"color:#ebb937\">kleinen quadratischen Sch\u00fcssel<\/span><\/h2>\t\t\t\t<\/div>\n\t\t\t\t<\/div>\n\t\t\t\t<div class=\"elementor-element elementor-element-f504052 elementor-widget elementor-widget-text-editor\" data-id=\"f504052\" data-element_type=\"widget\" data-widget_type=\"text-editor.default\">\n\t\t\t\t<div class=\"elementor-widget-container\">\n\t\t\t\t\t\t\t\t\t<p>Die Kiobox <sup>\u00ae<\/sup> von Re-uz <sup>\u00ae<\/sup> bietet schl\u00fcsselfertige L\u00f6sungen f\u00fcr <strong>nachhaltigen Konsum<\/strong>. Mit Hilfe von <strong>Beh\u00e4ltern mit Deckel<\/strong> und einem <strong>Gemeinschaftssystem<\/strong> wird die Wiederverwendung in <strong>Gastronomiebetrieben<\/strong> erleichtert. <\/p>\n<p>Der <strong>Deckel<\/strong> der <strong>kleinen quadratischen Sch\u00fcssel<\/strong> aus der Serie ist ein Muss f\u00fcr die Aufbewahrung und den Transport von Lebensmitteln aller Art.<\/p>\n\t\t\t\t\t\t\t\t<\/div>\n\t\t\t\t<\/div>\n\t\t\t\t\t<\/div>\n\t\t<\/div>\n\t\t\t\t\t<\/div>\n\t\t<\/section>\n\t\t<div class=\"elementor-element elementor-element-87ef269 e-flex e-con-boxed e-con e-parent\" data-id=\"87ef269\" data-element_type=\"container\">\n\t\t\t\t\t<div class=\"e-con-inner\">\n\t\t<div class=\"elementor-element elementor-element-44914df e-flex e-con-boxed e-con e-child\" data-id=\"44914df\" data-element_type=\"container\">\n\t\t\t\t\t<div class=\"e-con-inner\">\n\t\t\t\t<div class=\"elementor-element elementor-element-1be761b elementor-widget-divider--view-line elementor-widget elementor-widget-divider\" data-id=\"1be761b\" data-element_type=\"widget\" data-widget_type=\"divider.default\">\n\t\t\t\t<div class=\"elementor-widget-container\">\n\t\t\t\t\t\t\t<div class=\"elementor-divider\">\n\t\t\t<span class=\"elementor-divider-separator\">\n\t\t\t\t\t\t<\/span>\n\t\t<\/div>\n\t\t\t\t\t\t<\/div>\n\t\t\t\t<\/div>\n\t\t\t\t\t<\/div>\n\t\t\t\t<\/div>\n\t\t\t\t\t<\/div>\n\t\t\t\t<\/div>\n\t\t<div class=\"elementor-element elementor-element-be50ed6 e-flex e-con-boxed e-con e-parent\" data-id=\"be50ed6\" data-element_type=\"container\">\n\t\t\t\t\t<div class=\"e-con-inner\">\n\t\t<div class=\"elementor-element elementor-element-1ff28d6 e-con-full e-flex e-con e-child\" data-id=\"1ff28d6\" data-element_type=\"container\">\n\t\t\t\t<div class=\"elementor-element elementor-element-d502e8e elementor-widget elementor-widget-heading\" data-id=\"d502e8e\" data-element_type=\"widget\" data-widget_type=\"heading.default\">\n\t\t\t\t<div class=\"elementor-widget-container\">\n\t\t\t\t\t<h3 class=\"elementor-heading-title elementor-size-default\"><span style=\"color:#ebb937\">Deckel f\u00fcr wiederverwendbare Sch\u00fcssel<\/span>: Sicherheit und Vielseitigkeit der <span style=\"color:#ebb937\">Kio-Serie<\/span><\/h3>\t\t\t\t<\/div>\n\t\t\t\t<\/div>\n\t\t\t\t<div class=\"elementor-element elementor-element-1c26ffa elementor-widget elementor-widget-text-editor\" data-id=\"1c26ffa\" data-element_type=\"widget\" data-widget_type=\"text-editor.default\">\n\t\t\t\t<div class=\"elementor-widget-container\">\n\t\t\t\t\t\t\t\t\t<p>Der <strong>Deckel A1C<\/strong> wurde f\u00fcr die <a href=\"https:\/\/re-uz.com\/de\/produkt\/kleine-wiederverwendbare-schussel-kio-a1m\/\">kleine quadratische Sch\u00fcssel<\/a> von Re-uz <sup>\u00ae<\/sup> entworfen. W\u00e4hrend die quadratische <strong>Sch\u00fcssel<\/strong> auch als einfache verwendet werden kann, bietet der <strong>Deckel<\/strong> eine zus\u00e4tzliche Funktion und ist somit vielseitig einsetzbar. <\/p>\n<p>Der <strong>Deckel<\/strong> hat ein perfektes, luftdichtes Design, das die Sicherheit und Frische des Inhalts w\u00e4hrend des Transports garantiert. So wird er zu einem unverzichtbaren Begleiter f\u00fcr <strong>unterwegs<\/strong>. <\/p>\n<p>Es ist ein <strong>leichter und robuster Deckel<\/strong>, der es Ihnen erm\u00f6glicht, Ihre Speisen \u00fcberall zu genie\u00dfen, sogar im Freien. <\/p>\n\t\t\t\t\t\t\t\t<\/div>\n\t\t\t\t<\/div>\n\t\t\t\t<\/div>\n\t\t<div class=\"elementor-element elementor-element-4b237f0 e-con-full e-flex e-con e-child\" data-id=\"4b237f0\" data-element_type=\"container\" data-settings=\"{&quot;background_background&quot;:&quot;classic&quot;}\">\n\t\t\t\t<div class=\"elementor-element elementor-element-d6d0790 elementor-widget elementor-widget-image\" data-id=\"d6d0790\" data-element_type=\"widget\" data-widget_type=\"image.default\">\n\t\t\t\t<div class=\"elementor-widget-container\">\n\t\t\t\t\t\t\t\t\t\t\t\t\t\t\t<img fetchpriority=\"high\" decoding=\"async\" width=\"500\" height=\"500\" src=\"https:\/\/re-uz.com\/wp-content\/uploads\/2024\/09\/couvercle-contenant-a1m.jpg\" class=\"attachment-2048x2048 size-2048x2048 wp-image-44919\" alt=\"Deckel A1C f\u00fcr kleine quadratische Sch\u00fcssel by Re-uz\" srcset=\"https:\/\/re-uz.com\/wp-content\/uploads\/2024\/09\/couvercle-contenant-a1m.jpg 500w, https:\/\/re-uz.com\/wp-content\/uploads\/2024\/09\/couvercle-contenant-a1m-300x300.jpg 300w, https:\/\/re-uz.com\/wp-content\/uploads\/2024\/09\/couvercle-contenant-a1m-150x150.jpg 150w, https:\/\/re-uz.com\/wp-content\/uploads\/2024\/09\/couvercle-contenant-a1m-100x100.jpg 100w\" sizes=\"(max-width: 500px) 100vw, 500px\" \/>\t\t\t\t\t\t\t\t\t\t\t\t\t\t\t<\/div>\n\t\t\t\t<\/div>\n\t\t\t\t<\/div>\n\t\t\t\t\t<\/div>\n\t\t\t\t<\/div>\n\t\t<div class=\"elementor-element elementor-element-f3336fb e-flex e-con-boxed e-con e-parent\" data-id=\"f3336fb\" data-element_type=\"container\">\n\t\t\t\t\t<div class=\"e-con-inner\">\n\t\t<div class=\"elementor-element elementor-element-ad3e4e5 e-con-full e-flex e-con e-child\" data-id=\"ad3e4e5\" data-element_type=\"container\">\n\t\t\t\t<div class=\"elementor-element elementor-element-e077e97 elementor-widget elementor-widget-heading\" data-id=\"e077e97\" data-element_type=\"widget\" data-widget_type=\"heading.default\">\n\t\t\t\t<div class=\"elementor-widget-container\">\n\t\t\t\t\t<h3 class=\"elementor-heading-title elementor-size-default\">Der <span style=\"color:#ebb937\">Re-uz <sup>\u00ae<\/sup><\/span> Deckel f\u00fcr quadratische Schalen: ein geniales Design mit vollendeten Details <\/h3>\t\t\t\t<\/div>\n\t\t\t\t<\/div>\n\t\t\t\t<div class=\"elementor-element elementor-element-0893968 elementor-widget elementor-widget-text-editor\" data-id=\"0893968\" data-element_type=\"widget\" data-widget_type=\"text-editor.default\">\n\t\t\t\t<div class=\"elementor-widget-container\">\n\t\t\t\t\t\t\t\t\t<div class=\"flex max-w-full flex-col flex-grow\">\n<div class=\"min-h-[20px] text-message flex w-full flex-col items-end gap-2 whitespace-normal break-words [.text-message+&amp;]:mt-5\" dir=\"auto\" data-message-author-role=\"assistant\" data-message-id=\"77dfb720-ee3d-49f6-9547-7d0fa65672d7\">\n<div class=\"flex w-full flex-col gap-1 empty:hidden first:pt-[3px]\">\n<div class=\"markdown prose w-full break-words dark:prose-invert light\">\n<p>Das Design des <strong>Deckels<\/strong> als Ganzes spiegelt eine sorgf\u00e4ltige Aufmerksamkeit f\u00fcr Details wider, wobei jedes Element sorgf\u00e4ltig f\u00fcr eine bestimmte Funktionalit\u00e4t entworfen wurde.<\/p>\n<p>Die Farbe des Deckels unterscheidet zwischen den <strong>Beh\u00e4ltern<\/strong>, die f\u00fcr den Kauf vorgesehen sind, und denen, die in der Gemeinschaft verwendet werden. Gr\u00fcn ist in diesem Fall die Farbe der Deckel, die mit den <strong>Sch\u00fcsseln<\/strong> f\u00fcr den einfachen Gebrauch verbunden sind, w\u00e4hrend Grau f\u00fcr die Pfandbeh\u00e4lter und die <strong>Beh\u00e4lter<\/strong>, die in der <strong>Gemeinschaft<\/strong> zirkulieren, reserviert ist. &nbsp;<\/p>\n<p>Der <strong>Deckel<\/strong> ist au\u00dferdem mit vier Vertiefungen an der Oberseite versehen, die eine sichere und zuverl\u00e4ssige<strong>Stapelbarkeit<\/strong> der geschlossenen <strong>Beh\u00e4lter<\/strong> erm\u00f6glichen.<\/p>\n<\/div>\n<\/div>\n<\/div>\n<\/div>\t\t\t\t\t\t\t\t<\/div>\n\t\t\t\t<\/div>\n\t\t\t\t<\/div>\n\t\t<div class=\"elementor-element elementor-element-ec35a80 e-con-full e-flex e-con e-child\" data-id=\"ec35a80\" data-element_type=\"container\" data-settings=\"{&quot;background_background&quot;:&quot;classic&quot;}\">\n\t\t\t\t<div class=\"elementor-element elementor-element-0a9477d elementor-widget elementor-widget-image\" data-id=\"0a9477d\" data-element_type=\"widget\" data-widget_type=\"image.default\">\n\t\t\t\t<div class=\"elementor-widget-container\">\n\t\t\t\t\t\t\t\t\t\t\t\t\t\t\t<img decoding=\"async\" width=\"500\" height=\"500\" src=\"https:\/\/re-uz.com\/wp-content\/uploads\/2024\/09\/couvercle-petit-bol-reutilisable.jpg\" class=\"attachment-2048x2048 size-2048x2048 wp-image-44934\" alt=\"Couvercle A1C pour bol carr\u00e9 by Re-uz\" srcset=\"https:\/\/re-uz.com\/wp-content\/uploads\/2024\/09\/couvercle-petit-bol-reutilisable.jpg 500w, https:\/\/re-uz.com\/wp-content\/uploads\/2024\/09\/couvercle-petit-bol-reutilisable-300x300.jpg 300w, https:\/\/re-uz.com\/wp-content\/uploads\/2024\/09\/couvercle-petit-bol-reutilisable-150x150.jpg 150w, https:\/\/re-uz.com\/wp-content\/uploads\/2024\/09\/couvercle-petit-bol-reutilisable-100x100.jpg 100w\" sizes=\"(max-width: 500px) 100vw, 500px\" \/>\t\t\t\t\t\t\t\t\t\t\t\t\t\t\t<\/div>\n\t\t\t\t<\/div>\n\t\t\t\t<\/div>\n\t\t\t\t\t<\/div>\n\t\t\t\t<\/div>\n\t\t\t\t<\/div>\n\t\t\n","protected":false},"excerpt":{"rendered":"<p>Entdecken Sie den <strong>wiederverwendbaren Deckel<\/strong> f\u00fcr die quadratische Schale aus der Kiobox-Reihe.<br \/>\nDies ist ein zuverl\u00e4ssiger, <strong>luftdichter Deckel<\/strong>, der den Verzehr an jedem Ort sichert. Mit <strong>Pfanddeckeln<\/strong> bieten Sie eine nachhaltige Alternative zu Einwegschalen f\u00fcr den <strong>Take-away-Bereich<\/strong>. <\/p>\n","protected":false},"featured_media":46720,"comment_status":"open","ping_status":"closed","template":"","meta":{"_acf_changed":false},"product_brand":[],"product_cat":[2210],"product_tag":[],"class_list":{"0":"post-48018","1":"product","2":"type-product","3":"status-publish","4":"has-post-thumbnail","6":"product_cat-schusseln","7":"pa_matiere-polyolefin-de","8":"pa_rangement-stapelbar","9":"pa_solutions-kauf","10":"pa_solutions-netzwerk-gemeinschaft","11":"pa_type-vaisselle-re-uz-deckel","12":"pa_vaisselle-re-uz-takeaway-geschirr-deckeln","14":"first","15":"instock","16":"shipping-taxable","17":"purchasable","18":"product-type-simple"},"acf":{"breadcrumb_title":"","custom_product_title":""},"yoast_head":"<!-- This site is optimized with the Yoast SEO plugin v25.2 - https:\/\/yoast.com\/wordpress\/plugins\/seo\/ -->\n<title>Wiederverwendbarer Deckel f\u00fcr kleine Sch\u00fcssel - Re-uz<\/title>\n<meta name=\"description\" content=\"Der Deckel f\u00fcr die kleine quadratische Schale aus der Serie Kio by Re-uz ist ein luftdichter, leichter und unzerbrechlicher Deckel, den Sie unbegrenzt wiederverwenden k\u00f6nnen.\" \/>\n<meta name=\"robots\" content=\"index, follow, max-snippet:-1, max-image-preview:large, max-video-preview:-1\" \/>\n<link rel=\"canonical\" href=\"https:\/\/re-uz.com\/de\/produkt\/couvercle-petit-bol-reutilisable-kio-a1c\/\" \/>\n<meta property=\"og:locale\" content=\"de_DE\" \/>\n<meta property=\"og:type\" content=\"article\" \/>\n<meta property=\"og:title\" content=\"Wiederverwendbarer Deckel f\u00fcr kleine Sch\u00fcssel - Re-uz\" \/>\n<meta property=\"og:description\" content=\"Der Deckel f\u00fcr die kleine quadratische Schale aus der Serie Kio by Re-uz ist ein luftdichter, leichter und unzerbrechlicher Deckel, den Sie unbegrenzt wiederverwenden k\u00f6nnen.\" \/>\n<meta property=\"og:url\" content=\"https:\/\/re-uz.com\/de\/produkt\/couvercle-petit-bol-reutilisable-kio-a1c\/\" \/>\n<meta property=\"og:site_name\" content=\"Re-uz\" \/>\n<meta property=\"article:publisher\" content=\"https:\/\/www.facebook.com\/reuzofficial\" \/>\n<meta property=\"og:image\" content=\"https:\/\/re-uz.com\/wp-content\/uploads\/2024\/09\/kio-a1c-achat.jpg\" \/>\n\t<meta property=\"og:image:width\" content=\"2000\" \/>\n\t<meta property=\"og:image:height\" content=\"2000\" \/>\n\t<meta property=\"og:image:type\" content=\"image\/jpeg\" \/>\n<meta name=\"twitter:card\" content=\"summary_large_image\" \/>\n<script type=\"application\/ld+json\" class=\"yoast-schema-graph\">{\"@context\":\"https:\/\/schema.org\",\"@graph\":[{\"@type\":\"WebPage\",\"@id\":\"https:\/\/re-uz.com\/de\/produkt\/couvercle-petit-bol-reutilisable-kio-a1c\/\",\"url\":\"https:\/\/re-uz.com\/de\/produkt\/couvercle-petit-bol-reutilisable-kio-a1c\/\",\"name\":\"Wiederverwendbarer Deckel f\u00fcr kleine Sch\u00fcssel - Re-uz\",\"isPartOf\":{\"@id\":\"https:\/\/re-uz.com\/de\/#website\"},\"primaryImageOfPage\":{\"@id\":\"https:\/\/re-uz.com\/de\/produkt\/couvercle-petit-bol-reutilisable-kio-a1c\/#primaryimage\"},\"image\":{\"@id\":\"https:\/\/re-uz.com\/de\/produkt\/couvercle-petit-bol-reutilisable-kio-a1c\/#primaryimage\"},\"thumbnailUrl\":\"https:\/\/re-uz.com\/wp-content\/uploads\/2024\/09\/kio-a1c-achat.jpg\",\"datePublished\":\"2024-09-12T12:16:01+00:00\",\"description\":\"Der Deckel f\u00fcr die kleine quadratische Schale aus der Serie Kio by Re-uz ist ein luftdichter, leichter und unzerbrechlicher Deckel, den Sie unbegrenzt wiederverwenden k\u00f6nnen.\",\"breadcrumb\":{\"@id\":\"https:\/\/re-uz.com\/de\/produkt\/couvercle-petit-bol-reutilisable-kio-a1c\/#breadcrumb\"},\"inLanguage\":\"de-DE\",\"potentialAction\":[{\"@type\":\"ReadAction\",\"target\":[\"https:\/\/re-uz.com\/de\/produkt\/couvercle-petit-bol-reutilisable-kio-a1c\/\"]}]},{\"@type\":\"ImageObject\",\"inLanguage\":\"de-DE\",\"@id\":\"https:\/\/re-uz.com\/de\/produkt\/couvercle-petit-bol-reutilisable-kio-a1c\/#primaryimage\",\"url\":\"https:\/\/re-uz.com\/wp-content\/uploads\/2024\/09\/kio-a1c-achat.jpg\",\"contentUrl\":\"https:\/\/re-uz.com\/wp-content\/uploads\/2024\/09\/kio-a1c-achat.jpg\",\"width\":2000,\"height\":2000,\"caption\":\"Gr\u00fcner Deckel f\u00fcr kleine quadratische Schale by Re-uz\"},{\"@type\":\"BreadcrumbList\",\"@id\":\"https:\/\/re-uz.com\/de\/produkt\/couvercle-petit-bol-reutilisable-kio-a1c\/#breadcrumb\",\"itemListElement\":[{\"@type\":\"ListItem\",\"position\":1,\"name\":\"Accueil\",\"item\":\"https:\/\/re-uz.com\/de\/\"},{\"@type\":\"ListItem\",\"position\":2,\"name\":\"Wiederverwendbare Lebensmittelbeh\u00e4lter &amp; umweltfreundliche Re-uz \u00ae-L\u00f6sungen\",\"item\":\"https:\/\/re-uz.com\/de\/wiederverwendbare-behalter-verantwortungsvolle-losungen\/\"},{\"@type\":\"ListItem\",\"position\":3,\"name\":\"Deckel f\u00fcr wiederverwendbare kleine Sch\u00fcssel | KIO A1C\"}]},{\"@type\":\"WebSite\",\"@id\":\"https:\/\/re-uz.com\/de\/#website\",\"url\":\"https:\/\/re-uz.com\/de\/\",\"name\":\"Re-uz\",\"description\":\"Rejoignez le mouvement z\u00e9ro-d\u00e9chet\",\"publisher\":{\"@id\":\"https:\/\/re-uz.com\/de\/#organization\"},\"alternateName\":\"Re-uz\",\"potentialAction\":[{\"@type\":\"SearchAction\",\"target\":{\"@type\":\"EntryPoint\",\"urlTemplate\":\"https:\/\/re-uz.com\/de\/?s={search_term_string}\"},\"query-input\":{\"@type\":\"PropertyValueSpecification\",\"valueRequired\":true,\"valueName\":\"search_term_string\"}}],\"inLanguage\":\"de-DE\"},{\"@type\":\"Organization\",\"@id\":\"https:\/\/re-uz.com\/de\/#organization\",\"name\":\"Re-uz\",\"url\":\"https:\/\/re-uz.com\/de\/\",\"logo\":{\"@type\":\"ImageObject\",\"inLanguage\":\"de-DE\",\"@id\":\"https:\/\/re-uz.com\/de\/#\/schema\/logo\/image\/\",\"url\":\"https:\/\/re-uz.com\/wp-content\/uploads\/2023\/10\/logo-header.svg\",\"contentUrl\":\"https:\/\/re-uz.com\/wp-content\/uploads\/2023\/10\/logo-header.svg\",\"width\":122,\"height\":50,\"caption\":\"Re-uz\"},\"image\":{\"@id\":\"https:\/\/re-uz.com\/de\/#\/schema\/logo\/image\/\"},\"sameAs\":[\"https:\/\/www.facebook.com\/reuzofficial\"]}]}<\/script>\n<!-- \/ Yoast SEO plugin. -->","yoast_head_json":{"title":"Wiederverwendbarer Deckel f\u00fcr kleine Sch\u00fcssel - Re-uz","description":"Der Deckel f\u00fcr die kleine quadratische Schale aus der Serie Kio by Re-uz ist ein luftdichter, leichter und unzerbrechlicher Deckel, den Sie unbegrenzt wiederverwenden k\u00f6nnen.","robots":{"index":"index","follow":"follow","max-snippet":"max-snippet:-1","max-image-preview":"max-image-preview:large","max-video-preview":"max-video-preview:-1"},"canonical":"https:\/\/re-uz.com\/de\/produkt\/couvercle-petit-bol-reutilisable-kio-a1c\/","og_locale":"de_DE","og_type":"article","og_title":"Wiederverwendbarer Deckel f\u00fcr kleine Sch\u00fcssel - Re-uz","og_description":"Der Deckel f\u00fcr die kleine quadratische Schale aus der Serie Kio by Re-uz ist ein luftdichter, leichter und unzerbrechlicher Deckel, den Sie unbegrenzt wiederverwenden k\u00f6nnen.","og_url":"https:\/\/re-uz.com\/de\/produkt\/couvercle-petit-bol-reutilisable-kio-a1c\/","og_site_name":"Re-uz","article_publisher":"https:\/\/www.facebook.com\/reuzofficial","og_image":[{"width":2000,"height":2000,"url":"https:\/\/re-uz.com\/wp-content\/uploads\/2024\/09\/kio-a1c-achat.jpg","type":"image\/jpeg"}],"twitter_card":"summary_large_image","schema":{"@context":"https:\/\/schema.org","@graph":[{"@type":"WebPage","@id":"https:\/\/re-uz.com\/de\/produkt\/couvercle-petit-bol-reutilisable-kio-a1c\/","url":"https:\/\/re-uz.com\/de\/produkt\/couvercle-petit-bol-reutilisable-kio-a1c\/","name":"Wiederverwendbarer Deckel f\u00fcr kleine Sch\u00fcssel - Re-uz","isPartOf":{"@id":"https:\/\/re-uz.com\/de\/#website"},"primaryImageOfPage":{"@id":"https:\/\/re-uz.com\/de\/produkt\/couvercle-petit-bol-reutilisable-kio-a1c\/#primaryimage"},"image":{"@id":"https:\/\/re-uz.com\/de\/produkt\/couvercle-petit-bol-reutilisable-kio-a1c\/#primaryimage"},"thumbnailUrl":"https:\/\/re-uz.com\/wp-content\/uploads\/2024\/09\/kio-a1c-achat.jpg","datePublished":"2024-09-12T12:16:01+00:00","description":"Der Deckel f\u00fcr die kleine quadratische Schale aus der Serie Kio by Re-uz ist ein luftdichter, leichter und unzerbrechlicher Deckel, den Sie unbegrenzt wiederverwenden k\u00f6nnen.","breadcrumb":{"@id":"https:\/\/re-uz.com\/de\/produkt\/couvercle-petit-bol-reutilisable-kio-a1c\/#breadcrumb"},"inLanguage":"de-DE","potentialAction":[{"@type":"ReadAction","target":["https:\/\/re-uz.com\/de\/produkt\/couvercle-petit-bol-reutilisable-kio-a1c\/"]}]},{"@type":"ImageObject","inLanguage":"de-DE","@id":"https:\/\/re-uz.com\/de\/produkt\/couvercle-petit-bol-reutilisable-kio-a1c\/#primaryimage","url":"https:\/\/re-uz.com\/wp-content\/uploads\/2024\/09\/kio-a1c-achat.jpg","contentUrl":"https:\/\/re-uz.com\/wp-content\/uploads\/2024\/09\/kio-a1c-achat.jpg","width":2000,"height":2000,"caption":"Gr\u00fcner Deckel f\u00fcr kleine quadratische Schale by Re-uz"},{"@type":"BreadcrumbList","@id":"https:\/\/re-uz.com\/de\/produkt\/couvercle-petit-bol-reutilisable-kio-a1c\/#breadcrumb","itemListElement":[{"@type":"ListItem","position":1,"name":"Accueil","item":"https:\/\/re-uz.com\/de\/"},{"@type":"ListItem","position":2,"name":"Wiederverwendbare Lebensmittelbeh\u00e4lter &amp; umweltfreundliche Re-uz \u00ae-L\u00f6sungen","item":"https:\/\/re-uz.com\/de\/wiederverwendbare-behalter-verantwortungsvolle-losungen\/"},{"@type":"ListItem","position":3,"name":"Deckel f\u00fcr wiederverwendbare kleine Sch\u00fcssel | KIO A1C"}]},{"@type":"WebSite","@id":"https:\/\/re-uz.com\/de\/#website","url":"https:\/\/re-uz.com\/de\/","name":"Re-uz","description":"Rejoignez le mouvement z\u00e9ro-d\u00e9chet","publisher":{"@id":"https:\/\/re-uz.com\/de\/#organization"},"alternateName":"Re-uz","potentialAction":[{"@type":"SearchAction","target":{"@type":"EntryPoint","urlTemplate":"https:\/\/re-uz.com\/de\/?s={search_term_string}"},"query-input":{"@type":"PropertyValueSpecification","valueRequired":true,"valueName":"search_term_string"}}],"inLanguage":"de-DE"},{"@type":"Organization","@id":"https:\/\/re-uz.com\/de\/#organization","name":"Re-uz","url":"https:\/\/re-uz.com\/de\/","logo":{"@type":"ImageObject","inLanguage":"de-DE","@id":"https:\/\/re-uz.com\/de\/#\/schema\/logo\/image\/","url":"https:\/\/re-uz.com\/wp-content\/uploads\/2023\/10\/logo-header.svg","contentUrl":"https:\/\/re-uz.com\/wp-content\/uploads\/2023\/10\/logo-header.svg","width":122,"height":50,"caption":"Re-uz"},"image":{"@id":"https:\/\/re-uz.com\/de\/#\/schema\/logo\/image\/"},"sameAs":["https:\/\/www.facebook.com\/reuzofficial"]}]}},"_links":{"self":[{"href":"https:\/\/re-uz.com\/de\/wp-json\/wp\/v2\/product\/48018","targetHints":{"allow":["GET"]}}],"collection":[{"href":"https:\/\/re-uz.com\/de\/wp-json\/wp\/v2\/product"}],"about":[{"href":"https:\/\/re-uz.com\/de\/wp-json\/wp\/v2\/types\/product"}],"replies":[{"embeddable":true,"href":"https:\/\/re-uz.com\/de\/wp-json\/wp\/v2\/comments?post=48018"}],"wp:featuredmedia":[{"embeddable":true,"href":"https:\/\/re-uz.com\/de\/wp-json\/wp\/v2\/media\/46720"}],"wp:attachment":[{"href":"https:\/\/re-uz.com\/de\/wp-json\/wp\/v2\/media?parent=48018"}],"wp:term":[{"taxonomy":"product_brand","embeddable":true,"href":"https:\/\/re-uz.com\/de\/wp-json\/wp\/v2\/product_brand?post=48018"},{"taxonomy":"product_cat","embeddable":true,"href":"https:\/\/re-uz.com\/de\/wp-json\/wp\/v2\/product_cat?post=48018"},{"taxonomy":"product_tag","embeddable":true,"href":"https:\/\/re-uz.com\/de\/wp-json\/wp\/v2\/product_tag?post=48018"}],"curies":[{"name":"wp","href":"https:\/\/api.w.org\/{rel}","templated":true}]}}