{"id":48039,"date":"2024-09-09T10:33:58","date_gmt":"2024-09-09T08:33:58","guid":{"rendered":"https:\/\/re-uz.com\/produit\/couvercle-bol-sauce-reutilisable-kio-a5c\/"},"modified":"2024-09-09T10:33:58","modified_gmt":"2024-09-09T08:33:58","slug":"couvercle-bol-sauce-reutilisable-kio-a5c","status":"publish","type":"product","link":"https:\/\/re-uz.com\/de\/produkt\/couvercle-bol-sauce-reutilisable-kio-a5c\/","title":{"rendered":"Deckel f\u00fcr kleine Sch\u00fcssel mit Sauce | KIO A5C"},"content":{"rendered":"\t\t<div data-elementor-type=\"section\" data-elementor-id=\"48045\" class=\"elementor elementor-48045 elementor-44596\" data-elementor-post-type=\"elementor_library\">\n\t\t\t\t\t<section class=\"elementor-section elementor-top-section elementor-element elementor-element-31c9873 elementor-section-boxed elementor-section-height-default elementor-section-height-default\" data-id=\"31c9873\" data-element_type=\"section\">\n\t\t\t\t\t\t<div class=\"elementor-container elementor-column-gap-default\">\n\t\t\t\t\t<div class=\"elementor-column elementor-col-100 elementor-top-column elementor-element elementor-element-4d2e622\" data-id=\"4d2e622\" data-element_type=\"column\" data-settings=\"{&quot;motion_fx_motion_fx_scrolling&quot;:&quot;yes&quot;,&quot;motion_fx_devices&quot;:[&quot;desktop&quot;,&quot;tablet&quot;,&quot;mobile&quot;]}\">\n\t\t\t<div class=\"elementor-widget-wrap elementor-element-populated\">\n\t\t\t\t\t\t<div class=\"elementor-element elementor-element-a7f1cdb elementor-widget elementor-widget-heading\" data-id=\"a7f1cdb\" data-element_type=\"widget\" data-widget_type=\"heading.default\">\n\t\t\t\t<div class=\"elementor-widget-container\">\n\t\t\t\t\t<h2 class=\"elementor-heading-title elementor-size-default\"><span style=\"color:#ebb937\">Deckel<\/span> f\u00fcr <span style=\"color:#ebb937\">kleine Sch\u00fcssel mit Sauce<\/span>: eine <span style=\"color:#ebb937\">sichere Verschlussl\u00f6sung<\/span><\/h2>\t\t\t\t<\/div>\n\t\t\t\t<\/div>\n\t\t\t\t<div class=\"elementor-element elementor-element-73c8db3 elementor-widget elementor-widget-text-editor\" data-id=\"73c8db3\" data-element_type=\"widget\" data-widget_type=\"text-editor.default\">\n\t\t\t\t<div class=\"elementor-widget-container\">\n\t\t\t\t\t\t\t\t\t<p>Entdecken Sie den <strong>Deckel f\u00fcr die kleine Sch\u00fcssel mit Sauce aus der Kiobox-Reihe<\/strong>.&nbsp;<\/p>\n<p>Dieser leichte, unzerbrechliche und wiederverwendbare <strong>Deckel im Miniformat<\/strong> sichert selbst die fl\u00fcssigsten Zubereitungen.&nbsp;<\/p>\t\t\t\t\t\t\t\t<\/div>\n\t\t\t\t<\/div>\n\t\t\t\t\t<\/div>\n\t\t<\/div>\n\t\t\t\t\t<\/div>\n\t\t<\/section>\n\t\t<div class=\"elementor-element elementor-element-c33e411 e-flex e-con-boxed e-con e-parent\" data-id=\"c33e411\" data-element_type=\"container\">\n\t\t\t\t\t<div class=\"e-con-inner\">\n\t\t<div class=\"elementor-element elementor-element-5f0eef4 e-flex e-con-boxed e-con e-child\" data-id=\"5f0eef4\" data-element_type=\"container\">\n\t\t\t\t\t<div class=\"e-con-inner\">\n\t\t\t\t<div class=\"elementor-element elementor-element-9f36440 elementor-widget-divider--view-line elementor-widget elementor-widget-divider\" data-id=\"9f36440\" data-element_type=\"widget\" data-widget_type=\"divider.default\">\n\t\t\t\t<div class=\"elementor-widget-container\">\n\t\t\t\t\t\t\t<div class=\"elementor-divider\">\n\t\t\t<span class=\"elementor-divider-separator\">\n\t\t\t\t\t\t<\/span>\n\t\t<\/div>\n\t\t\t\t\t\t<\/div>\n\t\t\t\t<\/div>\n\t\t\t\t\t<\/div>\n\t\t\t\t<\/div>\n\t\t\t\t\t<\/div>\n\t\t\t\t<\/div>\n\t\t<div class=\"elementor-element elementor-element-6ad01a9 e-flex e-con-boxed e-con e-parent\" data-id=\"6ad01a9\" data-element_type=\"container\">\n\t\t\t\t\t<div class=\"e-con-inner\">\n\t\t<div class=\"elementor-element elementor-element-305c2dc e-con-full e-flex e-con e-child\" data-id=\"305c2dc\" data-element_type=\"container\">\n\t\t\t\t<div class=\"elementor-element elementor-element-920b099 elementor-widget elementor-widget-heading\" data-id=\"920b099\" data-element_type=\"widget\" data-widget_type=\"heading.default\">\n\t\t\t\t<div class=\"elementor-widget-container\">\n\t\t\t\t\t<h3 class=\"elementor-heading-title elementor-size-default\">Ein <span style=\"color:#ebb937\">luftdichter Deckel<\/span>, der auch die riskantesten Zubereitungen sichert<\/h3>\t\t\t\t<\/div>\n\t\t\t\t<\/div>\n\t\t\t\t<div class=\"elementor-element elementor-element-5ffaf7f elementor-widget elementor-widget-text-editor\" data-id=\"5ffaf7f\" data-element_type=\"widget\" data-widget_type=\"text-editor.default\">\n\t\t\t\t<div class=\"elementor-widget-container\">\n\t\t\t\t\t\t\t\t\t<p>Die <a href=\"https:\/\/re-uz.com\/de\/produkt\/wiederverwendbare-schussel-schussel-kio-a5s\/\"><strong>kleine Schale<\/strong><\/a> aus der <strong>Kiobox-Serie<\/strong> transportiert besonders empfindliche Inhalte. <strong>So\u00dfen<\/strong>, <strong>Garnierungen<\/strong>, <strong>Gew\u00fcrze<\/strong> und <strong>Cremes<\/strong> ben\u00f6tigen einen <strong>Deckel<\/strong>, der einen optimalen Schutz bietet. <\/p>\n<p>Re-uz <sup>\u00ae <\/sup>hat den dazugeh\u00f6rigen <strong>Deckel<\/strong> entwickelt, um diese Anforderungen an<strong>Dichtigkeit<\/strong> und Sicherheit zu erf\u00fcllen. Mit einem ausgekl\u00fcgelten Verschlussmechanismus wird der Deckel fest auf die Sch\u00fcssel geklickt und sch\u00fctzt die Zubereitungen w\u00e4hrend des Transports und der Lagerung. Das zuverl\u00e4ssige Befestigungssystem sorgt daf\u00fcr, dass die Mitarbeiter beruhigt sein k\u00f6nnen und erleichtert die t\u00e4gliche Arbeit, da es eine schnelle und einfache Verwaltung der Beh\u00e4lter erm\u00f6glicht.  <\/p>\n<p>F\u00fcr den Verkauf <strong>zum Mitnehmen<\/strong> wird die kleine Sch\u00fcssel durch den <strong>Deckel<\/strong> in einen <strong>Takeaway-Beh\u00e4lter<\/strong> verwandelt. Die <strong>Einweg-Saucengl\u00e4ser<\/strong>, die f\u00fcr die Saucen und Gew\u00fcrze verwendet werden, die mit den Gerichten angeboten werden, werden durch diese <strong>wiederverwendbare<\/strong> und <strong>nachhaltige<\/strong> L\u00f6sung ersetzt.  <\/p>\n\t\t\t\t\t\t\t\t<\/div>\n\t\t\t\t<\/div>\n\t\t\t\t<\/div>\n\t\t<div class=\"elementor-element elementor-element-cbfa360 e-con-full e-flex e-con e-child\" data-id=\"cbfa360\" data-element_type=\"container\" data-settings=\"{&quot;background_background&quot;:&quot;classic&quot;}\">\n\t\t\t\t<div class=\"elementor-element elementor-element-b972905 elementor-widget elementor-widget-image\" data-id=\"b972905\" data-element_type=\"widget\" data-widget_type=\"image.default\">\n\t\t\t\t<div class=\"elementor-widget-container\">\n\t\t\t\t\t\t\t\t\t\t\t\t\t\t\t<img fetchpriority=\"high\" decoding=\"async\" width=\"500\" height=\"500\" src=\"https:\/\/re-uz.com\/wp-content\/uploads\/2024\/09\/couvercle-pot-mayonnaise.jpg\" class=\"attachment-2048x2048 size-2048x2048 wp-image-44638\" alt=\"Wiederverwendbarer Deckel f\u00fcr So\u00dfensch\u00e4lchen by Re-uz\" srcset=\"https:\/\/re-uz.com\/wp-content\/uploads\/2024\/09\/couvercle-pot-mayonnaise.jpg 500w, https:\/\/re-uz.com\/wp-content\/uploads\/2024\/09\/couvercle-pot-mayonnaise-300x300.jpg 300w, https:\/\/re-uz.com\/wp-content\/uploads\/2024\/09\/couvercle-pot-mayonnaise-150x150.jpg 150w, https:\/\/re-uz.com\/wp-content\/uploads\/2024\/09\/couvercle-pot-mayonnaise-100x100.jpg 100w\" sizes=\"(max-width: 500px) 100vw, 500px\" \/>\t\t\t\t\t\t\t\t\t\t\t\t\t\t\t<\/div>\n\t\t\t\t<\/div>\n\t\t\t\t<\/div>\n\t\t\t\t\t<\/div>\n\t\t\t\t<\/div>\n\t\t<div class=\"elementor-element elementor-element-8909c54 e-flex e-con-boxed e-con e-parent\" data-id=\"8909c54\" data-element_type=\"container\">\n\t\t\t\t\t<div class=\"e-con-inner\">\n\t\t<div class=\"elementor-element elementor-element-378a58a e-con-full e-flex e-con e-child\" data-id=\"378a58a\" data-element_type=\"container\">\n\t\t\t\t<div class=\"elementor-element elementor-element-9a3b7e4 elementor-widget elementor-widget-heading\" data-id=\"9a3b7e4\" data-element_type=\"widget\" data-widget_type=\"heading.default\">\n\t\t\t\t<div class=\"elementor-widget-container\">\n\t\t\t\t\t<h3 class=\"elementor-heading-title elementor-size-default\">Der <span style=\"color:#ebb937\">Kio Saucenschalen-Deckel<\/span>: Ein <span style=\"color:#ebb937\">nachhaltiges<\/span> und praktisches Design<\/h3>\t\t\t\t<\/div>\n\t\t\t\t<\/div>\n\t\t\t\t<div class=\"elementor-element elementor-element-e988f88 elementor-widget elementor-widget-text-editor\" data-id=\"e988f88\" data-element_type=\"widget\" data-widget_type=\"text-editor.default\">\n\t\t\t\t<div class=\"elementor-widget-container\">\n\t\t\t\t\t\t\t\t\t<p>Der <strong>Deckel<\/strong> f\u00fcr die <strong>Kio Saucenschale<\/strong> besteht aus Polyolefin, einem leichten und <strong>wiederverwertbaren<\/strong> Lebensmittelmaterial. Dieses Design ist Teil des Re-uz <sup>\u00ae<\/sup> Ansatzes, der sich auf <strong>umweltfreundliche<\/strong> L\u00f6sungen mit <strong>optimiertem Lebenszyklus<\/strong> konzentriert. <\/p>\n<p>Wie der dazugeh\u00f6rige Beh\u00e4lter ist auch dieser <strong>Deckel<\/strong> <strong>wiederverwendbar<\/strong> und <strong>waschbar<\/strong>. Er h\u00e4lt sogar den h\u00e4ufigen und wiederholten Sp\u00fclg\u00e4ngen in gewerblichen Geschirrsp\u00fclern stand und erf\u00fcllt somit die Anforderungen von <strong>Restaurants<\/strong>, <strong>Veranstaltungsorganisatoren<\/strong> und <strong>Caterern<\/strong>. <\/p>\n\t\t\t\t\t\t\t\t<\/div>\n\t\t\t\t<\/div>\n\t\t\t\t<\/div>\n\t\t<div class=\"elementor-element elementor-element-05085ce e-con-full e-flex e-con e-child\" data-id=\"05085ce\" data-element_type=\"container\" data-settings=\"{&quot;background_background&quot;:&quot;classic&quot;}\">\n\t\t\t\t<div class=\"elementor-element elementor-element-1a353be elementor-widget elementor-widget-image\" data-id=\"1a353be\" data-element_type=\"widget\" data-widget_type=\"image.default\">\n\t\t\t\t<div class=\"elementor-widget-container\">\n\t\t\t\t\t\t\t\t\t\t\t\t\t\t\t<img decoding=\"async\" width=\"500\" height=\"500\" src=\"https:\/\/re-uz.com\/wp-content\/uploads\/2024\/09\/couvercles-bol-sauce-re-uz.jpg\" class=\"attachment-2048x2048 size-2048x2048 wp-image-44798\" alt=\"Deckel f\u00fcr kleine So\u00dfensch\u00fcssel Re-uz\" srcset=\"https:\/\/re-uz.com\/wp-content\/uploads\/2024\/09\/couvercles-bol-sauce-re-uz.jpg 500w, https:\/\/re-uz.com\/wp-content\/uploads\/2024\/09\/couvercles-bol-sauce-re-uz-300x300.jpg 300w, https:\/\/re-uz.com\/wp-content\/uploads\/2024\/09\/couvercles-bol-sauce-re-uz-150x150.jpg 150w, https:\/\/re-uz.com\/wp-content\/uploads\/2024\/09\/couvercles-bol-sauce-re-uz-100x100.jpg 100w\" sizes=\"(max-width: 500px) 100vw, 500px\" \/>\t\t\t\t\t\t\t\t\t\t\t\t\t\t\t<\/div>\n\t\t\t\t<\/div>\n\t\t\t\t<\/div>\n\t\t\t\t\t<\/div>\n\t\t\t\t<\/div>\n\t\t<div class=\"elementor-element elementor-element-7fb6f78 e-flex e-con-boxed e-con e-parent\" data-id=\"7fb6f78\" data-element_type=\"container\">\n\t\t\t\t\t<div class=\"e-con-inner\">\n\t\t<div class=\"elementor-element elementor-element-f6bb855 e-con-full e-flex e-con e-child\" data-id=\"f6bb855\" data-element_type=\"container\">\n\t\t\t\t<div class=\"elementor-element elementor-element-b503c47 elementor-widget elementor-widget-heading\" data-id=\"b503c47\" data-element_type=\"widget\" data-widget_type=\"heading.default\">\n\t\t\t\t<div class=\"elementor-widget-container\">\n\t\t\t\t\t<h3 class=\"elementor-heading-title elementor-size-default\"><span style=\"color:#ebb937\">Deckel der So\u00dfensch\u00fcssel von kio<\/span>: Unterschiedliche Farben f\u00fcr unterschiedliche Zwecke<\/h3>\t\t\t\t<\/div>\n\t\t\t\t<\/div>\n\t\t\t\t<div class=\"elementor-element elementor-element-e672134 elementor-widget elementor-widget-text-editor\" data-id=\"e672134\" data-element_type=\"widget\" data-widget_type=\"text-editor.default\">\n\t\t\t\t<div class=\"elementor-widget-container\">\n\t\t\t\t\t\t\t\t\t<p>Der <strong>Deckel f\u00fcr die Kio Saucenschale<\/strong> ist in zwei Farben erh\u00e4ltlich: Gr\u00fcn und Grau-Taupe. Jede Farbe steht f\u00fcr eine andere Verwendung des dazugeh\u00f6rigen Beh\u00e4lters.  <\/p>\n<p>Beh\u00e4lter mit gr\u00fcnen <strong>Deckeln<\/strong> sind ausschlie\u00dflich f\u00fcr den Kauf bestimmt, w\u00e4hrend Beh\u00e4lter mit grauen Deckeln in ein auf <strong>Pfand<\/strong> basierendes <strong>Gemeinschaftssystem<\/strong> eingebunden sind. Dieses <strong>Kreislaufmodell<\/strong> f\u00f6rdert die gemeinsame Nutzung von <strong>Beh\u00e4ltern<\/strong> durch verschiedene Einrichtungen, was einen <strong>nachhaltigen Wiederverwendungsansatz<\/strong> f\u00f6rdert. <\/p>\n<p>Wenn Sie also Ihre Einrichtung in die <strong>Kiobox-Community<\/strong> integrieren m\u00f6chten, sollten Sie graue Deckel bevorzugen. So k\u00f6nnen Sie Ihre <strong>Schalen<\/strong> oder die einer Partnereinrichtung leicht erkennen. <\/p>\n\t\t\t\t\t\t\t\t<\/div>\n\t\t\t\t<\/div>\n\t\t\t\t<\/div>\n\t\t<div class=\"elementor-element elementor-element-a41611e e-con-full e-flex e-con e-child\" data-id=\"a41611e\" data-element_type=\"container\" data-settings=\"{&quot;background_background&quot;:&quot;classic&quot;}\">\n\t\t\t\t<div class=\"elementor-element elementor-element-28b652d elementor-widget elementor-widget-image\" data-id=\"28b652d\" data-element_type=\"widget\" data-widget_type=\"image.default\">\n\t\t\t\t<div class=\"elementor-widget-container\">\n\t\t\t\t\t\t\t\t\t\t\t\t\t\t\t<img decoding=\"async\" width=\"500\" height=\"500\" src=\"https:\/\/re-uz.com\/wp-content\/uploads\/2024\/09\/couvercles-achat-communaute.jpg\" class=\"attachment-2048x2048 size-2048x2048 wp-image-44870\" alt=\"Farben der Deckel f\u00fcr den Kauf und die Gemeinschaft\" srcset=\"https:\/\/re-uz.com\/wp-content\/uploads\/2024\/09\/couvercles-achat-communaute.jpg 500w, https:\/\/re-uz.com\/wp-content\/uploads\/2024\/09\/couvercles-achat-communaute-300x300.jpg 300w, https:\/\/re-uz.com\/wp-content\/uploads\/2024\/09\/couvercles-achat-communaute-150x150.jpg 150w, https:\/\/re-uz.com\/wp-content\/uploads\/2024\/09\/couvercles-achat-communaute-100x100.jpg 100w\" sizes=\"(max-width: 500px) 100vw, 500px\" \/>\t\t\t\t\t\t\t\t\t\t\t\t\t\t\t<\/div>\n\t\t\t\t<\/div>\n\t\t\t\t<\/div>\n\t\t\t\t\t<\/div>\n\t\t\t\t<\/div>\n\t\t\t\t<\/div>\n\t\t\n","protected":false},"excerpt":{"rendered":"<p>Der <strong>Deckel<\/strong> f\u00fcr die <strong>kleine Sch\u00fcssel mit Sauce<\/strong> aus der <strong>Kiobox-Serie<\/strong> verwandelt diese in einen <strong>praktischen Beh\u00e4lter f\u00fcr die Aufbewahrung und den Transport<\/strong>. Er sorgt f\u00fcr einen sicheren, <strong>luftdichten<\/strong> Verschluss, der vor Auslaufen sch\u00fctzt und die Zubereitung frisch h\u00e4lt. Selbst die d\u00fcnnsten Saucen bleiben dank der sicheren Abdichtung erhalten. Der <strong>Deckel ist abwaschbar<\/strong> und <strong>wiederverwendbar<\/strong> und entspricht dem von Re-uz <sup>\u00ae<\/sup> unterst\u00fctzten Ansatz der Wiederverwendung. Er ist besonders robust und ideal f\u00fcr den Einsatz im professionellen Bereich.<br \/>\nDie Farbe des <strong>Deckels<\/strong> ist nicht unbedeutend: Sie dient dazu, die Beh\u00e4lter nach ihrer Verwendung zu unterscheiden. Die gr\u00fcnen Deckel sind f\u00fcr den Kauf bestimmt, w\u00e4hrend die grauen Deckel die Beh\u00e4lter im Rahmen der <strong>Kiobox-Gemeinschaft<\/strong> kennzeichnen.     <\/p>\n","protected":false},"featured_media":46709,"comment_status":"open","ping_status":"closed","template":"","meta":{"_acf_changed":false},"product_brand":[],"product_cat":[2210],"product_tag":[],"class_list":{"0":"post-48039","1":"product","2":"type-product","3":"status-publish","4":"has-post-thumbnail","6":"product_cat-schusseln","7":"pa_matiere-polyolefin-de","8":"pa_rangement-stapelbar","9":"pa_solutions-kauf","10":"pa_solutions-netzwerk-gemeinschaft","11":"pa_type-vaisselle-re-uz-deckel","12":"pa_vaisselle-re-uz-takeaway-geschirr-deckeln","14":"first","15":"instock","16":"shipping-taxable","17":"purchasable","18":"product-type-simple"},"acf":{"breadcrumb_title":"","custom_product_title":""},"yoast_head":"<!-- This site is optimized with the Yoast SEO plugin v25.2 - https:\/\/yoast.com\/wordpress\/plugins\/seo\/ -->\n<title>Deckel f\u00fcr kleine Sch\u00fcssel mit So\u00dfe - Kiobox<\/title>\n<meta name=\"description\" content=\"Der passende Deckel f\u00fcr die kleine Saucensch\u00fcssel aus der Kiobox-Serie: ein Muss, das die Zubereitung sicher macht und verhindert, dass beim Transport etwas ausl\u00e4uft.\" \/>\n<meta name=\"robots\" content=\"index, follow, max-snippet:-1, max-image-preview:large, max-video-preview:-1\" \/>\n<link rel=\"canonical\" href=\"https:\/\/re-uz.com\/de\/produkt\/couvercle-bol-sauce-reutilisable-kio-a5c\/\" \/>\n<meta property=\"og:locale\" content=\"de_DE\" \/>\n<meta property=\"og:type\" content=\"article\" \/>\n<meta property=\"og:title\" content=\"Deckel f\u00fcr kleine Sch\u00fcssel mit So\u00dfe - Kiobox\" \/>\n<meta property=\"og:description\" content=\"Der passende Deckel f\u00fcr die kleine Saucensch\u00fcssel aus der Kiobox-Serie: ein Muss, das die Zubereitung sicher macht und verhindert, dass beim Transport etwas ausl\u00e4uft.\" \/>\n<meta property=\"og:url\" content=\"https:\/\/re-uz.com\/de\/produkt\/couvercle-bol-sauce-reutilisable-kio-a5c\/\" \/>\n<meta property=\"og:site_name\" content=\"Re-uz\" \/>\n<meta property=\"article:publisher\" content=\"https:\/\/www.facebook.com\/reuzofficial\" \/>\n<meta property=\"og:image\" content=\"https:\/\/re-uz.com\/wp-content\/uploads\/2024\/09\/kio-a5c-achat.jpg\" \/>\n\t<meta property=\"og:image:width\" content=\"2000\" \/>\n\t<meta property=\"og:image:height\" content=\"2000\" \/>\n\t<meta property=\"og:image:type\" content=\"image\/jpeg\" \/>\n<meta name=\"twitter:card\" content=\"summary_large_image\" \/>\n<script type=\"application\/ld+json\" class=\"yoast-schema-graph\">{\"@context\":\"https:\/\/schema.org\",\"@graph\":[{\"@type\":\"WebPage\",\"@id\":\"https:\/\/re-uz.com\/de\/produkt\/couvercle-bol-sauce-reutilisable-kio-a5c\/\",\"url\":\"https:\/\/re-uz.com\/de\/produkt\/couvercle-bol-sauce-reutilisable-kio-a5c\/\",\"name\":\"Deckel f\u00fcr kleine Sch\u00fcssel mit So\u00dfe - Kiobox\",\"isPartOf\":{\"@id\":\"https:\/\/re-uz.com\/de\/#website\"},\"primaryImageOfPage\":{\"@id\":\"https:\/\/re-uz.com\/de\/produkt\/couvercle-bol-sauce-reutilisable-kio-a5c\/#primaryimage\"},\"image\":{\"@id\":\"https:\/\/re-uz.com\/de\/produkt\/couvercle-bol-sauce-reutilisable-kio-a5c\/#primaryimage\"},\"thumbnailUrl\":\"https:\/\/re-uz.com\/wp-content\/uploads\/2024\/09\/kio-a5c-achat.jpg\",\"datePublished\":\"2024-09-09T08:33:58+00:00\",\"description\":\"Der passende Deckel f\u00fcr die kleine Saucensch\u00fcssel aus der Kiobox-Serie: ein Muss, das die Zubereitung sicher macht und verhindert, dass beim Transport etwas ausl\u00e4uft.\",\"breadcrumb\":{\"@id\":\"https:\/\/re-uz.com\/de\/produkt\/couvercle-bol-sauce-reutilisable-kio-a5c\/#breadcrumb\"},\"inLanguage\":\"de-DE\",\"potentialAction\":[{\"@type\":\"ReadAction\",\"target\":[\"https:\/\/re-uz.com\/de\/produkt\/couvercle-bol-sauce-reutilisable-kio-a5c\/\"]}]},{\"@type\":\"ImageObject\",\"inLanguage\":\"de-DE\",\"@id\":\"https:\/\/re-uz.com\/de\/produkt\/couvercle-bol-sauce-reutilisable-kio-a5c\/#primaryimage\",\"url\":\"https:\/\/re-uz.com\/wp-content\/uploads\/2024\/09\/kio-a5c-achat.jpg\",\"contentUrl\":\"https:\/\/re-uz.com\/wp-content\/uploads\/2024\/09\/kio-a5c-achat.jpg\",\"width\":2000,\"height\":2000,\"caption\":\"Deckel f\u00fcr kleine Sch\u00fcssel mit Kiosauce by Re-uz\"},{\"@type\":\"BreadcrumbList\",\"@id\":\"https:\/\/re-uz.com\/de\/produkt\/couvercle-bol-sauce-reutilisable-kio-a5c\/#breadcrumb\",\"itemListElement\":[{\"@type\":\"ListItem\",\"position\":1,\"name\":\"Accueil\",\"item\":\"https:\/\/re-uz.com\/de\/\"},{\"@type\":\"ListItem\",\"position\":2,\"name\":\"Wiederverwendbare Lebensmittelbeh\u00e4lter &amp; umweltfreundliche Re-uz \u00ae-L\u00f6sungen\",\"item\":\"https:\/\/re-uz.com\/de\/wiederverwendbare-behalter-verantwortungsvolle-losungen\/\"},{\"@type\":\"ListItem\",\"position\":3,\"name\":\"Deckel f\u00fcr kleine Sch\u00fcssel mit Sauce | KIO A5C\"}]},{\"@type\":\"WebSite\",\"@id\":\"https:\/\/re-uz.com\/de\/#website\",\"url\":\"https:\/\/re-uz.com\/de\/\",\"name\":\"Re-uz\",\"description\":\"Rejoignez le mouvement z\u00e9ro-d\u00e9chet\",\"publisher\":{\"@id\":\"https:\/\/re-uz.com\/de\/#organization\"},\"alternateName\":\"Re-uz\",\"potentialAction\":[{\"@type\":\"SearchAction\",\"target\":{\"@type\":\"EntryPoint\",\"urlTemplate\":\"https:\/\/re-uz.com\/de\/?s={search_term_string}\"},\"query-input\":{\"@type\":\"PropertyValueSpecification\",\"valueRequired\":true,\"valueName\":\"search_term_string\"}}],\"inLanguage\":\"de-DE\"},{\"@type\":\"Organization\",\"@id\":\"https:\/\/re-uz.com\/de\/#organization\",\"name\":\"Re-uz\",\"url\":\"https:\/\/re-uz.com\/de\/\",\"logo\":{\"@type\":\"ImageObject\",\"inLanguage\":\"de-DE\",\"@id\":\"https:\/\/re-uz.com\/de\/#\/schema\/logo\/image\/\",\"url\":\"https:\/\/re-uz.com\/wp-content\/uploads\/2023\/10\/logo-header.svg\",\"contentUrl\":\"https:\/\/re-uz.com\/wp-content\/uploads\/2023\/10\/logo-header.svg\",\"width\":122,\"height\":50,\"caption\":\"Re-uz\"},\"image\":{\"@id\":\"https:\/\/re-uz.com\/de\/#\/schema\/logo\/image\/\"},\"sameAs\":[\"https:\/\/www.facebook.com\/reuzofficial\"]}]}<\/script>\n<!-- \/ Yoast SEO plugin. -->","yoast_head_json":{"title":"Deckel f\u00fcr kleine Sch\u00fcssel mit So\u00dfe - Kiobox","description":"Der passende Deckel f\u00fcr die kleine Saucensch\u00fcssel aus der Kiobox-Serie: ein Muss, das die Zubereitung sicher macht und verhindert, dass beim Transport etwas ausl\u00e4uft.","robots":{"index":"index","follow":"follow","max-snippet":"max-snippet:-1","max-image-preview":"max-image-preview:large","max-video-preview":"max-video-preview:-1"},"canonical":"https:\/\/re-uz.com\/de\/produkt\/couvercle-bol-sauce-reutilisable-kio-a5c\/","og_locale":"de_DE","og_type":"article","og_title":"Deckel f\u00fcr kleine Sch\u00fcssel mit So\u00dfe - Kiobox","og_description":"Der passende Deckel f\u00fcr die kleine Saucensch\u00fcssel aus der Kiobox-Serie: ein Muss, das die Zubereitung sicher macht und verhindert, dass beim Transport etwas ausl\u00e4uft.","og_url":"https:\/\/re-uz.com\/de\/produkt\/couvercle-bol-sauce-reutilisable-kio-a5c\/","og_site_name":"Re-uz","article_publisher":"https:\/\/www.facebook.com\/reuzofficial","og_image":[{"width":2000,"height":2000,"url":"https:\/\/re-uz.com\/wp-content\/uploads\/2024\/09\/kio-a5c-achat.jpg","type":"image\/jpeg"}],"twitter_card":"summary_large_image","schema":{"@context":"https:\/\/schema.org","@graph":[{"@type":"WebPage","@id":"https:\/\/re-uz.com\/de\/produkt\/couvercle-bol-sauce-reutilisable-kio-a5c\/","url":"https:\/\/re-uz.com\/de\/produkt\/couvercle-bol-sauce-reutilisable-kio-a5c\/","name":"Deckel f\u00fcr kleine Sch\u00fcssel mit So\u00dfe - Kiobox","isPartOf":{"@id":"https:\/\/re-uz.com\/de\/#website"},"primaryImageOfPage":{"@id":"https:\/\/re-uz.com\/de\/produkt\/couvercle-bol-sauce-reutilisable-kio-a5c\/#primaryimage"},"image":{"@id":"https:\/\/re-uz.com\/de\/produkt\/couvercle-bol-sauce-reutilisable-kio-a5c\/#primaryimage"},"thumbnailUrl":"https:\/\/re-uz.com\/wp-content\/uploads\/2024\/09\/kio-a5c-achat.jpg","datePublished":"2024-09-09T08:33:58+00:00","description":"Der passende Deckel f\u00fcr die kleine Saucensch\u00fcssel aus der Kiobox-Serie: ein Muss, das die Zubereitung sicher macht und verhindert, dass beim Transport etwas ausl\u00e4uft.","breadcrumb":{"@id":"https:\/\/re-uz.com\/de\/produkt\/couvercle-bol-sauce-reutilisable-kio-a5c\/#breadcrumb"},"inLanguage":"de-DE","potentialAction":[{"@type":"ReadAction","target":["https:\/\/re-uz.com\/de\/produkt\/couvercle-bol-sauce-reutilisable-kio-a5c\/"]}]},{"@type":"ImageObject","inLanguage":"de-DE","@id":"https:\/\/re-uz.com\/de\/produkt\/couvercle-bol-sauce-reutilisable-kio-a5c\/#primaryimage","url":"https:\/\/re-uz.com\/wp-content\/uploads\/2024\/09\/kio-a5c-achat.jpg","contentUrl":"https:\/\/re-uz.com\/wp-content\/uploads\/2024\/09\/kio-a5c-achat.jpg","width":2000,"height":2000,"caption":"Deckel f\u00fcr kleine Sch\u00fcssel mit Kiosauce by Re-uz"},{"@type":"BreadcrumbList","@id":"https:\/\/re-uz.com\/de\/produkt\/couvercle-bol-sauce-reutilisable-kio-a5c\/#breadcrumb","itemListElement":[{"@type":"ListItem","position":1,"name":"Accueil","item":"https:\/\/re-uz.com\/de\/"},{"@type":"ListItem","position":2,"name":"Wiederverwendbare Lebensmittelbeh\u00e4lter &amp; umweltfreundliche Re-uz \u00ae-L\u00f6sungen","item":"https:\/\/re-uz.com\/de\/wiederverwendbare-behalter-verantwortungsvolle-losungen\/"},{"@type":"ListItem","position":3,"name":"Deckel f\u00fcr kleine Sch\u00fcssel mit Sauce | KIO A5C"}]},{"@type":"WebSite","@id":"https:\/\/re-uz.com\/de\/#website","url":"https:\/\/re-uz.com\/de\/","name":"Re-uz","description":"Rejoignez le mouvement z\u00e9ro-d\u00e9chet","publisher":{"@id":"https:\/\/re-uz.com\/de\/#organization"},"alternateName":"Re-uz","potentialAction":[{"@type":"SearchAction","target":{"@type":"EntryPoint","urlTemplate":"https:\/\/re-uz.com\/de\/?s={search_term_string}"},"query-input":{"@type":"PropertyValueSpecification","valueRequired":true,"valueName":"search_term_string"}}],"inLanguage":"de-DE"},{"@type":"Organization","@id":"https:\/\/re-uz.com\/de\/#organization","name":"Re-uz","url":"https:\/\/re-uz.com\/de\/","logo":{"@type":"ImageObject","inLanguage":"de-DE","@id":"https:\/\/re-uz.com\/de\/#\/schema\/logo\/image\/","url":"https:\/\/re-uz.com\/wp-content\/uploads\/2023\/10\/logo-header.svg","contentUrl":"https:\/\/re-uz.com\/wp-content\/uploads\/2023\/10\/logo-header.svg","width":122,"height":50,"caption":"Re-uz"},"image":{"@id":"https:\/\/re-uz.com\/de\/#\/schema\/logo\/image\/"},"sameAs":["https:\/\/www.facebook.com\/reuzofficial"]}]}},"_links":{"self":[{"href":"https:\/\/re-uz.com\/de\/wp-json\/wp\/v2\/product\/48039","targetHints":{"allow":["GET"]}}],"collection":[{"href":"https:\/\/re-uz.com\/de\/wp-json\/wp\/v2\/product"}],"about":[{"href":"https:\/\/re-uz.com\/de\/wp-json\/wp\/v2\/types\/product"}],"replies":[{"embeddable":true,"href":"https:\/\/re-uz.com\/de\/wp-json\/wp\/v2\/comments?post=48039"}],"wp:featuredmedia":[{"embeddable":true,"href":"https:\/\/re-uz.com\/de\/wp-json\/wp\/v2\/media\/46709"}],"wp:attachment":[{"href":"https:\/\/re-uz.com\/de\/wp-json\/wp\/v2\/media?parent=48039"}],"wp:term":[{"taxonomy":"product_brand","embeddable":true,"href":"https:\/\/re-uz.com\/de\/wp-json\/wp\/v2\/product_brand?post=48039"},{"taxonomy":"product_cat","embeddable":true,"href":"https:\/\/re-uz.com\/de\/wp-json\/wp\/v2\/product_cat?post=48039"},{"taxonomy":"product_tag","embeddable":true,"href":"https:\/\/re-uz.com\/de\/wp-json\/wp\/v2\/product_tag?post=48039"}],"curies":[{"name":"wp","href":"https:\/\/api.w.org\/{rel}","templated":true}]}}