{"id":63945,"date":"2025-02-05T15:34:12","date_gmt":"2025-02-05T14:34:12","guid":{"rendered":"https:\/\/re-uz.com\/produit\/deckel-poke-bowl\/"},"modified":"2025-02-05T15:34:12","modified_gmt":"2025-02-05T14:34:12","slug":"deckel-poke-bowl","status":"publish","type":"product","link":"https:\/\/re-uz.com\/de\/produkt\/deckel-poke-bowl\/","title":{"rendered":"Deckel f\u00fcr wiederverwendbare Pok\u00e9-Schale | PURE Deckel Poke Bowl"},"content":{"rendered":"\t\t<div data-elementor-type=\"section\" data-elementor-id=\"58661\" class=\"elementor elementor-58661 elementor-58011\" data-elementor-post-type=\"elementor_library\">\n\t\t\t\t\t<section class=\"elementor-section elementor-top-section elementor-element elementor-element-798e833 elementor-section-boxed elementor-section-height-default elementor-section-height-default\" data-id=\"798e833\" data-element_type=\"section\">\n\t\t\t\t\t\t<div class=\"elementor-container elementor-column-gap-default\">\n\t\t\t\t\t<div class=\"elementor-column elementor-col-100 elementor-top-column elementor-element elementor-element-f64ad67\" data-id=\"f64ad67\" data-element_type=\"column\" data-settings=\"{&quot;motion_fx_motion_fx_scrolling&quot;:&quot;yes&quot;,&quot;motion_fx_devices&quot;:[&quot;desktop&quot;,&quot;tablet&quot;,&quot;mobile&quot;]}\">\n\t\t\t<div class=\"elementor-widget-wrap elementor-element-populated\">\n\t\t\t\t\t\t<div class=\"elementor-element elementor-element-56604fb elementor-widget elementor-widget-heading\" data-id=\"56604fb\" data-element_type=\"widget\" data-widget_type=\"heading.default\">\n\t\t\t\t<div class=\"elementor-widget-container\">\n\t\t\t\t\t<h2 class=\"elementor-heading-title elementor-size-default\">Ein<span style=\"color:#ebb937\"> luftdichter Deckel<\/span> f\u00fcr die <span style=\"color:#ebb937\">Pok\u00e9-Schale<\/span><\/h2>\t\t\t\t<\/div>\n\t\t\t\t<\/div>\n\t\t\t\t<div class=\"elementor-element elementor-element-b34e6e2 elementor-widget elementor-widget-text-editor\" data-id=\"b34e6e2\" data-element_type=\"widget\" data-widget_type=\"text-editor.default\">\n\t\t\t\t<div class=\"elementor-widget-container\">\n\t\t\t\t\t\t\t\t\t<p>Der <strong>Pokebowl-Deckel<\/strong> passt zu der <a href=\"https:\/\/re-uz.com\/de\/?attachment_id=26909\">Pok\u00e9schale aus Tritan von Re-uz <sup>\u00ae<\/sup><\/a>. Dieser Beh\u00e4lter ist f\u00fcr Mahlzeiten mit frischen Zutaten gedacht und ben\u00f6tigt einen luftdichten Deckel, um die Zutaten zu sch\u00fctzen. <\/p>\n<p>Entdecken Sie einen zuverl\u00e4ssigen und starken Deckel f\u00fcr eine sichere Aufbewahrung und einen sicheren Transport.<\/p>\n\t\t\t\t\t\t\t\t<\/div>\n\t\t\t\t<\/div>\n\t\t\t\t\t<\/div>\n\t\t<\/div>\n\t\t\t\t\t<\/div>\n\t\t<\/section>\n\t\t<div class=\"elementor-element elementor-element-007b2d1 e-flex e-con-boxed e-con e-parent\" data-id=\"007b2d1\" data-element_type=\"container\">\n\t\t\t\t\t<div class=\"e-con-inner\">\n\t\t<div class=\"elementor-element elementor-element-02ee687 e-flex e-con-boxed e-con e-child\" data-id=\"02ee687\" data-element_type=\"container\">\n\t\t\t\t\t<div class=\"e-con-inner\">\n\t\t\t\t<div class=\"elementor-element elementor-element-5ce19cb elementor-widget-divider--view-line elementor-widget elementor-widget-divider\" data-id=\"5ce19cb\" data-element_type=\"widget\" data-widget_type=\"divider.default\">\n\t\t\t\t<div class=\"elementor-widget-container\">\n\t\t\t\t\t\t\t<div class=\"elementor-divider\">\n\t\t\t<span class=\"elementor-divider-separator\">\n\t\t\t\t\t\t<\/span>\n\t\t<\/div>\n\t\t\t\t\t\t<\/div>\n\t\t\t\t<\/div>\n\t\t\t\t\t<\/div>\n\t\t\t\t<\/div>\n\t\t\t\t\t<\/div>\n\t\t\t\t<\/div>\n\t\t<div class=\"elementor-element elementor-element-00f8947 e-flex e-con-boxed e-con e-parent\" data-id=\"00f8947\" data-element_type=\"container\">\n\t\t\t\t\t<div class=\"e-con-inner\">\n\t\t<div class=\"elementor-element elementor-element-43e1f44 e-con-full e-flex e-con e-child\" data-id=\"43e1f44\" data-element_type=\"container\">\n\t\t\t\t<div class=\"elementor-element elementor-element-e967915 elementor-widget elementor-widget-heading\" data-id=\"e967915\" data-element_type=\"widget\" data-widget_type=\"heading.default\">\n\t\t\t\t<div class=\"elementor-widget-container\">\n\t\t\t\t\t<h3 class=\"elementor-heading-title elementor-size-default\">Der <span style=\"color:#ebb937\">Deckel f\u00fcr die Poke Bowl<\/span>: Schutz der Lebensmittel und sicherer Transport<\/h3>\t\t\t\t<\/div>\n\t\t\t\t<\/div>\n\t\t\t\t<div class=\"elementor-element elementor-element-9fbfa86 elementor-widget elementor-widget-text-editor\" data-id=\"9fbfa86\" data-element_type=\"widget\" data-widget_type=\"text-editor.default\">\n\t\t\t\t<div class=\"elementor-widget-container\">\n\t\t\t\t\t\t\t\t\t<p>Die farbenfrohen, ausgewogenen und ultrafrischen <strong>Pok\u00e9 Bowls<\/strong> sind sowohl vor Ort als auch bei der Lieferung oder im <strong>Takeaway<\/strong> sehr beliebt. Um die Qualit\u00e4t und Textur der Zutaten zu erhalten, ist ein <strong>luftdichter Deckel<\/strong> unerl\u00e4sslich: Er sch\u00fctzt den Inhalt vor Temperaturschwankungen und sorgt f\u00fcr eine gepflegte Pr\u00e4sentation bei der Ankunft. <\/p>\n<p>Das Team von Re-uz <sup>\u00ae<\/sup> hat einen sicheren Deckel entworfen, der perfekt auf die <strong>Pok\u00e9schale aus Tritan<\/strong> passt, um einen reibungslosen Transport und eine optimale Erhaltung des Geschmacks zu gew\u00e4hrleisten. <\/p>\n\t\t\t\t\t\t\t\t<\/div>\n\t\t\t\t<\/div>\n\t\t\t\t<\/div>\n\t\t<div class=\"elementor-element elementor-element-1e65e2d e-con-full e-flex e-con e-child\" data-id=\"1e65e2d\" data-element_type=\"container\" data-settings=\"{&quot;background_background&quot;:&quot;classic&quot;}\">\n\t\t\t\t<div class=\"elementor-element elementor-element-e76e1ac elementor-widget elementor-widget-image\" data-id=\"e76e1ac\" data-element_type=\"widget\" data-widget_type=\"image.default\">\n\t\t\t\t<div class=\"elementor-widget-container\">\n\t\t\t\t\t\t\t\t\t\t\t\t\t\t\t<img fetchpriority=\"high\" decoding=\"async\" width=\"500\" height=\"500\" src=\"https:\/\/re-uz.com\/wp-content\/uploads\/2025\/03\/poke-bowl-couvercle.jpg\" class=\"attachment-2048x2048 size-2048x2048 wp-image-58015\" alt=\"Deckel f\u00fcr Pokebowl Pure by Re-uz\" srcset=\"https:\/\/re-uz.com\/wp-content\/uploads\/2025\/03\/poke-bowl-couvercle.jpg 500w, https:\/\/re-uz.com\/wp-content\/uploads\/2025\/03\/poke-bowl-couvercle-300x300.jpg 300w, https:\/\/re-uz.com\/wp-content\/uploads\/2025\/03\/poke-bowl-couvercle-150x150.jpg 150w, https:\/\/re-uz.com\/wp-content\/uploads\/2025\/03\/poke-bowl-couvercle-400x400.jpg 400w, https:\/\/re-uz.com\/wp-content\/uploads\/2025\/03\/poke-bowl-couvercle-100x100.jpg 100w\" sizes=\"(max-width: 500px) 100vw, 500px\" \/>\t\t\t\t\t\t\t\t\t\t\t\t\t\t\t<\/div>\n\t\t\t\t<\/div>\n\t\t\t\t<\/div>\n\t\t\t\t\t<\/div>\n\t\t\t\t<\/div>\n\t\t<div class=\"elementor-element elementor-element-b8d7288 e-flex e-con-boxed e-con e-parent\" data-id=\"b8d7288\" data-element_type=\"container\">\n\t\t\t\t\t<div class=\"e-con-inner\">\n\t\t<div class=\"elementor-element elementor-element-cdbb94d e-con-full e-flex e-con e-child\" data-id=\"cdbb94d\" data-element_type=\"container\">\n\t\t\t\t<div class=\"elementor-element elementor-element-b133a18 elementor-widget elementor-widget-heading\" data-id=\"b133a18\" data-element_type=\"widget\" data-widget_type=\"heading.default\">\n\t\t\t\t<div class=\"elementor-widget-container\">\n\t\t\t\t\t<h3 class=\"elementor-heading-title elementor-size-default\">Ein schlanker <span style=\"color:#ebb937\">Deckel<\/span>, der zur <span style=\"color:#ebb937\">Pok\u00e9schale aus Tritan<\/span> passt.<\/h3>\t\t\t\t<\/div>\n\t\t\t\t<\/div>\n\t\t\t\t<div class=\"elementor-element elementor-element-f9ce650 elementor-widget elementor-widget-text-editor\" data-id=\"f9ce650\" data-element_type=\"widget\" data-widget_type=\"text-editor.default\">\n\t\t\t\t<div class=\"elementor-widget-container\">\n\t\t\t\t\t\t\t\t\t<p>Der Deckel der <strong>Pok\u00e9schale aus Tritan<\/strong> wurde so gestaltet, dass er mit dem schlichten Design des Beh\u00e4lters harmoniert, so dass die bunten Zutaten im Vordergrund stehen.<\/p>\n<p>Der <strong>Deckel<\/strong> ist leicht, robust und sorgt f\u00fcr eine elegante Pr\u00e4sentation der Speisen zum Mitnehmen. Er ist waschbar und <strong>wiederverwendbar<\/strong> und bietet eine umweltfreundliche L\u00f6sung f\u00fcr Gastronomen, die ihr \u00f6kologisches Engagement auch im Takeaway-Bereich verst\u00e4rken m\u00f6chten. <\/p>\n\t\t\t\t\t\t\t\t<\/div>\n\t\t\t\t<\/div>\n\t\t\t\t<\/div>\n\t\t<div class=\"elementor-element elementor-element-9b80d5a e-con-full e-flex e-con e-child\" data-id=\"9b80d5a\" data-element_type=\"container\" data-settings=\"{&quot;background_background&quot;:&quot;classic&quot;}\">\n\t\t\t\t<div class=\"elementor-element elementor-element-fe996b3 elementor-widget elementor-widget-image\" data-id=\"fe996b3\" data-element_type=\"widget\" data-widget_type=\"image.default\">\n\t\t\t\t<div class=\"elementor-widget-container\">\n\t\t\t\t\t\t\t\t\t\t\t\t\t\t\t<img decoding=\"async\" width=\"500\" height=\"500\" src=\"https:\/\/re-uz.com\/wp-content\/uploads\/2025\/03\/couvercle-pour-poke-bowl.jpg\" class=\"attachment-2048x2048 size-2048x2048 wp-image-58022\" alt=\"Luftdichter Deckel f\u00fcr die Pok\u00e9-Schale aus der Pure by Re-uz Serie\" srcset=\"https:\/\/re-uz.com\/wp-content\/uploads\/2025\/03\/couvercle-pour-poke-bowl.jpg 500w, https:\/\/re-uz.com\/wp-content\/uploads\/2025\/03\/couvercle-pour-poke-bowl-300x300.jpg 300w, https:\/\/re-uz.com\/wp-content\/uploads\/2025\/03\/couvercle-pour-poke-bowl-150x150.jpg 150w, https:\/\/re-uz.com\/wp-content\/uploads\/2025\/03\/couvercle-pour-poke-bowl-400x400.jpg 400w, https:\/\/re-uz.com\/wp-content\/uploads\/2025\/03\/couvercle-pour-poke-bowl-100x100.jpg 100w\" sizes=\"(max-width: 500px) 100vw, 500px\" \/>\t\t\t\t\t\t\t\t\t\t\t\t\t\t\t<\/div>\n\t\t\t\t<\/div>\n\t\t\t\t<\/div>\n\t\t\t\t\t<\/div>\n\t\t\t\t<\/div>\n\t\t\t\t<\/div>\n\t\t\n","protected":false},"excerpt":{"rendered":"<p>Der <strong>Pokebowl-Deckel<\/strong> wurde speziell f\u00fcr die <strong>Pok\u00e9schale<\/strong> aus Tritan entworfen. Er besteht aus wei\u00dfem, durchscheinendem Polyethylen und passt gut zur Transparenz des Beh\u00e4lters. Mit einem praktischen und zuverl\u00e4ssigen Verschluss ist er ideal f\u00fcr den Verkauf zum Mitnehmen, um die Zutaten frisch und knackig zu halten. Der Deckel ist leicht, unzerbrechlich und temperaturbest\u00e4ndig. Er ist sp\u00fclmaschinenfest, um die Pflege zu vereinfachen.    <\/p>\n","protected":false},"featured_media":57415,"comment_status":"open","ping_status":"closed","template":"","meta":{"_acf_changed":false},"product_brand":[],"product_cat":[2200,4490,2210],"product_tag":[],"class_list":{"0":"post-63945","1":"product","2":"type-product","3":"status-publish","4":"has-post-thumbnail","6":"product_cat-gerichte","7":"product_cat-nachhaltiges-servicegeschirr","8":"product_cat-schusseln","9":"pa_matiere-polyethylen","10":"pa_rangement-stapelbar","11":"pa_solutions-kauf","12":"pa_type-vaisselle-re-uz-deckel","13":"pa_vaisselle-re-uz-takeaway-geschirr-deckeln","15":"first","16":"instock","17":"shipping-taxable","18":"purchasable","19":"product-type-simple"},"acf":{"breadcrumb_title":"Pok\u00e9 Bowl-Deckel","custom_product_title":"Deckel Pok\u00e9schale | Pure Deckel Poke Bowl"},"yoast_head":"<!-- This site is optimized with the Yoast SEO plugin v25.2 - https:\/\/yoast.com\/wordpress\/plugins\/seo\/ -->\n<title>Wiederverwendbarer Pokebowl-Deckel | Re-uz<\/title>\n<meta name=\"description\" content=\"Entdecken Sie den speziell f\u00fcr die wiederverwendbare Pokebowl entwickelten Deckel aus Tritan. Er ist leicht, extrem widerstandsf\u00e4hig und ein langlebiges Modell zur Wiederverwendung.\" \/>\n<meta name=\"robots\" content=\"index, follow, max-snippet:-1, max-image-preview:large, max-video-preview:-1\" \/>\n<link rel=\"canonical\" href=\"https:\/\/re-uz.com\/de\/produkt\/deckel-poke-bowl\/\" \/>\n<meta property=\"og:locale\" content=\"de_DE\" \/>\n<meta property=\"og:type\" content=\"article\" \/>\n<meta property=\"og:title\" content=\"Wiederverwendbarer Pokebowl-Deckel | Re-uz\" \/>\n<meta property=\"og:description\" content=\"Entdecken Sie den speziell f\u00fcr die wiederverwendbare Pokebowl entwickelten Deckel aus Tritan. Er ist leicht, extrem widerstandsf\u00e4hig und ein langlebiges Modell zur Wiederverwendung.\" \/>\n<meta property=\"og:url\" content=\"https:\/\/re-uz.com\/de\/produkt\/deckel-poke-bowl\/\" \/>\n<meta property=\"og:site_name\" content=\"Re-uz\" \/>\n<meta property=\"article:publisher\" content=\"https:\/\/www.facebook.com\/reuzofficial\" \/>\n<meta property=\"og:image\" content=\"https:\/\/re-uz.com\/wp-content\/uploads\/2025\/02\/pure-couvercle-poke-bowl-1-1024x1024.png\" \/>\n\t<meta property=\"og:image:width\" content=\"1024\" \/>\n\t<meta property=\"og:image:height\" content=\"1024\" \/>\n\t<meta property=\"og:image:type\" content=\"image\/png\" \/>\n<meta name=\"twitter:card\" content=\"summary_large_image\" \/>\n<script type=\"application\/ld+json\" class=\"yoast-schema-graph\">{\"@context\":\"https:\/\/schema.org\",\"@graph\":[{\"@type\":\"WebPage\",\"@id\":\"https:\/\/re-uz.com\/de\/produkt\/deckel-poke-bowl\/\",\"url\":\"https:\/\/re-uz.com\/de\/produkt\/deckel-poke-bowl\/\",\"name\":\"Wiederverwendbarer Pokebowl-Deckel | Re-uz\",\"isPartOf\":{\"@id\":\"https:\/\/re-uz.com\/de\/#website\"},\"primaryImageOfPage\":{\"@id\":\"https:\/\/re-uz.com\/de\/produkt\/deckel-poke-bowl\/#primaryimage\"},\"image\":{\"@id\":\"https:\/\/re-uz.com\/de\/produkt\/deckel-poke-bowl\/#primaryimage\"},\"thumbnailUrl\":\"https:\/\/re-uz.com\/wp-content\/uploads\/2025\/02\/pure-couvercle-poke-bowl-1.png\",\"datePublished\":\"2025-02-05T14:34:12+00:00\",\"description\":\"Entdecken Sie den speziell f\u00fcr die wiederverwendbare Pokebowl entwickelten Deckel aus Tritan. Er ist leicht, extrem widerstandsf\u00e4hig und ein langlebiges Modell zur Wiederverwendung.\",\"breadcrumb\":{\"@id\":\"https:\/\/re-uz.com\/de\/produkt\/deckel-poke-bowl\/#breadcrumb\"},\"inLanguage\":\"de-DE\",\"potentialAction\":[{\"@type\":\"ReadAction\",\"target\":[\"https:\/\/re-uz.com\/de\/produkt\/deckel-poke-bowl\/\"]}]},{\"@type\":\"ImageObject\",\"inLanguage\":\"de-DE\",\"@id\":\"https:\/\/re-uz.com\/de\/produkt\/deckel-poke-bowl\/#primaryimage\",\"url\":\"https:\/\/re-uz.com\/wp-content\/uploads\/2025\/02\/pure-couvercle-poke-bowl-1.png\",\"contentUrl\":\"https:\/\/re-uz.com\/wp-content\/uploads\/2025\/02\/pure-couvercle-poke-bowl-1.png\",\"width\":3840,\"height\":3840,\"caption\":\"Deckel f\u00fcr Poke Bowl aus der Serie Pure by Re-uz\"},{\"@type\":\"BreadcrumbList\",\"@id\":\"https:\/\/re-uz.com\/de\/produkt\/deckel-poke-bowl\/#breadcrumb\",\"itemListElement\":[{\"@type\":\"ListItem\",\"position\":1,\"name\":\"Accueil\",\"item\":\"https:\/\/re-uz.com\/de\/\"},{\"@type\":\"ListItem\",\"position\":2,\"name\":\"Wiederverwendbare Lebensmittelbeh\u00e4lter &amp; umweltfreundliche Re-uz \u00ae-L\u00f6sungen\",\"item\":\"https:\/\/re-uz.com\/de\/wiederverwendbare-behalter-verantwortungsvolle-losungen\/\"},{\"@type\":\"ListItem\",\"position\":3,\"name\":\"Deckel f\u00fcr wiederverwendbare Pok\u00e9-Schale | PURE Deckel Poke Bowl\"}]},{\"@type\":\"WebSite\",\"@id\":\"https:\/\/re-uz.com\/de\/#website\",\"url\":\"https:\/\/re-uz.com\/de\/\",\"name\":\"Re-uz\",\"description\":\"Rejoignez le mouvement z\u00e9ro-d\u00e9chet\",\"publisher\":{\"@id\":\"https:\/\/re-uz.com\/de\/#organization\"},\"alternateName\":\"Re-uz\",\"potentialAction\":[{\"@type\":\"SearchAction\",\"target\":{\"@type\":\"EntryPoint\",\"urlTemplate\":\"https:\/\/re-uz.com\/de\/?s={search_term_string}\"},\"query-input\":{\"@type\":\"PropertyValueSpecification\",\"valueRequired\":true,\"valueName\":\"search_term_string\"}}],\"inLanguage\":\"de-DE\"},{\"@type\":\"Organization\",\"@id\":\"https:\/\/re-uz.com\/de\/#organization\",\"name\":\"Re-uz\",\"url\":\"https:\/\/re-uz.com\/de\/\",\"logo\":{\"@type\":\"ImageObject\",\"inLanguage\":\"de-DE\",\"@id\":\"https:\/\/re-uz.com\/de\/#\/schema\/logo\/image\/\",\"url\":\"https:\/\/re-uz.com\/wp-content\/uploads\/2023\/10\/logo-header.svg\",\"contentUrl\":\"https:\/\/re-uz.com\/wp-content\/uploads\/2023\/10\/logo-header.svg\",\"width\":122,\"height\":50,\"caption\":\"Re-uz\"},\"image\":{\"@id\":\"https:\/\/re-uz.com\/de\/#\/schema\/logo\/image\/\"},\"sameAs\":[\"https:\/\/www.facebook.com\/reuzofficial\"]}]}<\/script>\n<!-- \/ Yoast SEO plugin. -->","yoast_head_json":{"title":"Wiederverwendbarer Pokebowl-Deckel | Re-uz","description":"Entdecken Sie den speziell f\u00fcr die wiederverwendbare Pokebowl entwickelten Deckel aus Tritan. Er ist leicht, extrem widerstandsf\u00e4hig und ein langlebiges Modell zur Wiederverwendung.","robots":{"index":"index","follow":"follow","max-snippet":"max-snippet:-1","max-image-preview":"max-image-preview:large","max-video-preview":"max-video-preview:-1"},"canonical":"https:\/\/re-uz.com\/de\/produkt\/deckel-poke-bowl\/","og_locale":"de_DE","og_type":"article","og_title":"Wiederverwendbarer Pokebowl-Deckel | Re-uz","og_description":"Entdecken Sie den speziell f\u00fcr die wiederverwendbare Pokebowl entwickelten Deckel aus Tritan. Er ist leicht, extrem widerstandsf\u00e4hig und ein langlebiges Modell zur Wiederverwendung.","og_url":"https:\/\/re-uz.com\/de\/produkt\/deckel-poke-bowl\/","og_site_name":"Re-uz","article_publisher":"https:\/\/www.facebook.com\/reuzofficial","og_image":[{"width":1024,"height":1024,"url":"https:\/\/re-uz.com\/wp-content\/uploads\/2025\/02\/pure-couvercle-poke-bowl-1-1024x1024.png","type":"image\/png"}],"twitter_card":"summary_large_image","schema":{"@context":"https:\/\/schema.org","@graph":[{"@type":"WebPage","@id":"https:\/\/re-uz.com\/de\/produkt\/deckel-poke-bowl\/","url":"https:\/\/re-uz.com\/de\/produkt\/deckel-poke-bowl\/","name":"Wiederverwendbarer Pokebowl-Deckel | Re-uz","isPartOf":{"@id":"https:\/\/re-uz.com\/de\/#website"},"primaryImageOfPage":{"@id":"https:\/\/re-uz.com\/de\/produkt\/deckel-poke-bowl\/#primaryimage"},"image":{"@id":"https:\/\/re-uz.com\/de\/produkt\/deckel-poke-bowl\/#primaryimage"},"thumbnailUrl":"https:\/\/re-uz.com\/wp-content\/uploads\/2025\/02\/pure-couvercle-poke-bowl-1.png","datePublished":"2025-02-05T14:34:12+00:00","description":"Entdecken Sie den speziell f\u00fcr die wiederverwendbare Pokebowl entwickelten Deckel aus Tritan. Er ist leicht, extrem widerstandsf\u00e4hig und ein langlebiges Modell zur Wiederverwendung.","breadcrumb":{"@id":"https:\/\/re-uz.com\/de\/produkt\/deckel-poke-bowl\/#breadcrumb"},"inLanguage":"de-DE","potentialAction":[{"@type":"ReadAction","target":["https:\/\/re-uz.com\/de\/produkt\/deckel-poke-bowl\/"]}]},{"@type":"ImageObject","inLanguage":"de-DE","@id":"https:\/\/re-uz.com\/de\/produkt\/deckel-poke-bowl\/#primaryimage","url":"https:\/\/re-uz.com\/wp-content\/uploads\/2025\/02\/pure-couvercle-poke-bowl-1.png","contentUrl":"https:\/\/re-uz.com\/wp-content\/uploads\/2025\/02\/pure-couvercle-poke-bowl-1.png","width":3840,"height":3840,"caption":"Deckel f\u00fcr Poke Bowl aus der Serie Pure by Re-uz"},{"@type":"BreadcrumbList","@id":"https:\/\/re-uz.com\/de\/produkt\/deckel-poke-bowl\/#breadcrumb","itemListElement":[{"@type":"ListItem","position":1,"name":"Accueil","item":"https:\/\/re-uz.com\/de\/"},{"@type":"ListItem","position":2,"name":"Wiederverwendbare Lebensmittelbeh\u00e4lter &amp; umweltfreundliche Re-uz \u00ae-L\u00f6sungen","item":"https:\/\/re-uz.com\/de\/wiederverwendbare-behalter-verantwortungsvolle-losungen\/"},{"@type":"ListItem","position":3,"name":"Deckel f\u00fcr wiederverwendbare Pok\u00e9-Schale | PURE Deckel Poke Bowl"}]},{"@type":"WebSite","@id":"https:\/\/re-uz.com\/de\/#website","url":"https:\/\/re-uz.com\/de\/","name":"Re-uz","description":"Rejoignez le mouvement z\u00e9ro-d\u00e9chet","publisher":{"@id":"https:\/\/re-uz.com\/de\/#organization"},"alternateName":"Re-uz","potentialAction":[{"@type":"SearchAction","target":{"@type":"EntryPoint","urlTemplate":"https:\/\/re-uz.com\/de\/?s={search_term_string}"},"query-input":{"@type":"PropertyValueSpecification","valueRequired":true,"valueName":"search_term_string"}}],"inLanguage":"de-DE"},{"@type":"Organization","@id":"https:\/\/re-uz.com\/de\/#organization","name":"Re-uz","url":"https:\/\/re-uz.com\/de\/","logo":{"@type":"ImageObject","inLanguage":"de-DE","@id":"https:\/\/re-uz.com\/de\/#\/schema\/logo\/image\/","url":"https:\/\/re-uz.com\/wp-content\/uploads\/2023\/10\/logo-header.svg","contentUrl":"https:\/\/re-uz.com\/wp-content\/uploads\/2023\/10\/logo-header.svg","width":122,"height":50,"caption":"Re-uz"},"image":{"@id":"https:\/\/re-uz.com\/de\/#\/schema\/logo\/image\/"},"sameAs":["https:\/\/www.facebook.com\/reuzofficial"]}]}},"_links":{"self":[{"href":"https:\/\/re-uz.com\/de\/wp-json\/wp\/v2\/product\/63945","targetHints":{"allow":["GET"]}}],"collection":[{"href":"https:\/\/re-uz.com\/de\/wp-json\/wp\/v2\/product"}],"about":[{"href":"https:\/\/re-uz.com\/de\/wp-json\/wp\/v2\/types\/product"}],"replies":[{"embeddable":true,"href":"https:\/\/re-uz.com\/de\/wp-json\/wp\/v2\/comments?post=63945"}],"wp:featuredmedia":[{"embeddable":true,"href":"https:\/\/re-uz.com\/de\/wp-json\/wp\/v2\/media\/57415"}],"wp:attachment":[{"href":"https:\/\/re-uz.com\/de\/wp-json\/wp\/v2\/media?parent=63945"}],"wp:term":[{"taxonomy":"product_brand","embeddable":true,"href":"https:\/\/re-uz.com\/de\/wp-json\/wp\/v2\/product_brand?post=63945"},{"taxonomy":"product_cat","embeddable":true,"href":"https:\/\/re-uz.com\/de\/wp-json\/wp\/v2\/product_cat?post=63945"},{"taxonomy":"product_tag","embeddable":true,"href":"https:\/\/re-uz.com\/de\/wp-json\/wp\/v2\/product_tag?post=63945"}],"curies":[{"name":"wp","href":"https:\/\/api.w.org\/{rel}","templated":true}]}}