{"id":64302,"date":"2025-03-10T09:36:16","date_gmt":"2025-03-10T08:36:16","guid":{"rendered":"https:\/\/re-uz.com\/produit\/deckel-schuessel-salat\/"},"modified":"2025-03-10T09:36:16","modified_gmt":"2025-03-10T08:36:16","slug":"deckel-schuessel-salat","status":"publish","type":"product","link":"https:\/\/re-uz.com\/de\/produkt\/deckel-schuessel-salat\/","title":{"rendered":"Deckel f\u00fcr wiederverwendbare Salatsch\u00fcssel | PURE Deckel f\u00fcr Salatsch\u00fcssel"},"content":{"rendered":"\t\t<div data-elementor-type=\"section\" data-elementor-id=\"58655\" class=\"elementor elementor-58655 elementor-58030\" data-elementor-post-type=\"elementor_library\">\n\t\t\t\t\t<section class=\"elementor-section elementor-top-section elementor-element elementor-element-0fb67a1 elementor-section-boxed elementor-section-height-default elementor-section-height-default\" data-id=\"0fb67a1\" data-element_type=\"section\">\n\t\t\t\t\t\t<div class=\"elementor-container elementor-column-gap-default\">\n\t\t\t\t\t<div class=\"elementor-column elementor-col-100 elementor-top-column elementor-element elementor-element-8797b50\" data-id=\"8797b50\" data-element_type=\"column\" data-settings=\"{&quot;motion_fx_motion_fx_scrolling&quot;:&quot;yes&quot;,&quot;motion_fx_devices&quot;:[&quot;desktop&quot;,&quot;tablet&quot;,&quot;mobile&quot;]}\">\n\t\t\t<div class=\"elementor-widget-wrap elementor-element-populated\">\n\t\t\t\t\t\t<div class=\"elementor-element elementor-element-615b41d elementor-widget elementor-widget-heading\" data-id=\"615b41d\" data-element_type=\"widget\" data-widget_type=\"heading.default\">\n\t\t\t\t<div class=\"elementor-widget-container\">\n\t\t\t\t\t<h2 class=\"elementor-heading-title elementor-size-default\">eine sichere <span style=\"color:#ebb937\">Abdeckung<\/span> f\u00fcr <span style=\"color:#ebb937\">Liefer-<\/span> und <span style=\"color:#ebb937\">Takeaway-Dienste<\/span><\/h2>\t\t\t\t<\/div>\n\t\t\t\t<\/div>\n\t\t\t\t<div class=\"elementor-element elementor-element-753a7b2 elementor-widget elementor-widget-text-editor\" data-id=\"753a7b2\" data-element_type=\"widget\" data-widget_type=\"text-editor.default\">\n\t\t\t\t<div class=\"elementor-widget-container\">\n\t\t\t\t\t\t\t\t\t<p>Der Deckel der <strong><a href=\"https:\/\/re-uz.com\/de\/produkt\/salatschale\/\">Salatsch\u00fcssel<\/a> aus Tritan aus<\/strong> der Serie Pure von Re-uz <sup>\u00ae<\/sup> verbindet Wiederverwendung mit \u00c4sthetik.<\/p>\n<p>Entdecken Sie einen sicheren Deckel, der beim Transport von Salaten und Dressings einen absolut luftdichten Verschluss bietet.<\/p>\t\t\t\t\t\t\t\t<\/div>\n\t\t\t\t<\/div>\n\t\t\t\t\t<\/div>\n\t\t<\/div>\n\t\t\t\t\t<\/div>\n\t\t<\/section>\n\t\t<div class=\"elementor-element elementor-element-4461dd2 e-flex e-con-boxed e-con e-parent\" data-id=\"4461dd2\" data-element_type=\"container\">\n\t\t\t\t\t<div class=\"e-con-inner\">\n\t\t<div class=\"elementor-element elementor-element-810bdff e-flex e-con-boxed e-con e-child\" data-id=\"810bdff\" data-element_type=\"container\">\n\t\t\t\t\t<div class=\"e-con-inner\">\n\t\t\t\t<div class=\"elementor-element elementor-element-e67b7c4 elementor-widget-divider--view-line elementor-widget elementor-widget-divider\" data-id=\"e67b7c4\" data-element_type=\"widget\" data-widget_type=\"divider.default\">\n\t\t\t\t<div class=\"elementor-widget-container\">\n\t\t\t\t\t\t\t<div class=\"elementor-divider\">\n\t\t\t<span class=\"elementor-divider-separator\">\n\t\t\t\t\t\t<\/span>\n\t\t<\/div>\n\t\t\t\t\t\t<\/div>\n\t\t\t\t<\/div>\n\t\t\t\t\t<\/div>\n\t\t\t\t<\/div>\n\t\t\t\t\t<\/div>\n\t\t\t\t<\/div>\n\t\t<div class=\"elementor-element elementor-element-238e6a4 e-flex e-con-boxed e-con e-parent\" data-id=\"238e6a4\" data-element_type=\"container\">\n\t\t\t\t\t<div class=\"e-con-inner\">\n\t\t<div class=\"elementor-element elementor-element-834e8bb e-con-full e-flex e-con e-child\" data-id=\"834e8bb\" data-element_type=\"container\">\n\t\t\t\t<div class=\"elementor-element elementor-element-3700392 elementor-widget elementor-widget-heading\" data-id=\"3700392\" data-element_type=\"widget\" data-widget_type=\"heading.default\">\n\t\t\t\t<div class=\"elementor-widget-container\">\n\t\t\t\t\t<h3 class=\"elementor-heading-title elementor-size-default\"><span style=\"color:#ebb937\">Deckel Salatschale<\/span>: eine nachhaltige L\u00f6sung f\u00fcr <span style=\"color:#ebb937\">Take-away-Restaurants<\/span><\/h3>\t\t\t\t<\/div>\n\t\t\t\t<\/div>\n\t\t\t\t<div class=\"elementor-element elementor-element-5ea1bfd elementor-widget elementor-widget-text-editor\" data-id=\"5ea1bfd\" data-element_type=\"widget\" data-widget_type=\"text-editor.default\">\n\t\t\t\t<div class=\"elementor-widget-container\">\n\t\t\t\t\t\t\t\t\t<p>Mit ihrem <strong>Deckel<\/strong> ist die <strong>Salatsch\u00fcssel<\/strong> eine innovative L\u00f6sung f\u00fcr den <strong>Verkauf zum Mitnehmen<\/strong>. <strong>Salate<\/strong> und andere frische Vorspeisen oder Gerichte werden in einem leichten, luftdicht verschlossenen Beh\u00e4lter pr\u00e4sentiert, der vor allem abwaschbar und <strong>wiederverwendbar<\/strong> ist. <\/p>\n<p>Die Gastronomen wissen die Vielseitigkeit des Beh\u00e4lters zu sch\u00e4tzen. Er ist ideal als Pr\u00e4sentationsschale vor Ort, aber auch im <b>Takeaway<\/b> ist er sehr praktisch. Er ersetzt die Einweg-Pappschalen und ist Teil eines Kreislaufsystems.   <\/p>\n<p>Durch die Einf\u00fchrung eines <strong>Pfandsystems<\/strong> werden die Sch\u00fcssel und der Deckel ganz einfach zur\u00fcckgenommen, bevor sie gewaschen und wieder in Umlauf gebracht werden. F\u00fcr Gewerbetreibende ist dies eine umweltfreundliche Wahl, die Abfall vermeidet und langfristig auch wirtschaftlich ist, da die Beh\u00e4lter nie weggeworfen werden.  <\/p>\n\t\t\t\t\t\t\t\t<\/div>\n\t\t\t\t<\/div>\n\t\t\t\t<\/div>\n\t\t<div class=\"elementor-element elementor-element-d176157 e-con-full e-flex e-con e-child\" data-id=\"d176157\" data-element_type=\"container\" data-settings=\"{&quot;background_background&quot;:&quot;classic&quot;}\">\n\t\t\t\t<div class=\"elementor-element elementor-element-081dc10 elementor-widget elementor-widget-image\" data-id=\"081dc10\" data-element_type=\"widget\" data-widget_type=\"image.default\">\n\t\t\t\t<div class=\"elementor-widget-container\">\n\t\t\t\t\t\t\t\t\t\t\t\t\t\t\t<img fetchpriority=\"high\" decoding=\"async\" width=\"500\" height=\"500\" src=\"https:\/\/re-uz.com\/wp-content\/uploads\/2025\/03\/couvercle-bol-salade.jpg\" class=\"attachment-2048x2048 size-2048x2048 wp-image-58034\" alt=\"Deckel f\u00fcr die Salatsch\u00fcssel Pure by Re-uz\" srcset=\"https:\/\/re-uz.com\/wp-content\/uploads\/2025\/03\/couvercle-bol-salade.jpg 500w, https:\/\/re-uz.com\/wp-content\/uploads\/2025\/03\/couvercle-bol-salade-300x300.jpg 300w, https:\/\/re-uz.com\/wp-content\/uploads\/2025\/03\/couvercle-bol-salade-150x150.jpg 150w, https:\/\/re-uz.com\/wp-content\/uploads\/2025\/03\/couvercle-bol-salade-400x400.jpg 400w, https:\/\/re-uz.com\/wp-content\/uploads\/2025\/03\/couvercle-bol-salade-100x100.jpg 100w\" sizes=\"(max-width: 500px) 100vw, 500px\" \/>\t\t\t\t\t\t\t\t\t\t\t\t\t\t\t<\/div>\n\t\t\t\t<\/div>\n\t\t\t\t<\/div>\n\t\t\t\t\t<\/div>\n\t\t\t\t<\/div>\n\t\t<div class=\"elementor-element elementor-element-61b12d2 e-flex e-con-boxed e-con e-parent\" data-id=\"61b12d2\" data-element_type=\"container\">\n\t\t\t\t\t<div class=\"e-con-inner\">\n\t\t<div class=\"elementor-element elementor-element-c872193 e-con-full e-flex e-con e-child\" data-id=\"c872193\" data-element_type=\"container\">\n\t\t\t\t<div class=\"elementor-element elementor-element-6fec778 elementor-widget elementor-widget-heading\" data-id=\"6fec778\" data-element_type=\"widget\" data-widget_type=\"heading.default\">\n\t\t\t\t<div class=\"elementor-widget-container\">\n\t\t\t\t\t<h3 class=\"elementor-heading-title elementor-size-default\">Ein <span style=\"color:#ebb937\">Deckel<\/span>, der sowohl \u00e4sthetisch als auch <span style=\"color:#ebb937\">langlebig<\/span> ist<\/h3>\t\t\t\t<\/div>\n\t\t\t\t<\/div>\n\t\t\t\t<div class=\"elementor-element elementor-element-d41a7ee elementor-widget elementor-widget-text-editor\" data-id=\"d41a7ee\" data-element_type=\"widget\" data-widget_type=\"text-editor.default\">\n\t\t\t\t<div class=\"elementor-widget-container\">\n\t\t\t\t\t\t\t\t\t<p>Im Einklang mit der Pure-Serie hat der <strong>Deckel<\/strong> ein klares Design, das perfekt zu dem der <strong>Salatsch\u00fcssel<\/strong> passt. Der Deckel ist mit dekorativen Rillen versehen, die an die asymmetrischen Kurven erinnern, die sich durch die gesamte Serie ziehen. Diese Rillen sind nicht ohne Funktion: sie erleichtern und sichern auch das Stapeln von geschlossenen Beh\u00e4ltern.  <\/p>\n<p>Die gefrostete Farbe passt zu der Transparenz des Tritan. Neben dem umweltfreundlichen Aspekt heben sich die Gastronomen durch eine gepflegte Pr\u00e4sentation ab, selbst bei <strong>Take-away-Services<\/strong>. <\/p>\n\t\t\t\t\t\t\t\t<\/div>\n\t\t\t\t<\/div>\n\t\t\t\t<\/div>\n\t\t<div class=\"elementor-element elementor-element-cc1ca6e e-con-full e-flex e-con e-child\" data-id=\"cc1ca6e\" data-element_type=\"container\" data-settings=\"{&quot;background_background&quot;:&quot;classic&quot;}\">\n\t\t\t\t<div class=\"elementor-element elementor-element-9a833f0 elementor-widget elementor-widget-image\" data-id=\"9a833f0\" data-element_type=\"widget\" data-widget_type=\"image.default\">\n\t\t\t\t<div class=\"elementor-widget-container\">\n\t\t\t\t\t\t\t\t\t\t\t\t\t\t\t<img decoding=\"async\" width=\"500\" height=\"500\" src=\"https:\/\/re-uz.com\/wp-content\/uploads\/2025\/03\/couvercle-hermetique-bol-salade.jpg\" class=\"attachment-2048x2048 size-2048x2048 wp-image-58041\" alt=\"Luftdichter, abwaschbarer und unzerbrechlicher Deckel f\u00fcr Salate zum Mitnehmen\" srcset=\"https:\/\/re-uz.com\/wp-content\/uploads\/2025\/03\/couvercle-hermetique-bol-salade.jpg 500w, https:\/\/re-uz.com\/wp-content\/uploads\/2025\/03\/couvercle-hermetique-bol-salade-300x300.jpg 300w, https:\/\/re-uz.com\/wp-content\/uploads\/2025\/03\/couvercle-hermetique-bol-salade-150x150.jpg 150w, https:\/\/re-uz.com\/wp-content\/uploads\/2025\/03\/couvercle-hermetique-bol-salade-400x400.jpg 400w, https:\/\/re-uz.com\/wp-content\/uploads\/2025\/03\/couvercle-hermetique-bol-salade-100x100.jpg 100w\" sizes=\"(max-width: 500px) 100vw, 500px\" \/>\t\t\t\t\t\t\t\t\t\t\t\t\t\t\t<\/div>\n\t\t\t\t<\/div>\n\t\t\t\t<\/div>\n\t\t\t\t\t<\/div>\n\t\t\t\t<\/div>\n\t\t\t\t<\/div>\n\t\t\n","protected":false},"excerpt":{"rendered":"<p>Der Deckel f\u00fcr die <strong>Salatsch\u00fcssel<\/strong> verwandelt den passenden Beh\u00e4lter in eine Box f\u00fcr das Essen zum Mitnehmen. Der Deckel wurde aus Polyethylen hergestellt, einem Material, das sowohl f\u00fcr seine St\u00e4rke als auch f\u00fcr seine Flexibilit\u00e4t bekannt ist. Diese Flexibilit\u00e4t erm\u00f6glicht eine perfekte Anpassung an die Tritan-Salatschale und erleichtert das \u00d6ffnen und Schlie\u00dfen. Das Design enth\u00e4lt eine Lasche, um den Komfort f\u00fcr Gastronomen und Verbraucher zu erh\u00f6hen.   <\/p>\n","protected":false},"featured_media":57973,"comment_status":"open","ping_status":"closed","template":"","meta":{"_acf_changed":false},"product_brand":[],"product_cat":[2200,4490,2210],"product_tag":[],"class_list":{"0":"post-64302","1":"product","2":"type-product","3":"status-publish","4":"has-post-thumbnail","6":"product_cat-gerichte","7":"product_cat-nachhaltiges-servicegeschirr","8":"product_cat-schusseln","9":"pa_matiere-polyethylen","10":"pa_rangement-stapelbar","11":"pa_solutions-kauf","12":"pa_type-vaisselle-re-uz-deckel","13":"pa_vaisselle-re-uz-takeaway-geschirr-deckeln","15":"first","16":"instock","17":"shipping-taxable","18":"purchasable","19":"product-type-simple"},"acf":{"breadcrumb_title":"","custom_product_title":""},"yoast_head":"<!-- This site is optimized with the Yoast SEO plugin v25.2 - https:\/\/yoast.com\/wordpress\/plugins\/seo\/ -->\n<title>Wiederverwendbarer Deckel f\u00fcr die Salatsch\u00fcssel | Re-uz<\/title>\n<meta name=\"description\" content=\"Statten Sie die Tritan-Salatschale aus der Pure-Serie von Re-uz mit einem passenden Deckel aus. Ein transparenter, flexibler und unzerbrechlicher Deckel.\" \/>\n<meta name=\"robots\" content=\"index, follow, max-snippet:-1, max-image-preview:large, max-video-preview:-1\" \/>\n<link rel=\"canonical\" href=\"https:\/\/re-uz.com\/de\/produkt\/deckel-schuessel-salat\/\" \/>\n<meta property=\"og:locale\" content=\"de_DE\" \/>\n<meta property=\"og:type\" content=\"article\" \/>\n<meta property=\"og:title\" content=\"Wiederverwendbarer Deckel f\u00fcr die Salatsch\u00fcssel | Re-uz\" \/>\n<meta property=\"og:description\" content=\"Statten Sie die Tritan-Salatschale aus der Pure-Serie von Re-uz mit einem passenden Deckel aus. Ein transparenter, flexibler und unzerbrechlicher Deckel.\" \/>\n<meta property=\"og:url\" content=\"https:\/\/re-uz.com\/de\/produkt\/deckel-schuessel-salat\/\" \/>\n<meta property=\"og:site_name\" content=\"Re-uz\" \/>\n<meta property=\"article:publisher\" content=\"https:\/\/www.facebook.com\/reuzofficial\" \/>\n<meta property=\"og:image\" content=\"https:\/\/re-uz.com\/wp-content\/uploads\/2025\/03\/pure-couvercle-bol-salade-2-1024x1024.png\" \/>\n\t<meta property=\"og:image:width\" content=\"1024\" \/>\n\t<meta property=\"og:image:height\" content=\"1024\" \/>\n\t<meta property=\"og:image:type\" content=\"image\/png\" \/>\n<meta name=\"twitter:card\" content=\"summary_large_image\" \/>\n<script type=\"application\/ld+json\" class=\"yoast-schema-graph\">{\"@context\":\"https:\/\/schema.org\",\"@graph\":[{\"@type\":\"WebPage\",\"@id\":\"https:\/\/re-uz.com\/de\/produkt\/deckel-schuessel-salat\/\",\"url\":\"https:\/\/re-uz.com\/de\/produkt\/deckel-schuessel-salat\/\",\"name\":\"Wiederverwendbarer Deckel f\u00fcr die Salatsch\u00fcssel | Re-uz\",\"isPartOf\":{\"@id\":\"https:\/\/re-uz.com\/de\/#website\"},\"primaryImageOfPage\":{\"@id\":\"https:\/\/re-uz.com\/de\/produkt\/deckel-schuessel-salat\/#primaryimage\"},\"image\":{\"@id\":\"https:\/\/re-uz.com\/de\/produkt\/deckel-schuessel-salat\/#primaryimage\"},\"thumbnailUrl\":\"https:\/\/re-uz.com\/wp-content\/uploads\/2025\/03\/pure-couvercle-bol-salade-2.png\",\"datePublished\":\"2025-03-10T08:36:16+00:00\",\"description\":\"Statten Sie die Tritan-Salatschale aus der Pure-Serie von Re-uz mit einem passenden Deckel aus. Ein transparenter, flexibler und unzerbrechlicher Deckel.\",\"breadcrumb\":{\"@id\":\"https:\/\/re-uz.com\/de\/produkt\/deckel-schuessel-salat\/#breadcrumb\"},\"inLanguage\":\"de-DE\",\"potentialAction\":[{\"@type\":\"ReadAction\",\"target\":[\"https:\/\/re-uz.com\/de\/produkt\/deckel-schuessel-salat\/\"]}]},{\"@type\":\"ImageObject\",\"inLanguage\":\"de-DE\",\"@id\":\"https:\/\/re-uz.com\/de\/produkt\/deckel-schuessel-salat\/#primaryimage\",\"url\":\"https:\/\/re-uz.com\/wp-content\/uploads\/2025\/03\/pure-couvercle-bol-salade-2.png\",\"contentUrl\":\"https:\/\/re-uz.com\/wp-content\/uploads\/2025\/03\/pure-couvercle-bol-salade-2.png\",\"width\":3840,\"height\":3840,\"caption\":\"Deckel Sch\u00fcssel mit reinem Salat\"},{\"@type\":\"BreadcrumbList\",\"@id\":\"https:\/\/re-uz.com\/de\/produkt\/deckel-schuessel-salat\/#breadcrumb\",\"itemListElement\":[{\"@type\":\"ListItem\",\"position\":1,\"name\":\"Accueil\",\"item\":\"https:\/\/re-uz.com\/de\/\"},{\"@type\":\"ListItem\",\"position\":2,\"name\":\"Wiederverwendbare Lebensmittelbeh\u00e4lter &amp; umweltfreundliche Re-uz \u00ae-L\u00f6sungen\",\"item\":\"https:\/\/re-uz.com\/de\/wiederverwendbare-behalter-verantwortungsvolle-losungen\/\"},{\"@type\":\"ListItem\",\"position\":3,\"name\":\"Deckel f\u00fcr wiederverwendbare Salatsch\u00fcssel | PURE Deckel f\u00fcr Salatsch\u00fcssel\"}]},{\"@type\":\"WebSite\",\"@id\":\"https:\/\/re-uz.com\/de\/#website\",\"url\":\"https:\/\/re-uz.com\/de\/\",\"name\":\"Re-uz\",\"description\":\"Rejoignez le mouvement z\u00e9ro-d\u00e9chet\",\"publisher\":{\"@id\":\"https:\/\/re-uz.com\/de\/#organization\"},\"alternateName\":\"Re-uz\",\"potentialAction\":[{\"@type\":\"SearchAction\",\"target\":{\"@type\":\"EntryPoint\",\"urlTemplate\":\"https:\/\/re-uz.com\/de\/?s={search_term_string}\"},\"query-input\":{\"@type\":\"PropertyValueSpecification\",\"valueRequired\":true,\"valueName\":\"search_term_string\"}}],\"inLanguage\":\"de-DE\"},{\"@type\":\"Organization\",\"@id\":\"https:\/\/re-uz.com\/de\/#organization\",\"name\":\"Re-uz\",\"url\":\"https:\/\/re-uz.com\/de\/\",\"logo\":{\"@type\":\"ImageObject\",\"inLanguage\":\"de-DE\",\"@id\":\"https:\/\/re-uz.com\/de\/#\/schema\/logo\/image\/\",\"url\":\"https:\/\/re-uz.com\/wp-content\/uploads\/2023\/10\/logo-header.svg\",\"contentUrl\":\"https:\/\/re-uz.com\/wp-content\/uploads\/2023\/10\/logo-header.svg\",\"width\":122,\"height\":50,\"caption\":\"Re-uz\"},\"image\":{\"@id\":\"https:\/\/re-uz.com\/de\/#\/schema\/logo\/image\/\"},\"sameAs\":[\"https:\/\/www.facebook.com\/reuzofficial\"]}]}<\/script>\n<!-- \/ Yoast SEO plugin. -->","yoast_head_json":{"title":"Wiederverwendbarer Deckel f\u00fcr die Salatsch\u00fcssel | Re-uz","description":"Statten Sie die Tritan-Salatschale aus der Pure-Serie von Re-uz mit einem passenden Deckel aus. Ein transparenter, flexibler und unzerbrechlicher Deckel.","robots":{"index":"index","follow":"follow","max-snippet":"max-snippet:-1","max-image-preview":"max-image-preview:large","max-video-preview":"max-video-preview:-1"},"canonical":"https:\/\/re-uz.com\/de\/produkt\/deckel-schuessel-salat\/","og_locale":"de_DE","og_type":"article","og_title":"Wiederverwendbarer Deckel f\u00fcr die Salatsch\u00fcssel | Re-uz","og_description":"Statten Sie die Tritan-Salatschale aus der Pure-Serie von Re-uz mit einem passenden Deckel aus. Ein transparenter, flexibler und unzerbrechlicher Deckel.","og_url":"https:\/\/re-uz.com\/de\/produkt\/deckel-schuessel-salat\/","og_site_name":"Re-uz","article_publisher":"https:\/\/www.facebook.com\/reuzofficial","og_image":[{"width":1024,"height":1024,"url":"https:\/\/re-uz.com\/wp-content\/uploads\/2025\/03\/pure-couvercle-bol-salade-2-1024x1024.png","type":"image\/png"}],"twitter_card":"summary_large_image","schema":{"@context":"https:\/\/schema.org","@graph":[{"@type":"WebPage","@id":"https:\/\/re-uz.com\/de\/produkt\/deckel-schuessel-salat\/","url":"https:\/\/re-uz.com\/de\/produkt\/deckel-schuessel-salat\/","name":"Wiederverwendbarer Deckel f\u00fcr die Salatsch\u00fcssel | Re-uz","isPartOf":{"@id":"https:\/\/re-uz.com\/de\/#website"},"primaryImageOfPage":{"@id":"https:\/\/re-uz.com\/de\/produkt\/deckel-schuessel-salat\/#primaryimage"},"image":{"@id":"https:\/\/re-uz.com\/de\/produkt\/deckel-schuessel-salat\/#primaryimage"},"thumbnailUrl":"https:\/\/re-uz.com\/wp-content\/uploads\/2025\/03\/pure-couvercle-bol-salade-2.png","datePublished":"2025-03-10T08:36:16+00:00","description":"Statten Sie die Tritan-Salatschale aus der Pure-Serie von Re-uz mit einem passenden Deckel aus. Ein transparenter, flexibler und unzerbrechlicher Deckel.","breadcrumb":{"@id":"https:\/\/re-uz.com\/de\/produkt\/deckel-schuessel-salat\/#breadcrumb"},"inLanguage":"de-DE","potentialAction":[{"@type":"ReadAction","target":["https:\/\/re-uz.com\/de\/produkt\/deckel-schuessel-salat\/"]}]},{"@type":"ImageObject","inLanguage":"de-DE","@id":"https:\/\/re-uz.com\/de\/produkt\/deckel-schuessel-salat\/#primaryimage","url":"https:\/\/re-uz.com\/wp-content\/uploads\/2025\/03\/pure-couvercle-bol-salade-2.png","contentUrl":"https:\/\/re-uz.com\/wp-content\/uploads\/2025\/03\/pure-couvercle-bol-salade-2.png","width":3840,"height":3840,"caption":"Deckel Sch\u00fcssel mit reinem Salat"},{"@type":"BreadcrumbList","@id":"https:\/\/re-uz.com\/de\/produkt\/deckel-schuessel-salat\/#breadcrumb","itemListElement":[{"@type":"ListItem","position":1,"name":"Accueil","item":"https:\/\/re-uz.com\/de\/"},{"@type":"ListItem","position":2,"name":"Wiederverwendbare Lebensmittelbeh\u00e4lter &amp; umweltfreundliche Re-uz \u00ae-L\u00f6sungen","item":"https:\/\/re-uz.com\/de\/wiederverwendbare-behalter-verantwortungsvolle-losungen\/"},{"@type":"ListItem","position":3,"name":"Deckel f\u00fcr wiederverwendbare Salatsch\u00fcssel | PURE Deckel f\u00fcr Salatsch\u00fcssel"}]},{"@type":"WebSite","@id":"https:\/\/re-uz.com\/de\/#website","url":"https:\/\/re-uz.com\/de\/","name":"Re-uz","description":"Rejoignez le mouvement z\u00e9ro-d\u00e9chet","publisher":{"@id":"https:\/\/re-uz.com\/de\/#organization"},"alternateName":"Re-uz","potentialAction":[{"@type":"SearchAction","target":{"@type":"EntryPoint","urlTemplate":"https:\/\/re-uz.com\/de\/?s={search_term_string}"},"query-input":{"@type":"PropertyValueSpecification","valueRequired":true,"valueName":"search_term_string"}}],"inLanguage":"de-DE"},{"@type":"Organization","@id":"https:\/\/re-uz.com\/de\/#organization","name":"Re-uz","url":"https:\/\/re-uz.com\/de\/","logo":{"@type":"ImageObject","inLanguage":"de-DE","@id":"https:\/\/re-uz.com\/de\/#\/schema\/logo\/image\/","url":"https:\/\/re-uz.com\/wp-content\/uploads\/2023\/10\/logo-header.svg","contentUrl":"https:\/\/re-uz.com\/wp-content\/uploads\/2023\/10\/logo-header.svg","width":122,"height":50,"caption":"Re-uz"},"image":{"@id":"https:\/\/re-uz.com\/de\/#\/schema\/logo\/image\/"},"sameAs":["https:\/\/www.facebook.com\/reuzofficial"]}]}},"_links":{"self":[{"href":"https:\/\/re-uz.com\/de\/wp-json\/wp\/v2\/product\/64302","targetHints":{"allow":["GET"]}}],"collection":[{"href":"https:\/\/re-uz.com\/de\/wp-json\/wp\/v2\/product"}],"about":[{"href":"https:\/\/re-uz.com\/de\/wp-json\/wp\/v2\/types\/product"}],"replies":[{"embeddable":true,"href":"https:\/\/re-uz.com\/de\/wp-json\/wp\/v2\/comments?post=64302"}],"wp:featuredmedia":[{"embeddable":true,"href":"https:\/\/re-uz.com\/de\/wp-json\/wp\/v2\/media\/57973"}],"wp:attachment":[{"href":"https:\/\/re-uz.com\/de\/wp-json\/wp\/v2\/media?parent=64302"}],"wp:term":[{"taxonomy":"product_brand","embeddable":true,"href":"https:\/\/re-uz.com\/de\/wp-json\/wp\/v2\/product_brand?post=64302"},{"taxonomy":"product_cat","embeddable":true,"href":"https:\/\/re-uz.com\/de\/wp-json\/wp\/v2\/product_cat?post=64302"},{"taxonomy":"product_tag","embeddable":true,"href":"https:\/\/re-uz.com\/de\/wp-json\/wp\/v2\/product_tag?post=64302"}],"curies":[{"name":"wp","href":"https:\/\/api.w.org\/{rel}","templated":true}]}}