{"id":64308,"date":"2025-03-10T11:37:47","date_gmt":"2025-03-10T10:37:47","guid":{"rendered":"https:\/\/re-uz.com\/produit\/deckel-rahmen\/"},"modified":"2025-03-10T11:37:47","modified_gmt":"2025-03-10T10:37:47","slug":"deckel-rahmen","status":"publish","type":"product","link":"https:\/\/re-uz.com\/de\/produkt\/deckel-rahmen\/","title":{"rendered":"Deckel f\u00fcr wiederverwendbare Ramequin | PURE Deckel Ramequin"},"content":{"rendered":"\t\t<div data-elementor-type=\"section\" data-elementor-id=\"58649\" class=\"elementor elementor-58649 elementor-57994\" data-elementor-post-type=\"elementor_library\">\n\t\t\t\t\t<section class=\"elementor-section elementor-top-section elementor-element elementor-element-d609f4d elementor-section-boxed elementor-section-height-default elementor-section-height-default\" data-id=\"d609f4d\" data-element_type=\"section\">\n\t\t\t\t\t\t<div class=\"elementor-container elementor-column-gap-default\">\n\t\t\t\t\t<div class=\"elementor-column elementor-col-100 elementor-top-column elementor-element elementor-element-8c8cccc\" data-id=\"8c8cccc\" data-element_type=\"column\" data-settings=\"{&quot;motion_fx_motion_fx_scrolling&quot;:&quot;yes&quot;,&quot;motion_fx_devices&quot;:[&quot;desktop&quot;,&quot;tablet&quot;,&quot;mobile&quot;]}\">\n\t\t\t<div class=\"elementor-widget-wrap elementor-element-populated\">\n\t\t\t\t\t\t<div class=\"elementor-element elementor-element-5e31120 elementor-widget elementor-widget-heading\" data-id=\"5e31120\" data-element_type=\"widget\" data-widget_type=\"heading.default\">\n\t\t\t\t<div class=\"elementor-widget-container\">\n\t\t\t\t\t<h2 class=\"elementor-heading-title elementor-size-default\"><span style=\"color:#ebb937\">Deckel<\/span> f\u00fcr <span style=\"color:#ebb937\">Ramequin<\/span>: eine umweltfreundliche L\u00f6sung f\u00fcr den <span style=\"color:#ebb937\">Verkauf zum Mitnehmen<\/span><\/h2>\t\t\t\t<\/div>\n\t\t\t\t<\/div>\n\t\t\t\t<div class=\"elementor-element elementor-element-2067bbe elementor-widget elementor-widget-text-editor\" data-id=\"2067bbe\" data-element_type=\"widget\" data-widget_type=\"text-editor.default\">\n\t\t\t\t<div class=\"elementor-widget-container\">\n\t\t\t\t\t\t\t\t\t<p>Der Deckel f\u00fcr eine <a href=\"https:\/\/re-uz.com\/de\/?attachment_id=26904\">Auflaufform<\/a> passt auf die kleinsten Tritan-Beh\u00e4lter aus der Pure-Serie von Re-uz <sup>\u00ae<\/sup>.<\/p>\n<p>Er ist absolut luftdicht und wurde entwickelt, um die Frische der Lebensmittel zu erhalten und einen sicheren Transport zu gew\u00e4hrleisten.<\/p>\n\t\t\t\t\t\t\t\t<\/div>\n\t\t\t\t<\/div>\n\t\t\t\t\t<\/div>\n\t\t<\/div>\n\t\t\t\t\t<\/div>\n\t\t<\/section>\n\t\t<div class=\"elementor-element elementor-element-7eb46f0 e-flex e-con-boxed e-con e-parent\" data-id=\"7eb46f0\" data-element_type=\"container\">\n\t\t\t\t\t<div class=\"e-con-inner\">\n\t\t<div class=\"elementor-element elementor-element-63afad8 e-flex e-con-boxed e-con e-child\" data-id=\"63afad8\" data-element_type=\"container\">\n\t\t\t\t\t<div class=\"e-con-inner\">\n\t\t\t\t<div class=\"elementor-element elementor-element-0b7e842 elementor-widget-divider--view-line elementor-widget elementor-widget-divider\" data-id=\"0b7e842\" data-element_type=\"widget\" data-widget_type=\"divider.default\">\n\t\t\t\t<div class=\"elementor-widget-container\">\n\t\t\t\t\t\t\t<div class=\"elementor-divider\">\n\t\t\t<span class=\"elementor-divider-separator\">\n\t\t\t\t\t\t<\/span>\n\t\t<\/div>\n\t\t\t\t\t\t<\/div>\n\t\t\t\t<\/div>\n\t\t\t\t\t<\/div>\n\t\t\t\t<\/div>\n\t\t\t\t\t<\/div>\n\t\t\t\t<\/div>\n\t\t<div class=\"elementor-element elementor-element-4732126 e-flex e-con-boxed e-con e-parent\" data-id=\"4732126\" data-element_type=\"container\">\n\t\t\t\t\t<div class=\"e-con-inner\">\n\t\t<div class=\"elementor-element elementor-element-42048b9 e-con-full e-flex e-con e-child\" data-id=\"42048b9\" data-element_type=\"container\">\n\t\t\t\t<div class=\"elementor-element elementor-element-a42c6d4 elementor-widget elementor-widget-heading\" data-id=\"a42c6d4\" data-element_type=\"widget\" data-widget_type=\"heading.default\">\n\t\t\t\t<div class=\"elementor-widget-container\">\n\t\t\t\t\t<h3 class=\"elementor-heading-title elementor-size-default\">Eine praktische L\u00f6sung f\u00fcr einen <span style=\"color:#ebb937\">sicheren Transport<\/span><\/h3>\t\t\t\t<\/div>\n\t\t\t\t<\/div>\n\t\t\t\t<div class=\"elementor-element elementor-element-4003db4 elementor-widget elementor-widget-text-editor\" data-id=\"4003db4\" data-element_type=\"widget\" data-widget_type=\"text-editor.default\">\n\t\t\t\t<div class=\"elementor-widget-container\">\n\t\t\t\t\t\t\t\t\t<p>Der <strong>Deckel des Pure-Ramekins<\/strong> erm\u00f6glicht es, Einwegbeh\u00e4lter in <strong>Liefer-<\/strong> und <strong>Takeaway<\/strong>&#8211;<strong>Restaurant<\/strong>s selbst bei kleinsten Mengen zu eliminieren.<\/p>\n<p>So\u00dfen, Vorspeisen oder Desserts im Miniformat: all diese kleinen Verpackungen verursachen eine nicht zu untersch\u00e4tzende Menge an Abfall. Dies ist besonders wichtig beim Takeaway, da hier die Bequemlichkeit oft auf Kosten der Umweltbelastung geht. <\/p>\n<p>Re-uz <sup>\u00ae<\/sup> l\u00f6st die Einschr\u00e4nkungen des Take-away-Gesch\u00e4fts, indem es wiederverschlie\u00dfbare Beh\u00e4lter anbietet, die langlebig, leicht und praktisch sind. Der Deckel, der mit dem Pure-Ramequin kombiniert werden kann, verschlie\u00dft den Beh\u00e4lter hermetisch und sorgt so f\u00fcr Sicherheit beim Transport. <\/p>\n\t\t\t\t\t\t\t\t<\/div>\n\t\t\t\t<\/div>\n\t\t\t\t<\/div>\n\t\t<div class=\"elementor-element elementor-element-2bca059 e-con-full e-flex e-con e-child\" data-id=\"2bca059\" data-element_type=\"container\" data-settings=\"{&quot;background_background&quot;:&quot;classic&quot;}\">\n\t\t\t\t<div class=\"elementor-element elementor-element-d8ba992 elementor-widget elementor-widget-image\" data-id=\"d8ba992\" data-element_type=\"widget\" data-widget_type=\"image.default\">\n\t\t\t\t<div class=\"elementor-widget-container\">\n\t\t\t\t\t\t\t\t\t\t\t\t\t\t\t<img fetchpriority=\"high\" decoding=\"async\" width=\"500\" height=\"500\" src=\"https:\/\/re-uz.com\/wp-content\/uploads\/2025\/03\/ramequin-pure-couvercle.jpg\" class=\"attachment-2048x2048 size-2048x2048 wp-image-58007\" alt=\"Deckel zur Kombination mit der wiederverwendbaren Plastiksch\u00fcssel Pure\" srcset=\"https:\/\/re-uz.com\/wp-content\/uploads\/2025\/03\/ramequin-pure-couvercle.jpg 500w, https:\/\/re-uz.com\/wp-content\/uploads\/2025\/03\/ramequin-pure-couvercle-300x300.jpg 300w, https:\/\/re-uz.com\/wp-content\/uploads\/2025\/03\/ramequin-pure-couvercle-150x150.jpg 150w, https:\/\/re-uz.com\/wp-content\/uploads\/2025\/03\/ramequin-pure-couvercle-400x400.jpg 400w, https:\/\/re-uz.com\/wp-content\/uploads\/2025\/03\/ramequin-pure-couvercle-100x100.jpg 100w\" sizes=\"(max-width: 500px) 100vw, 500px\" \/>\t\t\t\t\t\t\t\t\t\t\t\t\t\t\t<\/div>\n\t\t\t\t<\/div>\n\t\t\t\t<\/div>\n\t\t\t\t\t<\/div>\n\t\t\t\t<\/div>\n\t\t<div class=\"elementor-element elementor-element-36a8787 e-flex e-con-boxed e-con e-parent\" data-id=\"36a8787\" data-element_type=\"container\">\n\t\t\t\t\t<div class=\"e-con-inner\">\n\t\t<div class=\"elementor-element elementor-element-406915a e-con-full e-flex e-con e-child\" data-id=\"406915a\" data-element_type=\"container\">\n\t\t\t\t<div class=\"elementor-element elementor-element-6eba2c3 elementor-widget elementor-widget-heading\" data-id=\"6eba2c3\" data-element_type=\"widget\" data-widget_type=\"heading.default\">\n\t\t\t\t<div class=\"elementor-widget-container\">\n\t\t\t\t\t<h3 class=\"elementor-heading-title elementor-size-default\">Der <span style=\"color:#ebb937\">Deckel f\u00fcr pure ramequin<\/span>: Haltbarkeit f\u00fcr den Verkauf zum Mitnehmen<\/h3>\t\t\t\t<\/div>\n\t\t\t\t<\/div>\n\t\t\t\t<div class=\"elementor-element elementor-element-c1b703d elementor-widget elementor-widget-text-editor\" data-id=\"c1b703d\" data-element_type=\"widget\" data-widget_type=\"text-editor.default\">\n\t\t\t\t<div class=\"elementor-widget-container\">\n\t\t\t\t\t\t\t\t\t<p>Mit einem sicheren, luftdichten Deckel wird die <strong>Wiederverwendung<\/strong> in den <strong>Liefer-<\/strong> und Takeaway-Service integriert. Der Pure Ramequin wird von einer kleinen wiederverwendbaren Sch\u00fcssel zu einem praktischen Beh\u00e4lter, den die Verbraucher mit nach Hause nehmen.  <\/p>\n<p>Der Deckel ist leicht sp\u00fclmaschinenfest und hitzebest\u00e4ndig und garantiert eine einwandfreie Hygiene. Sie m\u00fcssen nur ein <strong>Pfand<\/strong> anbieten, um sicherzustellen, dass er in den <strong>Wiederverwendungskreislauf<\/strong> zur\u00fcckgef\u00fchrt wird und seine Nutzung verl\u00e4ngert wird. <\/p>\n\t\t\t\t\t\t\t\t<\/div>\n\t\t\t\t<\/div>\n\t\t\t\t<\/div>\n\t\t<div class=\"elementor-element elementor-element-74b6d9b e-con-full e-flex e-con e-child\" data-id=\"74b6d9b\" data-element_type=\"container\" data-settings=\"{&quot;background_background&quot;:&quot;classic&quot;}\">\n\t\t\t\t<div class=\"elementor-element elementor-element-b410aa0 elementor-widget elementor-widget-image\" data-id=\"b410aa0\" data-element_type=\"widget\" data-widget_type=\"image.default\">\n\t\t\t\t<div class=\"elementor-widget-container\">\n\t\t\t\t\t\t\t\t\t\t\t\t\t\t\t<img decoding=\"async\" width=\"500\" height=\"500\" src=\"https:\/\/re-uz.com\/wp-content\/uploads\/2025\/03\/couvercle-ramequin.jpg\" class=\"attachment-2048x2048 size-2048x2048 wp-image-58000\" alt=\"Luftdichter Deckel f\u00fcr die Auflaufform der Serie Pure by Re-uz\" srcset=\"https:\/\/re-uz.com\/wp-content\/uploads\/2025\/03\/couvercle-ramequin.jpg 500w, https:\/\/re-uz.com\/wp-content\/uploads\/2025\/03\/couvercle-ramequin-300x300.jpg 300w, https:\/\/re-uz.com\/wp-content\/uploads\/2025\/03\/couvercle-ramequin-150x150.jpg 150w, https:\/\/re-uz.com\/wp-content\/uploads\/2025\/03\/couvercle-ramequin-400x400.jpg 400w, https:\/\/re-uz.com\/wp-content\/uploads\/2025\/03\/couvercle-ramequin-100x100.jpg 100w\" sizes=\"(max-width: 500px) 100vw, 500px\" \/>\t\t\t\t\t\t\t\t\t\t\t\t\t\t\t<\/div>\n\t\t\t\t<\/div>\n\t\t\t\t<\/div>\n\t\t\t\t\t<\/div>\n\t\t\t\t<\/div>\n\t\t\t\t<\/div>\n\t\t\n","protected":false},"excerpt":{"rendered":"<p>Der <strong>Deckel in Kombination mit dem wiederverwendbaren Kunststoff-Ramequin<\/strong> macht es zu einer idealen L\u00f6sung f\u00fcr den <strong>Verkauf zum Mitnehmen<\/strong>. Dank des effektiven Verschlusses kann die <strong>Schale<\/strong> mit einem Pfand versehen und zur\u00fcckgegeben werden. Sie bietet somit eine <strong>nachhaltige Alternative zu Einwegverpackungen<\/strong>. Der Deckel erg\u00e4nzt das Ramequin und bewahrt die Leichtigkeit und Modernit\u00e4t des Beh\u00e4lters. Die durchscheinende wei\u00dfe Farbe verleiht der Schale einen modernen Touch und bildet einen subtilen Kontrast zu der vollst\u00e4ndigen Transparenz von Tritan.    <\/p>\n","protected":false},"featured_media":57991,"comment_status":"open","ping_status":"closed","template":"","meta":{"_acf_changed":false},"product_brand":[],"product_cat":[2200,4490,2210],"product_tag":[],"class_list":{"0":"post-64308","1":"product","2":"type-product","3":"status-publish","4":"has-post-thumbnail","6":"product_cat-gerichte","7":"product_cat-nachhaltiges-servicegeschirr","8":"product_cat-schusseln","9":"pa_matiere-polyethylen","10":"pa_solutions-kauf","11":"pa_type-vaisselle-re-uz-deckel","12":"pa_vaisselle-re-uz-takeaway-geschirr-deckeln","14":"first","15":"instock","16":"shipping-taxable","17":"purchasable","18":"product-type-simple"},"acf":{"breadcrumb_title":"Ramequin-Deckel","custom_product_title":"Ramequin-Deckel | Pure Ramequin-Deckel"},"yoast_head":"<!-- This site is optimized with the Yoast SEO plugin v25.2 - https:\/\/yoast.com\/wordpress\/plugins\/seo\/ -->\n<title>Deckel f\u00fcr wiederverwendbare Kunststoff-Ramequin | Re-uz<\/title>\n<meta name=\"description\" content=\"Kombinieren Sie diesen Deckel mit dem wiederverwendbaren Kunststoff-Ramequin f\u00fcr ein umweltbewusstes Mitnahmeservice. Zuverl\u00e4ssig, abwaschbar und langlebig.\" \/>\n<meta name=\"robots\" content=\"index, follow, max-snippet:-1, max-image-preview:large, max-video-preview:-1\" \/>\n<link rel=\"canonical\" href=\"https:\/\/re-uz.com\/de\/produkt\/deckel-rahmen\/\" \/>\n<meta property=\"og:locale\" content=\"de_DE\" \/>\n<meta property=\"og:type\" content=\"article\" \/>\n<meta property=\"og:title\" content=\"Deckel f\u00fcr wiederverwendbare Kunststoff-Ramequin | Re-uz\" \/>\n<meta property=\"og:description\" content=\"Kombinieren Sie diesen Deckel mit dem wiederverwendbaren Kunststoff-Ramequin f\u00fcr ein umweltbewusstes Mitnahmeservice. Zuverl\u00e4ssig, abwaschbar und langlebig.\" \/>\n<meta property=\"og:url\" content=\"https:\/\/re-uz.com\/de\/produkt\/deckel-rahmen\/\" \/>\n<meta property=\"og:site_name\" content=\"Re-uz\" \/>\n<meta property=\"article:publisher\" content=\"https:\/\/www.facebook.com\/reuzofficial\" \/>\n<meta property=\"og:image\" content=\"https:\/\/re-uz.com\/wp-content\/uploads\/2025\/03\/pure-couvercle-ramequin-1024x1024.png\" \/>\n\t<meta property=\"og:image:width\" content=\"1024\" \/>\n\t<meta property=\"og:image:height\" content=\"1024\" \/>\n\t<meta property=\"og:image:type\" content=\"image\/png\" \/>\n<meta name=\"twitter:card\" content=\"summary_large_image\" \/>\n<script type=\"application\/ld+json\" class=\"yoast-schema-graph\">{\"@context\":\"https:\/\/schema.org\",\"@graph\":[{\"@type\":\"WebPage\",\"@id\":\"https:\/\/re-uz.com\/de\/produkt\/deckel-rahmen\/\",\"url\":\"https:\/\/re-uz.com\/de\/produkt\/deckel-rahmen\/\",\"name\":\"Deckel f\u00fcr wiederverwendbare Kunststoff-Ramequin | Re-uz\",\"isPartOf\":{\"@id\":\"https:\/\/re-uz.com\/de\/#website\"},\"primaryImageOfPage\":{\"@id\":\"https:\/\/re-uz.com\/de\/produkt\/deckel-rahmen\/#primaryimage\"},\"image\":{\"@id\":\"https:\/\/re-uz.com\/de\/produkt\/deckel-rahmen\/#primaryimage\"},\"thumbnailUrl\":\"https:\/\/re-uz.com\/wp-content\/uploads\/2025\/03\/pure-couvercle-ramequin.png\",\"datePublished\":\"2025-03-10T10:37:47+00:00\",\"description\":\"Kombinieren Sie diesen Deckel mit dem wiederverwendbaren Kunststoff-Ramequin f\u00fcr ein umweltbewusstes Mitnahmeservice. Zuverl\u00e4ssig, abwaschbar und langlebig.\",\"breadcrumb\":{\"@id\":\"https:\/\/re-uz.com\/de\/produkt\/deckel-rahmen\/#breadcrumb\"},\"inLanguage\":\"de-DE\",\"potentialAction\":[{\"@type\":\"ReadAction\",\"target\":[\"https:\/\/re-uz.com\/de\/produkt\/deckel-rahmen\/\"]}]},{\"@type\":\"ImageObject\",\"inLanguage\":\"de-DE\",\"@id\":\"https:\/\/re-uz.com\/de\/produkt\/deckel-rahmen\/#primaryimage\",\"url\":\"https:\/\/re-uz.com\/wp-content\/uploads\/2025\/03\/pure-couvercle-ramequin.png\",\"contentUrl\":\"https:\/\/re-uz.com\/wp-content\/uploads\/2025\/03\/pure-couvercle-ramequin.png\",\"width\":3840,\"height\":3840,\"caption\":\"Deckel f\u00fcr Auflaufform aus der Serie Pure by Re-uz\"},{\"@type\":\"BreadcrumbList\",\"@id\":\"https:\/\/re-uz.com\/de\/produkt\/deckel-rahmen\/#breadcrumb\",\"itemListElement\":[{\"@type\":\"ListItem\",\"position\":1,\"name\":\"Accueil\",\"item\":\"https:\/\/re-uz.com\/de\/\"},{\"@type\":\"ListItem\",\"position\":2,\"name\":\"Wiederverwendbare Lebensmittelbeh\u00e4lter &amp; umweltfreundliche Re-uz \u00ae-L\u00f6sungen\",\"item\":\"https:\/\/re-uz.com\/de\/wiederverwendbare-behalter-verantwortungsvolle-losungen\/\"},{\"@type\":\"ListItem\",\"position\":3,\"name\":\"Deckel f\u00fcr wiederverwendbare Ramequin | PURE Deckel Ramequin\"}]},{\"@type\":\"WebSite\",\"@id\":\"https:\/\/re-uz.com\/de\/#website\",\"url\":\"https:\/\/re-uz.com\/de\/\",\"name\":\"Re-uz\",\"description\":\"Rejoignez le mouvement z\u00e9ro-d\u00e9chet\",\"publisher\":{\"@id\":\"https:\/\/re-uz.com\/de\/#organization\"},\"alternateName\":\"Re-uz\",\"potentialAction\":[{\"@type\":\"SearchAction\",\"target\":{\"@type\":\"EntryPoint\",\"urlTemplate\":\"https:\/\/re-uz.com\/de\/?s={search_term_string}\"},\"query-input\":{\"@type\":\"PropertyValueSpecification\",\"valueRequired\":true,\"valueName\":\"search_term_string\"}}],\"inLanguage\":\"de-DE\"},{\"@type\":\"Organization\",\"@id\":\"https:\/\/re-uz.com\/de\/#organization\",\"name\":\"Re-uz\",\"url\":\"https:\/\/re-uz.com\/de\/\",\"logo\":{\"@type\":\"ImageObject\",\"inLanguage\":\"de-DE\",\"@id\":\"https:\/\/re-uz.com\/de\/#\/schema\/logo\/image\/\",\"url\":\"https:\/\/re-uz.com\/wp-content\/uploads\/2023\/10\/logo-header.svg\",\"contentUrl\":\"https:\/\/re-uz.com\/wp-content\/uploads\/2023\/10\/logo-header.svg\",\"width\":122,\"height\":50,\"caption\":\"Re-uz\"},\"image\":{\"@id\":\"https:\/\/re-uz.com\/de\/#\/schema\/logo\/image\/\"},\"sameAs\":[\"https:\/\/www.facebook.com\/reuzofficial\"]}]}<\/script>\n<!-- \/ Yoast SEO plugin. -->","yoast_head_json":{"title":"Deckel f\u00fcr wiederverwendbare Kunststoff-Ramequin | Re-uz","description":"Kombinieren Sie diesen Deckel mit dem wiederverwendbaren Kunststoff-Ramequin f\u00fcr ein umweltbewusstes Mitnahmeservice. Zuverl\u00e4ssig, abwaschbar und langlebig.","robots":{"index":"index","follow":"follow","max-snippet":"max-snippet:-1","max-image-preview":"max-image-preview:large","max-video-preview":"max-video-preview:-1"},"canonical":"https:\/\/re-uz.com\/de\/produkt\/deckel-rahmen\/","og_locale":"de_DE","og_type":"article","og_title":"Deckel f\u00fcr wiederverwendbare Kunststoff-Ramequin | Re-uz","og_description":"Kombinieren Sie diesen Deckel mit dem wiederverwendbaren Kunststoff-Ramequin f\u00fcr ein umweltbewusstes Mitnahmeservice. Zuverl\u00e4ssig, abwaschbar und langlebig.","og_url":"https:\/\/re-uz.com\/de\/produkt\/deckel-rahmen\/","og_site_name":"Re-uz","article_publisher":"https:\/\/www.facebook.com\/reuzofficial","og_image":[{"width":1024,"height":1024,"url":"https:\/\/re-uz.com\/wp-content\/uploads\/2025\/03\/pure-couvercle-ramequin-1024x1024.png","type":"image\/png"}],"twitter_card":"summary_large_image","schema":{"@context":"https:\/\/schema.org","@graph":[{"@type":"WebPage","@id":"https:\/\/re-uz.com\/de\/produkt\/deckel-rahmen\/","url":"https:\/\/re-uz.com\/de\/produkt\/deckel-rahmen\/","name":"Deckel f\u00fcr wiederverwendbare Kunststoff-Ramequin | Re-uz","isPartOf":{"@id":"https:\/\/re-uz.com\/de\/#website"},"primaryImageOfPage":{"@id":"https:\/\/re-uz.com\/de\/produkt\/deckel-rahmen\/#primaryimage"},"image":{"@id":"https:\/\/re-uz.com\/de\/produkt\/deckel-rahmen\/#primaryimage"},"thumbnailUrl":"https:\/\/re-uz.com\/wp-content\/uploads\/2025\/03\/pure-couvercle-ramequin.png","datePublished":"2025-03-10T10:37:47+00:00","description":"Kombinieren Sie diesen Deckel mit dem wiederverwendbaren Kunststoff-Ramequin f\u00fcr ein umweltbewusstes Mitnahmeservice. Zuverl\u00e4ssig, abwaschbar und langlebig.","breadcrumb":{"@id":"https:\/\/re-uz.com\/de\/produkt\/deckel-rahmen\/#breadcrumb"},"inLanguage":"de-DE","potentialAction":[{"@type":"ReadAction","target":["https:\/\/re-uz.com\/de\/produkt\/deckel-rahmen\/"]}]},{"@type":"ImageObject","inLanguage":"de-DE","@id":"https:\/\/re-uz.com\/de\/produkt\/deckel-rahmen\/#primaryimage","url":"https:\/\/re-uz.com\/wp-content\/uploads\/2025\/03\/pure-couvercle-ramequin.png","contentUrl":"https:\/\/re-uz.com\/wp-content\/uploads\/2025\/03\/pure-couvercle-ramequin.png","width":3840,"height":3840,"caption":"Deckel f\u00fcr Auflaufform aus der Serie Pure by Re-uz"},{"@type":"BreadcrumbList","@id":"https:\/\/re-uz.com\/de\/produkt\/deckel-rahmen\/#breadcrumb","itemListElement":[{"@type":"ListItem","position":1,"name":"Accueil","item":"https:\/\/re-uz.com\/de\/"},{"@type":"ListItem","position":2,"name":"Wiederverwendbare Lebensmittelbeh\u00e4lter &amp; umweltfreundliche Re-uz \u00ae-L\u00f6sungen","item":"https:\/\/re-uz.com\/de\/wiederverwendbare-behalter-verantwortungsvolle-losungen\/"},{"@type":"ListItem","position":3,"name":"Deckel f\u00fcr wiederverwendbare Ramequin | PURE Deckel Ramequin"}]},{"@type":"WebSite","@id":"https:\/\/re-uz.com\/de\/#website","url":"https:\/\/re-uz.com\/de\/","name":"Re-uz","description":"Rejoignez le mouvement z\u00e9ro-d\u00e9chet","publisher":{"@id":"https:\/\/re-uz.com\/de\/#organization"},"alternateName":"Re-uz","potentialAction":[{"@type":"SearchAction","target":{"@type":"EntryPoint","urlTemplate":"https:\/\/re-uz.com\/de\/?s={search_term_string}"},"query-input":{"@type":"PropertyValueSpecification","valueRequired":true,"valueName":"search_term_string"}}],"inLanguage":"de-DE"},{"@type":"Organization","@id":"https:\/\/re-uz.com\/de\/#organization","name":"Re-uz","url":"https:\/\/re-uz.com\/de\/","logo":{"@type":"ImageObject","inLanguage":"de-DE","@id":"https:\/\/re-uz.com\/de\/#\/schema\/logo\/image\/","url":"https:\/\/re-uz.com\/wp-content\/uploads\/2023\/10\/logo-header.svg","contentUrl":"https:\/\/re-uz.com\/wp-content\/uploads\/2023\/10\/logo-header.svg","width":122,"height":50,"caption":"Re-uz"},"image":{"@id":"https:\/\/re-uz.com\/de\/#\/schema\/logo\/image\/"},"sameAs":["https:\/\/www.facebook.com\/reuzofficial"]}]}},"_links":{"self":[{"href":"https:\/\/re-uz.com\/de\/wp-json\/wp\/v2\/product\/64308","targetHints":{"allow":["GET"]}}],"collection":[{"href":"https:\/\/re-uz.com\/de\/wp-json\/wp\/v2\/product"}],"about":[{"href":"https:\/\/re-uz.com\/de\/wp-json\/wp\/v2\/types\/product"}],"replies":[{"embeddable":true,"href":"https:\/\/re-uz.com\/de\/wp-json\/wp\/v2\/comments?post=64308"}],"wp:featuredmedia":[{"embeddable":true,"href":"https:\/\/re-uz.com\/de\/wp-json\/wp\/v2\/media\/57991"}],"wp:attachment":[{"href":"https:\/\/re-uz.com\/de\/wp-json\/wp\/v2\/media?parent=64308"}],"wp:term":[{"taxonomy":"product_brand","embeddable":true,"href":"https:\/\/re-uz.com\/de\/wp-json\/wp\/v2\/product_brand?post=64308"},{"taxonomy":"product_cat","embeddable":true,"href":"https:\/\/re-uz.com\/de\/wp-json\/wp\/v2\/product_cat?post=64308"},{"taxonomy":"product_tag","embeddable":true,"href":"https:\/\/re-uz.com\/de\/wp-json\/wp\/v2\/product_tag?post=64308"}],"curies":[{"name":"wp","href":"https:\/\/api.w.org\/{rel}","templated":true}]}}